{"id":7901,"date":"2026-04-28T17:35:10","date_gmt":"2026-04-28T15:35:10","guid":{"rendered":"https:\/\/sukipetfood.com\/?post_type=product&#038;p=7901"},"modified":"2026-04-29T11:37:54","modified_gmt":"2026-04-29T09:37:54","slug":"aliment-complet-3-kg-copia-copia","status":"publish","type":"product","link":"https:\/\/sukipetfood.com\/fr\/producto\/aliment-complet-3-kg-copia-copia","title":{"rendered":"Aliment complet 3kg Caille et Saumon"},"content":{"rendered":"\t\t<div data-elementor-type=\"wp-post\" data-elementor-id=\"7901\" class=\"elementor elementor-7901 elementor-7899\" data-elementor-settings=\"{&quot;element_pack_global_tooltip_width&quot;:{&quot;unit&quot;:&quot;px&quot;,&quot;size&quot;:&quot;&quot;,&quot;sizes&quot;:[]},&quot;element_pack_global_tooltip_width_tablet&quot;:{&quot;unit&quot;:&quot;px&quot;,&quot;size&quot;:&quot;&quot;,&quot;sizes&quot;:[]},&quot;element_pack_global_tooltip_width_mobile&quot;:{&quot;unit&quot;:&quot;px&quot;,&quot;size&quot;:&quot;&quot;,&quot;sizes&quot;:[]},&quot;element_pack_global_tooltip_padding&quot;:{&quot;unit&quot;:&quot;px&quot;,&quot;top&quot;:&quot;&quot;,&quot;right&quot;:&quot;&quot;,&quot;bottom&quot;:&quot;&quot;,&quot;left&quot;:&quot;&quot;,&quot;isLinked&quot;:true},&quot;element_pack_global_tooltip_padding_tablet&quot;:{&quot;unit&quot;:&quot;px&quot;,&quot;top&quot;:&quot;&quot;,&quot;right&quot;:&quot;&quot;,&quot;bottom&quot;:&quot;&quot;,&quot;left&quot;:&quot;&quot;,&quot;isLinked&quot;:true},&quot;element_pack_global_tooltip_padding_mobile&quot;:{&quot;unit&quot;:&quot;px&quot;,&quot;top&quot;:&quot;&quot;,&quot;right&quot;:&quot;&quot;,&quot;bottom&quot;:&quot;&quot;,&quot;left&quot;:&quot;&quot;,&quot;isLinked&quot;:true},&quot;element_pack_global_tooltip_border_radius&quot;:{&quot;unit&quot;:&quot;px&quot;,&quot;top&quot;:&quot;&quot;,&quot;right&quot;:&quot;&quot;,&quot;bottom&quot;:&quot;&quot;,&quot;left&quot;:&quot;&quot;,&quot;isLinked&quot;:true},&quot;element_pack_global_tooltip_border_radius_tablet&quot;:{&quot;unit&quot;:&quot;px&quot;,&quot;top&quot;:&quot;&quot;,&quot;right&quot;:&quot;&quot;,&quot;bottom&quot;:&quot;&quot;,&quot;left&quot;:&quot;&quot;,&quot;isLinked&quot;:true},&quot;element_pack_global_tooltip_border_radius_mobile&quot;:{&quot;unit&quot;:&quot;px&quot;,&quot;top&quot;:&quot;&quot;,&quot;right&quot;:&quot;&quot;,&quot;bottom&quot;:&quot;&quot;,&quot;left&quot;:&quot;&quot;,&quot;isLinked&quot;:true}}\" data-elementor-post-type=\"product\">\n\t\t\t\t<div class=\"elementor-element elementor-element-38fd81e9 e-flex e-con-boxed e-con e-parent\" data-id=\"38fd81e9\" data-element_type=\"container\" data-e-type=\"container\">\n\t\t\t\t\t<div class=\"e-con-inner\">\n\t\t\t\t<div class=\"elementor-element elementor-element-2aeabb04 elementor-widget elementor-widget-text-editor\" data-id=\"2aeabb04\" data-element_type=\"widget\" data-e-type=\"widget\" data-widget_type=\"text-editor.default\">\n\t\t\t\t<div class=\"elementor-widget-container\">\n\t\t\t\t\t\t\t\t\t<div class=\"info-adicional-ficha\">\n<section class=\"proceso-fabricacion\">\n<h4>PROCESO DE FABRICACIO\u0301N<\/h4>\n<p>En el proceso de fabricacio\u0301n se obtenien productos de excelente palatabilidad.<br>El alimento ha sido cuidado y mimado en su proceso de fabricacio\u0301n para garantizar la calidad final del producto, ya que utiliza una tecnologi\u0301a de fabricacio\u0301n de u\u0301ltima generacio\u0301n que permite obtener un elevado grado de seguridad e inocuidad alimentaria. Este proceso garantiza que el producto tenga un alto valor nutricional y con ello sea ma\u0301s saludable para la mascota.<\/p>\n<\/section>\n<section class=\"proceso-fabricacion\">\n<h4>INGREDIENTES<\/h4>\n<p>Carne y pescado frescos (40% codorniz fresca, 25% pato fresco, 10% pez salvaje), almid\u00f3n hidrolizado, patata, calabac\u00edn, calabaza, pera, huevo de codorniz, tocoferoles* de origen vegetal, extracto de romero y aceites esenciales de or\u00e9gano, tomillo, clavo, romero y canela de Ceil\u00e1n.<br><b>* La vitamina E (tambi\u00e9n conocida como tocoferol o alfa-tocoferol) es un nutriente que se encuentra en cada c\u00e9lula de su cuerpo. Ayuda a que los nervios y m\u00fasculos trabajen bien, previene co\u00e1gulos sangu\u00edneos y refuerza su sistema inmunitario, para que pueda combatir infecciones por g\u00e9rmenes.<\/b><\/p>\n<\/section>\n<section class=\"performance-facts\">\n<header class=\"performance-facts__header\">\n<h4 class=\"performance-facts__title\">COMPOSICI\u00d3N NUTRICIONAL<\/h4>\n<\/header>\n<table class=\"performance-facts__table\">\n<thead>\n<tr>\n<th class=\"small-info\" colspan=\"3\">Por cada 100g de producto<\/th>\n<\/tr>\n<\/thead>\n<tbody>\n<tr class=\"thick-row\">\n<th colspan=\"2\"><b>Humedad<\/b><\/th>\n<td>18,5%<\/td>\n<\/tr>\n<tr class=\"thick-row\">\n<th colspan=\"2\"><b>Prote\u00edna Bruta<\/b><\/th>\n<td>27,3%<\/td>\n<\/tr>\n<tr class=\"thick-row\">\n<th colspan=\"2\"><b>Grasas Brutas<\/b><\/th>\n<td>18,3%<\/td>\n<\/tr>\n<tr class=\"thick-row\">\n<th colspan=\"2\"><b>Fibra Bruta<\/b><\/th>\n<td>1,8%<\/td>\n<\/tr>\n<tr class=\"thick-row\">\n<th colspan=\"2\"><b>Ceniza Bruta<\/b><\/th>\n<td>6,6%<\/td>\n<\/tr>\n<\/tbody>\n<\/table>\n<p class=\"small-info\">* No requiere cantidad diaria recomendada, ya que no es un alimento completo.<\/p>\n<\/section>\n<section class=\"indicaciones-adicionales\">\n<h4>RECOMENDACIONES DE CONSUMO<\/h4>\n<p>\u2022 Edad recomendada: Perros adultos y seniors.<br>\u2022 Tama\u00f1o del animal: Todos.<br>\u2022 Cantidad diaria recomendada: consultar tabla de raci\u00f3n diaria incluida en el envase.<\/p>\n<\/section>\n<section class=\"indicaciones-adicionales\">\n<h4>INDICACIONES ADICIONALES<\/h4>\n<p>\u2022 Conservar en lugar fresco y seco, protegido de la luz.<br>\u2022 Garantizar acceso a agua fresca y limpia.<br>\u2022 Consumir preferentemente antes de 18 meses desde la fecha de producci\u00f3n.<\/p>\n<\/section>\n<\/div>\t\t\t\t\t\t\t\t<\/div>\n\t\t\t\t<\/div>\n\t\t\t\t\t<\/div>\n\t\t\t\t<\/div>\n\t\t\t\t<\/div>\n\t\t","protected":false},"excerpt":{"rendered":"<p>Nourriture semi-humide pour chiens, faite avec de la viande de caille fra\u00eeche comme base prot\u00e9ique, provenant de nos fermes familiales. Sans farines de viande, sans ar\u00f4mes ni saveurs artificiels. Avec des ingr\u00e9dients naturels cuits \u00e0 l&rsquo;aide de notre technologie exclusive Tenderize, qui garantit une nutrition intacte et une saveur pure \u00e0 chaque bouch\u00e9e.<\/p>\n<h2>Caract\u00e9ristiques principales<\/h2>\n<ul>\n<li aria-level=\"1\"><b>Esp\u00e8ce\u00a0:<\/b> chien.<\/li>\n<li aria-level=\"1\"><b>Cat\u00e9gorie\u00a0:<\/b> aliment complet.<\/li>\n<li aria-level=\"1\"><b>Format\u00a0:<\/b> sac de 3\u00a0kg.<\/li>\n<li aria-level=\"1\"><b>Emballage\u00a0:<\/b>sachet plastique sous vide.<\/li>\n<\/ul>\n<div class=\"product-icons\"><img decoding=\"async\" src=\"https:\/\/sukipetfood.com\/wp-content\/uploads\/2025\/03\/for-dog.png\" \/><br \/>\n<img decoding=\"async\" src=\"https:\/\/sukipetfood.com\/wp-content\/uploads\/2025\/03\/local-suppliers.png\" \/><br \/>\n<img decoding=\"async\" src=\"https:\/\/sukipetfood.com\/wp-content\/uploads\/2025\/04\/no-artificial-flavours-1-1.png\" \/><br \/>\n<img decoding=\"async\" src=\"https:\/\/sukipetfood.com\/wp-content\/uploads\/2025\/04\/grain-free-ok.png\" \/><br \/>\n<img decoding=\"async\" src=\"https:\/\/sukipetfood.com\/wp-content\/uploads\/2025\/04\/gmo-free.png\" \/><\/div>\n","protected":false},"featured_media":7916,"comment_status":"open","ping_status":"closed","template":"","meta":[],"product_brand":[],"product_cat":[100,99,107],"product_tag":[],"class_list":{"0":"post-7901","1":"product","2":"type-product","3":"status-publish","4":"has-post-thumbnail","6":"product_cat-alimento-completo-perro-fr","7":"product_cat-perro-fr","8":"product_cat-semi-humedo-perro-fr","10":"first","11":"instock","12":"shipping-taxable","13":"product-type-simple"},"yoast_head":"<!-- This site is optimized with the Yoast SEO plugin v26.4 - https:\/\/yoast.com\/wordpress\/plugins\/seo\/ -->\n<title>Aliment complet 3kg Caille et Saumon | Suki Pet Food<\/title>\n<meta name=\"description\" content=\"Entra ahora para saber todo sobre Aliment complet 3kg Caille et Saumon . Descubre todas las caracter\u00edsticas del producto y pide toda la informaci\u00f3n necesaria. \u00a1Entra!\" \/>\n<meta name=\"robots\" content=\"index, follow, max-snippet:-1, max-image-preview:large, max-video-preview:-1\" \/>\n<link rel=\"canonical\" href=\"https:\/\/sukipetfood.com\/fr\/producto\/aliment-complet-3-kg-copia-copia\" \/>\n<meta property=\"og:locale\" content=\"fr_FR\" \/>\n<meta property=\"og:type\" content=\"article\" \/>\n<meta property=\"og:title\" content=\"Aliment complet 3kg Caille et Saumon | Suki Pet Food\" \/>\n<meta property=\"og:description\" content=\"Entra ahora para saber todo sobre Aliment complet 3kg Caille et Saumon . Descubre todas las caracter\u00edsticas del producto y pide toda la informaci\u00f3n necesaria. \u00a1Entra!\" \/>\n<meta property=\"og:url\" content=\"https:\/\/sukipetfood.com\/fr\/producto\/aliment-complet-3-kg-copia-copia\" \/>\n<meta property=\"og:site_name\" content=\"SUKI\" \/>\n<meta property=\"article:publisher\" content=\"https:\/\/www.facebook.com\/people\/Suki-Pet-Foods\/61575507998720\/\" \/>\n<meta property=\"article:modified_time\" content=\"2026-04-29T09:37:54+00:00\" \/>\n<meta property=\"og:image\" content=\"https:\/\/sukipetfood.com\/wp-content\/uploads\/2026\/04\/Suki-alimento-completo-para-perro-saco-3kg-codorniz-y-salmon-scaled.jpg\" \/>\n\t<meta property=\"og:image:width\" content=\"2560\" \/>\n\t<meta property=\"og:image:height\" content=\"1920\" \/>\n\t<meta property=\"og:image:type\" content=\"image\/jpeg\" \/>\n<meta name=\"twitter:card\" content=\"summary_large_image\" \/>\n<meta name=\"twitter:label1\" content=\"Dur\u00e9e de lecture estim\u00e9e\" \/>\n\t<meta name=\"twitter:data1\" content=\"2 minutes\" \/>\n<script type=\"application\/ld+json\" class=\"yoast-schema-graph\">{\"@context\":\"https:\/\/schema.org\",\"@graph\":[{\"@type\":\"WebPage\",\"@id\":\"https:\/\/sukipetfood.com\/fr\/producto\/aliment-complet-3-kg-copia-copia\",\"url\":\"https:\/\/sukipetfood.com\/fr\/producto\/aliment-complet-3-kg-copia-copia\",\"name\":\"Aliment complet 3kg Caille et Saumon | Suki Pet Food\",\"isPartOf\":{\"@id\":\"https:\/\/sukipetfood.com\/#website\"},\"primaryImageOfPage\":{\"@id\":\"https:\/\/sukipetfood.com\/fr\/producto\/aliment-complet-3-kg-copia-copia#primaryimage\"},\"image\":{\"@id\":\"https:\/\/sukipetfood.com\/fr\/producto\/aliment-complet-3-kg-copia-copia#primaryimage\"},\"thumbnailUrl\":\"https:\/\/sukipetfood.com\/wp-content\/uploads\/2026\/04\/Suki-alimento-completo-para-perro-saco-3kg-codorniz-y-salmon-scaled.jpg\",\"datePublished\":\"2026-04-28T15:35:10+00:00\",\"dateModified\":\"2026-04-29T09:37:54+00:00\",\"description\":\"Entra ahora para saber todo sobre Aliment complet 3kg Caille et Saumon . Descubre todas las caracter\u00edsticas del producto y pide toda la informaci\u00f3n necesaria. \u00a1Entra!\",\"breadcrumb\":{\"@id\":\"https:\/\/sukipetfood.com\/fr\/producto\/aliment-complet-3-kg-copia-copia#breadcrumb\"},\"inLanguage\":\"fr-FR\",\"potentialAction\":[{\"@type\":\"ReadAction\",\"target\":[\"https:\/\/sukipetfood.com\/fr\/producto\/aliment-complet-3-kg-copia-copia\"]}]},{\"@type\":\"ImageObject\",\"inLanguage\":\"fr-FR\",\"@id\":\"https:\/\/sukipetfood.com\/fr\/producto\/aliment-complet-3-kg-copia-copia#primaryimage\",\"url\":\"https:\/\/sukipetfood.com\/wp-content\/uploads\/2026\/04\/Suki-alimento-completo-para-perro-saco-3kg-codorniz-y-salmon-scaled.jpg\",\"contentUrl\":\"https:\/\/sukipetfood.com\/wp-content\/uploads\/2026\/04\/Suki-alimento-completo-para-perro-saco-3kg-codorniz-y-salmon-scaled.jpg\",\"width\":2560,\"height\":1920},{\"@type\":\"BreadcrumbList\",\"@id\":\"https:\/\/sukipetfood.com\/fr\/producto\/aliment-complet-3-kg-copia-copia#breadcrumb\",\"itemListElement\":[{\"@type\":\"ListItem\",\"position\":1,\"name\":\"Portada\",\"item\":\"https:\/\/sukipetfood.com\/\"},{\"@type\":\"ListItem\",\"position\":2,\"name\":\"Chien\",\"item\":\"https:\/\/sukipetfood.com\/fr\/perro-fr\"},{\"@type\":\"ListItem\",\"position\":3,\"name\":\"Alimento completo\",\"item\":\"https:\/\/sukipetfood.com\/perro\/alimento-completo-perro\"},{\"@type\":\"ListItem\",\"position\":4,\"name\":\"Semih\u00famedo\",\"item\":\"https:\/\/sukipetfood.com\/perro\/alimento-completo-perro\/semihumedo-perro\"},{\"@type\":\"ListItem\",\"position\":5,\"name\":\"Aliment complet 3kg Caille et Saumon\"}]},{\"@type\":\"WebSite\",\"@id\":\"https:\/\/sukipetfood.com\/#website\",\"url\":\"https:\/\/sukipetfood.com\/\",\"name\":\"SUKI Pet Food - Comida Natural de granja para perros y gatos\",\"description\":\"Momentos que unen\",\"publisher\":{\"@id\":\"https:\/\/sukipetfood.com\/#organization\"},\"potentialAction\":[{\"@type\":\"SearchAction\",\"target\":{\"@type\":\"EntryPoint\",\"urlTemplate\":\"https:\/\/sukipetfood.com\/?s={search_term_string}\"},\"query-input\":{\"@type\":\"PropertyValueSpecification\",\"valueRequired\":true,\"valueName\":\"search_term_string\"}}],\"inLanguage\":\"fr-FR\"},{\"@type\":\"Organization\",\"@id\":\"https:\/\/sukipetfood.com\/#organization\",\"name\":\"URGEL GANADERA SA\",\"url\":\"https:\/\/sukipetfood.com\/\",\"logo\":{\"@type\":\"ImageObject\",\"inLanguage\":\"fr-FR\",\"@id\":\"https:\/\/sukipetfood.com\/#\/schema\/logo\/image\/\",\"url\":\"https:\/\/sukipetfood.com\/wp-content\/uploads\/2025\/04\/logo-suki-en.png\",\"contentUrl\":\"https:\/\/sukipetfood.com\/wp-content\/uploads\/2025\/04\/logo-suki-en.png\",\"width\":1824,\"height\":844,\"caption\":\"URGEL GANADERA SA\"},\"image\":{\"@id\":\"https:\/\/sukipetfood.com\/#\/schema\/logo\/image\/\"},\"sameAs\":[\"https:\/\/www.facebook.com\/people\/Suki-Pet-Foods\/61575507998720\/\"]}]}<\/script>\n<!-- \/ Yoast SEO plugin. -->","yoast_head_json":{"title":"Aliment complet 3kg Caille et Saumon | Suki Pet Food","description":"Entra ahora para saber todo sobre Aliment complet 3kg Caille et Saumon . Descubre todas las caracter\u00edsticas del producto y pide toda la informaci\u00f3n necesaria. \u00a1Entra!","robots":{"index":"index","follow":"follow","max-snippet":"max-snippet:-1","max-image-preview":"max-image-preview:large","max-video-preview":"max-video-preview:-1"},"canonical":"https:\/\/sukipetfood.com\/fr\/producto\/aliment-complet-3-kg-copia-copia","og_locale":"fr_FR","og_type":"article","og_title":"Aliment complet 3kg Caille et Saumon | Suki Pet Food","og_description":"Entra ahora para saber todo sobre Aliment complet 3kg Caille et Saumon . Descubre todas las caracter\u00edsticas del producto y pide toda la informaci\u00f3n necesaria. \u00a1Entra!","og_url":"https:\/\/sukipetfood.com\/fr\/producto\/aliment-complet-3-kg-copia-copia","og_site_name":"SUKI","article_publisher":"https:\/\/www.facebook.com\/people\/Suki-Pet-Foods\/61575507998720\/","article_modified_time":"2026-04-29T09:37:54+00:00","og_image":[{"width":2560,"height":1920,"url":"https:\/\/sukipetfood.com\/wp-content\/uploads\/2026\/04\/Suki-alimento-completo-para-perro-saco-3kg-codorniz-y-salmon-scaled.jpg","type":"image\/jpeg"}],"twitter_card":"summary_large_image","twitter_misc":{"Dur\u00e9e de lecture estim\u00e9e":"2 minutes"},"schema":{"@context":"https:\/\/schema.org","@graph":[{"@type":"WebPage","@id":"https:\/\/sukipetfood.com\/fr\/producto\/aliment-complet-3-kg-copia-copia","url":"https:\/\/sukipetfood.com\/fr\/producto\/aliment-complet-3-kg-copia-copia","name":"Aliment complet 3kg Caille et Saumon | Suki Pet Food","isPartOf":{"@id":"https:\/\/sukipetfood.com\/#website"},"primaryImageOfPage":{"@id":"https:\/\/sukipetfood.com\/fr\/producto\/aliment-complet-3-kg-copia-copia#primaryimage"},"image":{"@id":"https:\/\/sukipetfood.com\/fr\/producto\/aliment-complet-3-kg-copia-copia#primaryimage"},"thumbnailUrl":"https:\/\/sukipetfood.com\/wp-content\/uploads\/2026\/04\/Suki-alimento-completo-para-perro-saco-3kg-codorniz-y-salmon-scaled.jpg","datePublished":"2026-04-28T15:35:10+00:00","dateModified":"2026-04-29T09:37:54+00:00","description":"Entra ahora para saber todo sobre Aliment complet 3kg Caille et Saumon . Descubre todas las caracter\u00edsticas del producto y pide toda la informaci\u00f3n necesaria. \u00a1Entra!","breadcrumb":{"@id":"https:\/\/sukipetfood.com\/fr\/producto\/aliment-complet-3-kg-copia-copia#breadcrumb"},"inLanguage":"fr-FR","potentialAction":[{"@type":"ReadAction","target":["https:\/\/sukipetfood.com\/fr\/producto\/aliment-complet-3-kg-copia-copia"]}]},{"@type":"ImageObject","inLanguage":"fr-FR","@id":"https:\/\/sukipetfood.com\/fr\/producto\/aliment-complet-3-kg-copia-copia#primaryimage","url":"https:\/\/sukipetfood.com\/wp-content\/uploads\/2026\/04\/Suki-alimento-completo-para-perro-saco-3kg-codorniz-y-salmon-scaled.jpg","contentUrl":"https:\/\/sukipetfood.com\/wp-content\/uploads\/2026\/04\/Suki-alimento-completo-para-perro-saco-3kg-codorniz-y-salmon-scaled.jpg","width":2560,"height":1920},{"@type":"BreadcrumbList","@id":"https:\/\/sukipetfood.com\/fr\/producto\/aliment-complet-3-kg-copia-copia#breadcrumb","itemListElement":[{"@type":"ListItem","position":1,"name":"Portada","item":"https:\/\/sukipetfood.com\/"},{"@type":"ListItem","position":2,"name":"Chien","item":"https:\/\/sukipetfood.com\/fr\/perro-fr"},{"@type":"ListItem","position":3,"name":"Alimento completo","item":"https:\/\/sukipetfood.com\/perro\/alimento-completo-perro"},{"@type":"ListItem","position":4,"name":"Semih\u00famedo","item":"https:\/\/sukipetfood.com\/perro\/alimento-completo-perro\/semihumedo-perro"},{"@type":"ListItem","position":5,"name":"Aliment complet 3kg Caille et Saumon"}]},{"@type":"WebSite","@id":"https:\/\/sukipetfood.com\/#website","url":"https:\/\/sukipetfood.com\/","name":"SUKI Pet Food - Comida Natural de granja para perros y gatos","description":"Momentos que unen","publisher":{"@id":"https:\/\/sukipetfood.com\/#organization"},"potentialAction":[{"@type":"SearchAction","target":{"@type":"EntryPoint","urlTemplate":"https:\/\/sukipetfood.com\/?s={search_term_string}"},"query-input":{"@type":"PropertyValueSpecification","valueRequired":true,"valueName":"search_term_string"}}],"inLanguage":"fr-FR"},{"@type":"Organization","@id":"https:\/\/sukipetfood.com\/#organization","name":"URGEL GANADERA SA","url":"https:\/\/sukipetfood.com\/","logo":{"@type":"ImageObject","inLanguage":"fr-FR","@id":"https:\/\/sukipetfood.com\/#\/schema\/logo\/image\/","url":"https:\/\/sukipetfood.com\/wp-content\/uploads\/2025\/04\/logo-suki-en.png","contentUrl":"https:\/\/sukipetfood.com\/wp-content\/uploads\/2025\/04\/logo-suki-en.png","width":1824,"height":844,"caption":"URGEL GANADERA SA"},"image":{"@id":"https:\/\/sukipetfood.com\/#\/schema\/logo\/image\/"},"sameAs":["https:\/\/www.facebook.com\/people\/Suki-Pet-Foods\/61575507998720\/"]}]}},"_links":{"self":[{"href":"https:\/\/sukipetfood.com\/fr\/wp-json\/wp\/v2\/product\/7901","targetHints":{"allow":["GET"]}}],"collection":[{"href":"https:\/\/sukipetfood.com\/fr\/wp-json\/wp\/v2\/product"}],"about":[{"href":"https:\/\/sukipetfood.com\/fr\/wp-json\/wp\/v2\/types\/product"}],"replies":[{"embeddable":true,"href":"https:\/\/sukipetfood.com\/fr\/wp-json\/wp\/v2\/comments?post=7901"}],"version-history":[{"count":2,"href":"https:\/\/sukipetfood.com\/fr\/wp-json\/wp\/v2\/product\/7901\/revisions"}],"predecessor-version":[{"id":8003,"href":"https:\/\/sukipetfood.com\/fr\/wp-json\/wp\/v2\/product\/7901\/revisions\/8003"}],"wp:featuredmedia":[{"embeddable":true,"href":"https:\/\/sukipetfood.com\/fr\/wp-json\/wp\/v2\/media\/7916"}],"wp:attachment":[{"href":"https:\/\/sukipetfood.com\/fr\/wp-json\/wp\/v2\/media?parent=7901"}],"wp:term":[{"taxonomy":"product_brand","embeddable":true,"href":"https:\/\/sukipetfood.com\/fr\/wp-json\/wp\/v2\/product_brand?post=7901"},{"taxonomy":"product_cat","embeddable":true,"href":"https:\/\/sukipetfood.com\/fr\/wp-json\/wp\/v2\/product_cat?post=7901"},{"taxonomy":"product_tag","embeddable":true,"href":"https:\/\/sukipetfood.com\/fr\/wp-json\/wp\/v2\/product_tag?post=7901"}],"curies":[{"name":"wp","href":"https:\/\/api.w.org\/{rel}","templated":true}]}}