{"id":4141,"date":"2025-08-11T16:08:24","date_gmt":"2025-08-11T14:08:24","guid":{"rendered":"https:\/\/sukipetfood.com\/producto\/boite-pour-chien-caille-et-saumon-400-g"},"modified":"2025-12-01T16:00:18","modified_gmt":"2025-12-01T15:00:18","slug":"boite-pour-chien-caille-et-saumon-400-g","status":"publish","type":"product","link":"https:\/\/sukipetfood.com\/fr\/producto\/boite-pour-chien-caille-et-saumon-400-g","title":{"rendered":"Bo\u00eete pour chien caille et saumon 400\u00a0g"},"content":{"rendered":"<div class=\"info-adicional-ficha\">\n<section class=\"indicaciones-adicionales\">\n<h3>INGR\u00c9DIENTS<\/h3>\n<p>Caille (54 %), saumon (36 %), \u0153uf de caille (4 %), g\u00e9latine, pulpe de betterave, min\u00e9raux.<\/p>\n<\/section>\n<section class=\"performance-facts salmon\">\n<header class=\"performance-facts__header\">\n<h3 class=\"performance-facts__title\">COMPOSITION NUTRITIONNELLE<\/h3>\n<\/header>\n<table class=\"performance-facts__table\">\n<thead>\n<tr>\n<th class=\"small-info\" colspan=\"3\">Pour 100 g de produit<\/th>\n<\/tr>\n<\/thead>\n<tbody>\n<tr class=\"thick-row\">\n<th colspan=\"2\"><b>Humidit\u00e9<\/b><\/th>\n<td>73,5 %<\/td>\n<\/tr>\n<tr class=\"thick-row\">\n<th colspan=\"2\"><b>Prot\u00e9ines brutes<\/b><\/th>\n<td>8,8 %<\/td>\n<\/tr>\n<tr class=\"thick-row\">\n<th colspan=\"2\"><b>Mati\u00e8res grasses brutes<\/b><\/th>\n<td>7,5 %<\/td>\n<\/tr>\n<tr class=\"thick-row\">\n<th colspan=\"2\"><b>Fibres brutes<\/b><\/th>\n<td>1,6 %<\/td>\n<\/tr>\n<tr class=\"thick-row\">\n<th colspan=\"2\"><b>Cendres brutes<\/b><\/th>\n<td>2,2 %<\/td>\n<\/tr>\n<tr class=\"thick-row\">\n<th colspan=\"2\"><b>\u00c9nergie m\u00e9tabolisable<\/b><\/th>\n<td>1283 kcal\/kg (5368 kJ\/kg)<\/td>\n<\/tr>\n<\/tbody>\n<\/table>\n<p class=\"small-info\">\n<\/section>\n<section class=\"indicaciones-adicionales\">\n<h3>ADDITIFS NUTRITIONNELS<\/h3>\n<p>\u2022 Vitamines (IU) : A (7954 UI), D3 (150 UI), E (159 UI)<br \/>\n\u2022 Min\u00e9raux (mg) : Mn (13 mg), Fe (29 mg), Cu (2,9 mg), Zn (40 mg), I (0,5 mg)<\/p>\n<\/section>\n<section class=\"indicaciones-adicionales \">\n<h3>RECOMMANDATIONS DE CONSOMMATION<\/h3>\n<table class=\"responsive-table\">\n<thead>\n<tr>\n<th class=\"cifras\" rowspan=\"2\">Quantit\u00e9 (g)<\/th>\n<th class=\"whitext\" colspan=\"9\">Poids du chien (kg)<\/th>\n<\/tr>\n<tr>\n<th>2<\/th>\n<th>5<\/th>\n<th>10<\/th>\n<th>15<\/th>\n<th>20<\/th>\n<th>25<\/th>\n<th>30<\/th>\n<th>40<\/th>\n<th>60<\/th>\n<\/tr>\n<\/thead>\n<tbody>\n<tr>\n<td class=\"highlight subtitle left-align\" data-label=\"Tipo de perro\">Actif (activit\u00e9 mod\u00e9r\u00e9e 1 \u00e0 3 h\/jour)<\/td>\n<td class=\"cifras\" data-label=\"2 kg\">144<\/td>\n<td class=\"cifras\" data-label=\"5 kg\">287<\/td>\n<td class=\"cifras\" data-label=\"10 kg\">482<\/td>\n<td class=\"cifras\" data-label=\"15 kg\">653<\/td>\n<td class=\"cifras\" data-label=\"20 kg\">811<\/td>\n<td class=\"cifras\" data-label=\"25 kg\">959<\/td>\n<td class=\"cifras\" data-label=\"30 kg\">1099<\/td>\n<td class=\"cifras\" data-label=\"40 kg\">1364<\/td>\n<td class=\"cifras\" data-label=\"60 kg\">1848<\/td>\n<\/tr>\n<tr>\n<td class=\"highlight subtitle left-align\" data-label=\"Tipo de perro\">S\u00e9dentaire (<1h d'activit\u00e9)<\/td>\n<td class=\"cifras\" data-label=\"2 kg\">125<\/td>\n<td class=\"cifras\" data-label=\"5 kg\">248<\/td>\n<td class=\"cifras\" data-label=\"10 kg\">416<\/td>\n<td class=\"cifras\" data-label=\"15 kg\">564<\/td>\n<td class=\"cifras\" data-label=\"20 kg\">700<\/td>\n<td class=\"cifras\" data-label=\"25 kg\">828<\/td>\n<td class=\"cifras\" data-label=\"30 kg\">949<\/td>\n<td class=\"cifras\" data-label=\"40 kg\">1178<\/td>\n<td class=\"cifras\" data-label=\"60 kg\">1596<\/td>\n<\/tr>\n<tr>\n<td class=\"highlight left-align\" data-label=\"Tipo de perro\">Ob\u00e8se (tendance \u00e0 prendre du poids)<\/td>\n<td class=\"cifras\" data-label=\"2 kg\">111<\/td>\n<td class=\"cifras\" data-label=\"5 kg\">222<\/td>\n<td class=\"cifras\" data-label=\"10 kg\">373<\/td>\n<td class=\"cifras\" data-label=\"15 kg\">505<\/td>\n<td class=\"cifras\" data-label=\"20 kg\">627<\/td>\n<td class=\"cifras\" data-label=\"25 kg\">741<\/td>\n<td class=\"cifras\" data-label=\"30 kg\">849<\/td>\n<td class=\"cifras\" data-label=\"40 kg\">1054<\/td>\n<td class=\"cifras\" data-label=\"60 kg\">1428<\/td>\n<\/tr>\n<\/tbody>\n<\/table>\n<p>\u2022 \u00c2ge recommand\u00e9 : Adultes.<br \/>\n\u2022 Taille de l&rsquo;animal : Toutes les races.<\/p>\n<\/section>\n<section class=\"indicaciones-adicionales\">\n<h3>INSTRUCTIONS SUPPL\u00c9MENTAIRES<\/h3>\n<p>\u2022 Assurer l&rsquo;acc\u00e8s \u00e0 l&rsquo;eau fra\u00eeche et propre.<br \/>\n\u2022 \u00c0 conserver dans un endroit frais et sec, \u00e0 l&rsquo;abri de la lumi\u00e8re du soleil.<br \/>\n\u2022 \u00c0 consommer de pr\u00e9f\u00e9rence avant 36 mois \u00e0 compter de la date de production.<\/p>\n<\/section>\n<\/div>\n","protected":false},"excerpt":{"rendered":"<p>Aliment humide complet pour chiens adultes, fabriqu\u00e9 \u00e0 partir de mati\u00e8res premi\u00e8res 100\u00a0% fra\u00eeches. Riche en prot\u00e9ines animales de haute qualit\u00e9 gr\u00e2ce \u00e0 la combinaison de caille, de saumon et d&rsquo;\u0153uf de caille. Id\u00e9al pour les chiens de toutes races et de toutes tailles.<\/p>\n<h2>Caract\u00e9ristiques principales<\/h2>\n<ul>\n<li><strong>Esp\u00e8ce<\/strong>\u00a0: Chien.<\/li>\n<li><strong>Cat\u00e9gorie<\/strong>\u00a0: Aliment complet et humide.<\/li>\n<li><strong>Format<\/strong>\u00a0: Bo\u00eete.<\/li>\n<li><strong>Contenu net<\/strong>\u00a0: 400\u00a0g.<\/li>\n<\/ul>\n<div class=\"product-icons\"><img decoding=\"async\" src=\"https:\/\/sukipetfood.com\/wp-content\/uploads\/2025\/08\/grain-free-salmon.png\" \/><br \/>\n<img decoding=\"async\" src=\"https:\/\/sukipetfood.com\/wp-content\/uploads\/2025\/08\/hypoallergenic-salmon.png\" \/><br \/>\n<img decoding=\"async\" src=\"https:\/\/sukipetfood.com\/wp-content\/uploads\/2025\/08\/fresh-meat-salmon.png\" \/><br \/>\n<img decoding=\"async\" src=\"https:\/\/sukipetfood.com\/wp-content\/uploads\/2025\/08\/quail-egg-salmon.png\" \/><br \/>\n<img decoding=\"async\" src=\"https:\/\/sukipetfood.com\/wp-content\/uploads\/2025\/08\/for-dog-salmon.png\" \/><\/div>\n","protected":false},"featured_media":7196,"comment_status":"open","ping_status":"closed","template":"","meta":[],"product_brand":[],"product_cat":[100,99,106],"product_tag":[],"class_list":{"0":"post-4141","1":"product","2":"type-product","3":"status-publish","4":"has-post-thumbnail","6":"product_cat-alimento-completo-perro-fr","7":"product_cat-perro-fr","8":"product_cat-humedo-perro-fr","10":"first","11":"instock","12":"shipping-taxable","13":"product-type-simple"},"yoast_head":"<!-- This site is optimized with the Yoast SEO plugin v27.5 - https:\/\/yoast.com\/product\/yoast-seo-wordpress\/ -->\n<title>Bo\u00eete pour chien caille et saumon 400\u00a0g | Suki Pet Food<\/title>\n<meta name=\"description\" content=\"Entra ahora para saber todo sobre Bo\u00eete pour chien caille et saumon 400\u00a0g . Descubre todas las caracter\u00edsticas del producto y pide toda la informaci\u00f3n necesaria. \u00a1Entra!\" \/>\n<meta name=\"robots\" content=\"index, follow, max-snippet:-1, max-image-preview:large, max-video-preview:-1\" \/>\n<link rel=\"canonical\" href=\"https:\/\/sukipetfood.com\/producto\/lata-perro-codorniz-y-salmon-400g\" \/>\n<meta property=\"og:locale\" content=\"fr_FR\" \/>\n<meta property=\"og:type\" content=\"article\" \/>\n<meta property=\"og:title\" content=\"Bo\u00eete pour chien caille et saumon 400\u00a0g | Suki Pet Food\" \/>\n<meta property=\"og:description\" content=\"Entra ahora para saber todo sobre Bo\u00eete pour chien caille et saumon 400\u00a0g . Descubre todas las caracter\u00edsticas del producto y pide toda la informaci\u00f3n necesaria. \u00a1Entra!\" \/>\n<meta property=\"og:url\" content=\"https:\/\/sukipetfood.com\/producto\/lata-perro-codorniz-y-salmon-400g\" \/>\n<meta property=\"og:site_name\" content=\"SUKI\" \/>\n<meta property=\"article:publisher\" content=\"https:\/\/www.facebook.com\/people\/Suki-Pet-Foods\/61575507998720\/\" \/>\n<meta property=\"article:modified_time\" content=\"2025-12-01T15:00:18+00:00\" \/>\n<meta property=\"og:image\" content=\"https:\/\/sukipetfood.com\/wp-content\/uploads\/2025\/11\/lata-perro-codorniz-salmon-400g.png\" \/>\n\t<meta property=\"og:image:width\" content=\"2008\" \/>\n\t<meta property=\"og:image:height\" content=\"2008\" \/>\n\t<meta property=\"og:image:type\" content=\"image\/png\" \/>\n<meta name=\"twitter:card\" content=\"summary_large_image\" \/>\n<meta name=\"twitter:label1\" content=\"Dur\u00e9e de lecture estim\u00e9e\" \/>\n\t<meta name=\"twitter:data1\" content=\"2 minutes\" \/>\n<script type=\"application\/ld+json\" class=\"yoast-schema-graph\">{\"@context\":\"https:\\\/\\\/schema.org\",\"@graph\":[{\"@type\":\"WebPage\",\"@id\":\"https:\\\/\\\/sukipetfood.com\\\/producto\\\/lata-perro-codorniz-y-salmon-400g\",\"url\":\"https:\\\/\\\/sukipetfood.com\\\/producto\\\/lata-perro-codorniz-y-salmon-400g\",\"name\":\"Bo\u00eete pour chien caille et saumon 400\u00a0g | Suki Pet Food\",\"isPartOf\":{\"@id\":\"https:\\\/\\\/sukipetfood.com\\\/#website\"},\"primaryImageOfPage\":{\"@id\":\"https:\\\/\\\/sukipetfood.com\\\/producto\\\/lata-perro-codorniz-y-salmon-400g#primaryimage\"},\"image\":{\"@id\":\"https:\\\/\\\/sukipetfood.com\\\/producto\\\/lata-perro-codorniz-y-salmon-400g#primaryimage\"},\"thumbnailUrl\":\"https:\\\/\\\/sukipetfood.com\\\/wp-content\\\/uploads\\\/2025\\\/08\\\/Suki-alimento-completo-para-perro-lata-codorniz-y-salmon-400g.jpg\",\"datePublished\":\"2025-08-11T14:08:24+00:00\",\"dateModified\":\"2025-12-01T15:00:18+00:00\",\"description\":\"Entra ahora para saber todo sobre Bo\u00eete pour chien caille et saumon 400\u00a0g . Descubre todas las caracter\u00edsticas del producto y pide toda la informaci\u00f3n necesaria. \u00a1Entra!\",\"breadcrumb\":{\"@id\":\"https:\\\/\\\/sukipetfood.com\\\/producto\\\/lata-perro-codorniz-y-salmon-400g#breadcrumb\"},\"inLanguage\":\"fr-FR\",\"potentialAction\":[{\"@type\":\"ReadAction\",\"target\":[\"https:\\\/\\\/sukipetfood.com\\\/producto\\\/lata-perro-codorniz-y-salmon-400g\"]}]},{\"@type\":\"ImageObject\",\"inLanguage\":\"fr-FR\",\"@id\":\"https:\\\/\\\/sukipetfood.com\\\/producto\\\/lata-perro-codorniz-y-salmon-400g#primaryimage\",\"url\":\"https:\\\/\\\/sukipetfood.com\\\/wp-content\\\/uploads\\\/2025\\\/08\\\/Suki-alimento-completo-para-perro-lata-codorniz-y-salmon-400g.jpg\",\"contentUrl\":\"https:\\\/\\\/sukipetfood.com\\\/wp-content\\\/uploads\\\/2025\\\/08\\\/Suki-alimento-completo-para-perro-lata-codorniz-y-salmon-400g.jpg\",\"width\":2008,\"height\":2008,\"caption\":\"Lata de Suki de codorniz y salm\u00f3n\"},{\"@type\":\"BreadcrumbList\",\"@id\":\"https:\\\/\\\/sukipetfood.com\\\/producto\\\/lata-perro-codorniz-y-salmon-400g#breadcrumb\",\"itemListElement\":[{\"@type\":\"ListItem\",\"position\":1,\"name\":\"Portada\",\"item\":\"https:\\\/\\\/sukipetfood.com\\\/\"},{\"@type\":\"ListItem\",\"position\":2,\"name\":\"Chien\",\"item\":\"https:\\\/\\\/sukipetfood.com\\\/fr\\\/perro-fr\"},{\"@type\":\"ListItem\",\"position\":3,\"name\":\"Alimento completo\",\"item\":\"https:\\\/\\\/sukipetfood.com\\\/perro\\\/alimento-completo-perro\"},{\"@type\":\"ListItem\",\"position\":4,\"name\":\"H\u00famedo\",\"item\":\"https:\\\/\\\/sukipetfood.com\\\/perro\\\/alimento-completo-perro\\\/humedo-perro\"},{\"@type\":\"ListItem\",\"position\":5,\"name\":\"Bo\u00eete pour chien caille et saumon 400\u00a0g\"}]},{\"@type\":\"WebSite\",\"@id\":\"https:\\\/\\\/sukipetfood.com\\\/#website\",\"url\":\"https:\\\/\\\/sukipetfood.com\\\/\",\"name\":\"SUKI Pet Food - Comida Natural de granja para perros y gatos\",\"description\":\"Momentos que unen\",\"publisher\":{\"@id\":\"https:\\\/\\\/sukipetfood.com\\\/#organization\"},\"potentialAction\":[{\"@type\":\"SearchAction\",\"target\":{\"@type\":\"EntryPoint\",\"urlTemplate\":\"https:\\\/\\\/sukipetfood.com\\\/?s={search_term_string}\"},\"query-input\":{\"@type\":\"PropertyValueSpecification\",\"valueRequired\":true,\"valueName\":\"search_term_string\"}}],\"inLanguage\":\"fr-FR\"},{\"@type\":\"Organization\",\"@id\":\"https:\\\/\\\/sukipetfood.com\\\/#organization\",\"name\":\"URGEL GANADERA SA\",\"url\":\"https:\\\/\\\/sukipetfood.com\\\/\",\"logo\":{\"@type\":\"ImageObject\",\"inLanguage\":\"fr-FR\",\"@id\":\"https:\\\/\\\/sukipetfood.com\\\/#\\\/schema\\\/logo\\\/image\\\/\",\"url\":\"https:\\\/\\\/sukipetfood.com\\\/wp-content\\\/uploads\\\/2025\\\/04\\\/logo-suki-en.png\",\"contentUrl\":\"https:\\\/\\\/sukipetfood.com\\\/wp-content\\\/uploads\\\/2025\\\/04\\\/logo-suki-en.png\",\"width\":1824,\"height\":844,\"caption\":\"URGEL GANADERA SA\"},\"image\":{\"@id\":\"https:\\\/\\\/sukipetfood.com\\\/#\\\/schema\\\/logo\\\/image\\\/\"},\"sameAs\":[\"https:\\\/\\\/www.facebook.com\\\/people\\\/Suki-Pet-Foods\\\/61575507998720\\\/\"]}]}<\/script>\n<!-- \/ Yoast SEO plugin. -->","yoast_head_json":{"title":"Bo\u00eete pour chien caille et saumon 400\u00a0g | Suki Pet Food","description":"Entra ahora para saber todo sobre Bo\u00eete pour chien caille et saumon 400\u00a0g . Descubre todas las caracter\u00edsticas del producto y pide toda la informaci\u00f3n necesaria. \u00a1Entra!","robots":{"index":"index","follow":"follow","max-snippet":"max-snippet:-1","max-image-preview":"max-image-preview:large","max-video-preview":"max-video-preview:-1"},"canonical":"https:\/\/sukipetfood.com\/producto\/lata-perro-codorniz-y-salmon-400g","og_locale":"fr_FR","og_type":"article","og_title":"Bo\u00eete pour chien caille et saumon 400\u00a0g | Suki Pet Food","og_description":"Entra ahora para saber todo sobre Bo\u00eete pour chien caille et saumon 400\u00a0g . Descubre todas las caracter\u00edsticas del producto y pide toda la informaci\u00f3n necesaria. \u00a1Entra!","og_url":"https:\/\/sukipetfood.com\/producto\/lata-perro-codorniz-y-salmon-400g","og_site_name":"SUKI","article_publisher":"https:\/\/www.facebook.com\/people\/Suki-Pet-Foods\/61575507998720\/","article_modified_time":"2025-12-01T15:00:18+00:00","og_image":[{"width":2008,"height":2008,"url":"https:\/\/sukipetfood.com\/wp-content\/uploads\/2025\/11\/lata-perro-codorniz-salmon-400g.png","type":"image\/png"}],"twitter_card":"summary_large_image","twitter_misc":{"Dur\u00e9e de lecture estim\u00e9e":"2 minutes"},"schema":{"@context":"https:\/\/schema.org","@graph":[{"@type":"WebPage","@id":"https:\/\/sukipetfood.com\/producto\/lata-perro-codorniz-y-salmon-400g","url":"https:\/\/sukipetfood.com\/producto\/lata-perro-codorniz-y-salmon-400g","name":"Bo\u00eete pour chien caille et saumon 400\u00a0g | Suki Pet Food","isPartOf":{"@id":"https:\/\/sukipetfood.com\/#website"},"primaryImageOfPage":{"@id":"https:\/\/sukipetfood.com\/producto\/lata-perro-codorniz-y-salmon-400g#primaryimage"},"image":{"@id":"https:\/\/sukipetfood.com\/producto\/lata-perro-codorniz-y-salmon-400g#primaryimage"},"thumbnailUrl":"https:\/\/sukipetfood.com\/wp-content\/uploads\/2025\/08\/Suki-alimento-completo-para-perro-lata-codorniz-y-salmon-400g.jpg","datePublished":"2025-08-11T14:08:24+00:00","dateModified":"2025-12-01T15:00:18+00:00","description":"Entra ahora para saber todo sobre Bo\u00eete pour chien caille et saumon 400\u00a0g . Descubre todas las caracter\u00edsticas del producto y pide toda la informaci\u00f3n necesaria. \u00a1Entra!","breadcrumb":{"@id":"https:\/\/sukipetfood.com\/producto\/lata-perro-codorniz-y-salmon-400g#breadcrumb"},"inLanguage":"fr-FR","potentialAction":[{"@type":"ReadAction","target":["https:\/\/sukipetfood.com\/producto\/lata-perro-codorniz-y-salmon-400g"]}]},{"@type":"ImageObject","inLanguage":"fr-FR","@id":"https:\/\/sukipetfood.com\/producto\/lata-perro-codorniz-y-salmon-400g#primaryimage","url":"https:\/\/sukipetfood.com\/wp-content\/uploads\/2025\/08\/Suki-alimento-completo-para-perro-lata-codorniz-y-salmon-400g.jpg","contentUrl":"https:\/\/sukipetfood.com\/wp-content\/uploads\/2025\/08\/Suki-alimento-completo-para-perro-lata-codorniz-y-salmon-400g.jpg","width":2008,"height":2008,"caption":"Lata de Suki de codorniz y salm\u00f3n"},{"@type":"BreadcrumbList","@id":"https:\/\/sukipetfood.com\/producto\/lata-perro-codorniz-y-salmon-400g#breadcrumb","itemListElement":[{"@type":"ListItem","position":1,"name":"Portada","item":"https:\/\/sukipetfood.com\/"},{"@type":"ListItem","position":2,"name":"Chien","item":"https:\/\/sukipetfood.com\/fr\/perro-fr"},{"@type":"ListItem","position":3,"name":"Alimento completo","item":"https:\/\/sukipetfood.com\/perro\/alimento-completo-perro"},{"@type":"ListItem","position":4,"name":"H\u00famedo","item":"https:\/\/sukipetfood.com\/perro\/alimento-completo-perro\/humedo-perro"},{"@type":"ListItem","position":5,"name":"Bo\u00eete pour chien caille et saumon 400\u00a0g"}]},{"@type":"WebSite","@id":"https:\/\/sukipetfood.com\/#website","url":"https:\/\/sukipetfood.com\/","name":"SUKI Pet Food - Comida Natural de granja para perros y gatos","description":"Momentos que unen","publisher":{"@id":"https:\/\/sukipetfood.com\/#organization"},"potentialAction":[{"@type":"SearchAction","target":{"@type":"EntryPoint","urlTemplate":"https:\/\/sukipetfood.com\/?s={search_term_string}"},"query-input":{"@type":"PropertyValueSpecification","valueRequired":true,"valueName":"search_term_string"}}],"inLanguage":"fr-FR"},{"@type":"Organization","@id":"https:\/\/sukipetfood.com\/#organization","name":"URGEL GANADERA SA","url":"https:\/\/sukipetfood.com\/","logo":{"@type":"ImageObject","inLanguage":"fr-FR","@id":"https:\/\/sukipetfood.com\/#\/schema\/logo\/image\/","url":"https:\/\/sukipetfood.com\/wp-content\/uploads\/2025\/04\/logo-suki-en.png","contentUrl":"https:\/\/sukipetfood.com\/wp-content\/uploads\/2025\/04\/logo-suki-en.png","width":1824,"height":844,"caption":"URGEL GANADERA SA"},"image":{"@id":"https:\/\/sukipetfood.com\/#\/schema\/logo\/image\/"},"sameAs":["https:\/\/www.facebook.com\/people\/Suki-Pet-Foods\/61575507998720\/"]}]}},"_links":{"self":[{"href":"https:\/\/sukipetfood.com\/fr\/wp-json\/wp\/v2\/product\/4141","targetHints":{"allow":["GET"]}}],"collection":[{"href":"https:\/\/sukipetfood.com\/fr\/wp-json\/wp\/v2\/product"}],"about":[{"href":"https:\/\/sukipetfood.com\/fr\/wp-json\/wp\/v2\/types\/product"}],"replies":[{"embeddable":true,"href":"https:\/\/sukipetfood.com\/fr\/wp-json\/wp\/v2\/comments?post=4141"}],"version-history":[{"count":2,"href":"https:\/\/sukipetfood.com\/fr\/wp-json\/wp\/v2\/product\/4141\/revisions"}],"predecessor-version":[{"id":5405,"href":"https:\/\/sukipetfood.com\/fr\/wp-json\/wp\/v2\/product\/4141\/revisions\/5405"}],"wp:featuredmedia":[{"embeddable":true,"href":"https:\/\/sukipetfood.com\/fr\/wp-json\/wp\/v2\/media\/7196"}],"wp:attachment":[{"href":"https:\/\/sukipetfood.com\/fr\/wp-json\/wp\/v2\/media?parent=4141"}],"wp:term":[{"taxonomy":"product_brand","embeddable":true,"href":"https:\/\/sukipetfood.com\/fr\/wp-json\/wp\/v2\/product_brand?post=4141"},{"taxonomy":"product_cat","embeddable":true,"href":"https:\/\/sukipetfood.com\/fr\/wp-json\/wp\/v2\/product_cat?post=4141"},{"taxonomy":"product_tag","embeddable":true,"href":"https:\/\/sukipetfood.com\/fr\/wp-json\/wp\/v2\/product_tag?post=4141"}],"curies":[{"name":"wp","href":"https:\/\/api.w.org\/{rel}","templated":true}]}}