{"id":3580,"date":"2025-01-04T14:02:10","date_gmt":"2025-01-04T13:02:10","guid":{"rendered":"https:\/\/sukipetfood.com\/producto\/batonnets-de-caille-et-doeuf-300-g"},"modified":"2026-05-06T12:19:41","modified_gmt":"2026-05-06T10:19:41","slug":"batonnets-de-caille-et-doeuf-300-g","status":"publish","type":"product","link":"https:\/\/sukipetfood.com\/fr\/producto\/batonnets-de-caille-et-doeuf-300-g","title":{"rendered":"B\u00e2tonnets de caille et d&rsquo;\u0153uf 300\u00a0g"},"content":{"rendered":"<div class=\"info-adicional-ficha\">\n<section class=\"indicaciones-adicionales\">\n<h3>INGR\u00c9DIENTS<\/h3>\n<p>Caille fra\u00eeche (50 %), \u0153uf de caille entier (20 %), pomme de terre, pois, patate douce, glyc\u00e9rine v\u00e9g\u00e9tale, huile de tournesol, fructose, pulpe de betterave, sel, herbes et fruits s\u00e9ch\u00e9s (ginseng sib\u00e9rien, parties de framboise, poudre de graines de myrtille, parties de m\u00fbre, feuilles d&rsquo;ortie, baies de sureau), chondroprotecteurs (glucosamine, sulfate de chondro\u00eftine), feuilles de m\u00fbre, poudre de graines de myrtille, parties de m\u00fbre, parties de cassis, feuilles de pissenlit, feuilles d&rsquo;ortie, baies de sureau), chondroprotecteurs (glucosamine, sulfate de chondro\u00eftine).<\/p>\n<\/section>\n<section class=\"performance-facts yellow\">\n<header class=\"performance-facts__header\">\n<h3 class=\"performance-facts__title\">COMPOSITION NUTRITIONNELLE<\/h3>\n<\/header>\n<table class=\"performance-facts__table\">\n<thead>\n<tr>\n<th class=\"small-info\" colspan=\"3\">Pour 100 g de produit<\/th>\n<\/tr>\n<\/thead>\n<tbody>\n<tr class=\"thick-row\">\n<th colspan=\"2\"><b>Humidit\u00e9<\/b><\/th>\n<td>20 %<\/td>\n<\/tr>\n<tr class=\"thick-row\">\n<th colspan=\"2\"><b>Prot\u00e9ines brutes<\/b><\/th>\n<td>23 %<\/td>\n<\/tr>\n<tr class=\"thick-row\">\n<th colspan=\"2\"><b>Mati\u00e8res grasses brutes<\/b><\/th>\n<td>11 %<\/td>\n<\/tr>\n<tr class=\"thick-row\">\n<th colspan=\"2\"><b>Fibres brutes<\/b><\/th>\n<td>1,5 %<\/td>\n<\/tr>\n<tr class=\"thick-row\">\n<th colspan=\"2\"><b>Cendres brutes<\/b><\/th>\n<td>4,5 %<\/td>\n<\/tr>\n<\/tbody>\n<\/table>\n<p class=\"small-info\">* Il ne n\u00e9cessite pas d\u2019apport journalier recommand\u00e9 car ce n\u2019est pas un aliment complet.<\/p>\n<\/section>\n<section class=\"indicaciones-adicionales\">\n<h3>RECOMMANDATIONS DE CONSOMMATION<\/h3>\n<p>&#8211; \u00c2ge recommand\u00e9 : adulte et senior.<br \/>\n&#8211; Taille de l&rsquo;animal : petite, moyenne et grande.<\/p>\n<\/section>\n<section class=\"indicaciones-adicionales\">\n<h3>INSTRUCTIONS SUPPL\u00c9MENTAIRES<\/h3>\n<p>&#8211; Assurer l&rsquo;acc\u00e8s \u00e0 de l&rsquo;eau fra\u00eeche et propre.<br \/>\n&#8211; \u00c0 consommer de pr\u00e9f\u00e9rence avant 1 an \u00e0 compter de la date de production.<\/p>\n<\/section>\n<\/div>\n","protected":false},"excerpt":{"rendered":"<p>En-cas de premi\u00e8re qualit\u00e9 pour chiens, compos\u00e9 \u00e0 70\u00a0% de viande de caille fra\u00eeche et d&rsquo;\u0153ufs de caille entiers, produits dans notre ferme familiale, associ\u00e9s \u00e0 des ingr\u00e9dients naturels de haute qualit\u00e9. Con\u00e7u comme une friandise douce et nutritive, id\u00e9ale pour les chiens de tous \u00e2ges et de toutes tailles.<\/p>\n<h2>Caract\u00e9ristiques principales<\/h2>\n<ul>\n<li><strong>Esp\u00e8ce<\/strong>\u00a0: chien.<\/li>\n<li><strong>Cat\u00e9gorie<\/strong>\u00a0: snack moelleux.<\/li>\n<li><strong>Format<\/strong>\u00a0: 300\u00a0g.<\/li>\n<li><strong>Emballage<\/strong>\u00a0: r\u00e9cipient en plastique scell\u00e9.<\/li>\n<\/ul>\n<div class=\"product-icons\"><img decoding=\"async\" src=\"https:\/\/sukipetfood.com\/wp-content\/uploads\/2025\/04\/GRAIN-FREE_OK.png\" \/><br \/>\n<img decoding=\"async\" src=\"https:\/\/sukipetfood.com\/wp-content\/uploads\/2025\/03\/hypoallergenic-yellow.png\" \/><br \/>\n<img decoding=\"async\" src=\"https:\/\/sukipetfood.com\/wp-content\/uploads\/2025\/04\/QUAIL-EGG_OK.png\" \/><br \/>\n<img decoding=\"async\" src=\"https:\/\/sukipetfood.com\/wp-content\/uploads\/2025\/03\/fresh-meat-yellow.png\" \/><br \/>\n<img decoding=\"async\" src=\"https:\/\/sukipetfood.com\/wp-content\/uploads\/2025\/03\/for-dog-yellow.png\" \/><\/div>\n","protected":false},"featured_media":7224,"comment_status":"open","ping_status":"closed","template":"","meta":[],"product_brand":[],"product_cat":[99,105,104],"product_tag":[],"class_list":{"0":"post-3580","1":"product","2":"type-product","3":"status-publish","4":"has-post-thumbnail","6":"product_cat-perro-fr","7":"product_cat-masticables-perro-fr","8":"product_cat-snack-perro-fr","10":"first","11":"instock","12":"shipping-taxable","13":"product-type-simple"},"yoast_head":"<!-- This site is optimized with the Yoast SEO plugin v27.5 - https:\/\/yoast.com\/product\/yoast-seo-wordpress\/ -->\n<title>B\u00e2tonnets de caille et d&#039;\u0153uf 300\u00a0g | Suki Pet Food<\/title>\n<meta name=\"description\" content=\"Entra ahora para saber todo sobre B\u00e2tonnets de caille et d&#039;\u0153uf 300\u00a0g . Descubre todas las caracter\u00edsticas del producto y pide toda la informaci\u00f3n necesaria. \u00a1Entra!\" \/>\n<meta name=\"robots\" content=\"index, follow, max-snippet:-1, max-image-preview:large, max-video-preview:-1\" \/>\n<link rel=\"canonical\" href=\"https:\/\/sukipetfood.com\/fr\/producto\/batonnets-de-caille-et-doeuf-300-g\" \/>\n<meta property=\"og:locale\" content=\"fr_FR\" \/>\n<meta property=\"og:type\" content=\"article\" \/>\n<meta property=\"og:title\" content=\"B\u00e2tonnets de caille et d&#039;\u0153uf 300\u00a0g | Suki Pet Food\" \/>\n<meta property=\"og:description\" content=\"Entra ahora para saber todo sobre B\u00e2tonnets de caille et d&#039;\u0153uf 300\u00a0g . Descubre todas las caracter\u00edsticas del producto y pide toda la informaci\u00f3n necesaria. \u00a1Entra!\" \/>\n<meta property=\"og:url\" content=\"https:\/\/sukipetfood.com\/fr\/producto\/batonnets-de-caille-et-doeuf-300-g\" \/>\n<meta property=\"og:site_name\" content=\"SUKI\" \/>\n<meta property=\"article:publisher\" content=\"https:\/\/www.facebook.com\/people\/Suki-Pet-Foods\/61575507998720\/\" \/>\n<meta property=\"article:modified_time\" content=\"2026-05-06T10:19:41+00:00\" \/>\n<meta property=\"og:image\" content=\"https:\/\/sukipetfood.com\/wp-content\/uploads\/2025\/01\/Suki-snack-para-perro-barritas-de-codorniz-y-huevo-300g.jpg\" \/>\n\t<meta property=\"og:image:width\" content=\"990\" \/>\n\t<meta property=\"og:image:height\" content=\"992\" \/>\n\t<meta property=\"og:image:type\" content=\"image\/jpeg\" \/>\n<meta name=\"twitter:card\" content=\"summary_large_image\" \/>\n<meta name=\"twitter:label1\" content=\"Dur\u00e9e de lecture estim\u00e9e\" \/>\n\t<meta name=\"twitter:data1\" content=\"1 minute\" \/>\n<script type=\"application\/ld+json\" class=\"yoast-schema-graph\">{\"@context\":\"https:\\\/\\\/schema.org\",\"@graph\":[{\"@type\":\"WebPage\",\"@id\":\"https:\\\/\\\/sukipetfood.com\\\/fr\\\/producto\\\/batonnets-de-caille-et-doeuf-300-g\",\"url\":\"https:\\\/\\\/sukipetfood.com\\\/fr\\\/producto\\\/batonnets-de-caille-et-doeuf-300-g\",\"name\":\"B\u00e2tonnets de caille et d'\u0153uf 300\u00a0g | Suki Pet Food\",\"isPartOf\":{\"@id\":\"https:\\\/\\\/sukipetfood.com\\\/#website\"},\"primaryImageOfPage\":{\"@id\":\"https:\\\/\\\/sukipetfood.com\\\/fr\\\/producto\\\/batonnets-de-caille-et-doeuf-300-g#primaryimage\"},\"image\":{\"@id\":\"https:\\\/\\\/sukipetfood.com\\\/fr\\\/producto\\\/batonnets-de-caille-et-doeuf-300-g#primaryimage\"},\"thumbnailUrl\":\"https:\\\/\\\/sukipetfood.com\\\/wp-content\\\/uploads\\\/2025\\\/01\\\/Suki-snack-para-perro-barritas-de-codorniz-y-huevo-300g.jpg\",\"datePublished\":\"2025-01-04T13:02:10+00:00\",\"dateModified\":\"2026-05-06T10:19:41+00:00\",\"description\":\"Entra ahora para saber todo sobre B\u00e2tonnets de caille et d'\u0153uf 300\u00a0g . Descubre todas las caracter\u00edsticas del producto y pide toda la informaci\u00f3n necesaria. \u00a1Entra!\",\"breadcrumb\":{\"@id\":\"https:\\\/\\\/sukipetfood.com\\\/fr\\\/producto\\\/batonnets-de-caille-et-doeuf-300-g#breadcrumb\"},\"inLanguage\":\"fr-FR\",\"potentialAction\":[{\"@type\":\"ReadAction\",\"target\":[\"https:\\\/\\\/sukipetfood.com\\\/fr\\\/producto\\\/batonnets-de-caille-et-doeuf-300-g\"]}]},{\"@type\":\"ImageObject\",\"inLanguage\":\"fr-FR\",\"@id\":\"https:\\\/\\\/sukipetfood.com\\\/fr\\\/producto\\\/batonnets-de-caille-et-doeuf-300-g#primaryimage\",\"url\":\"https:\\\/\\\/sukipetfood.com\\\/wp-content\\\/uploads\\\/2025\\\/01\\\/Suki-snack-para-perro-barritas-de-codorniz-y-huevo-300g.jpg\",\"contentUrl\":\"https:\\\/\\\/sukipetfood.com\\\/wp-content\\\/uploads\\\/2025\\\/01\\\/Suki-snack-para-perro-barritas-de-codorniz-y-huevo-300g.jpg\",\"width\":990,\"height\":992},{\"@type\":\"BreadcrumbList\",\"@id\":\"https:\\\/\\\/sukipetfood.com\\\/fr\\\/producto\\\/batonnets-de-caille-et-doeuf-300-g#breadcrumb\",\"itemListElement\":[{\"@type\":\"ListItem\",\"position\":1,\"name\":\"Portada\",\"item\":\"https:\\\/\\\/sukipetfood.com\\\/\"},{\"@type\":\"ListItem\",\"position\":2,\"name\":\"Chien\",\"item\":\"https:\\\/\\\/sukipetfood.com\\\/fr\\\/perro-fr\"},{\"@type\":\"ListItem\",\"position\":3,\"name\":\"Snack\",\"item\":\"https:\\\/\\\/sukipetfood.com\\\/perro\\\/snack-perro\"},{\"@type\":\"ListItem\",\"position\":4,\"name\":\"Masticables\",\"item\":\"https:\\\/\\\/sukipetfood.com\\\/masticables-perro\"},{\"@type\":\"ListItem\",\"position\":5,\"name\":\"B\u00e2tonnets de caille et d&#8217;\u0153uf 300\u00a0g\"}]},{\"@type\":\"WebSite\",\"@id\":\"https:\\\/\\\/sukipetfood.com\\\/#website\",\"url\":\"https:\\\/\\\/sukipetfood.com\\\/\",\"name\":\"SUKI Pet Food - Comida Natural de granja para perros y gatos\",\"description\":\"Momentos que unen\",\"publisher\":{\"@id\":\"https:\\\/\\\/sukipetfood.com\\\/#organization\"},\"potentialAction\":[{\"@type\":\"SearchAction\",\"target\":{\"@type\":\"EntryPoint\",\"urlTemplate\":\"https:\\\/\\\/sukipetfood.com\\\/?s={search_term_string}\"},\"query-input\":{\"@type\":\"PropertyValueSpecification\",\"valueRequired\":true,\"valueName\":\"search_term_string\"}}],\"inLanguage\":\"fr-FR\"},{\"@type\":\"Organization\",\"@id\":\"https:\\\/\\\/sukipetfood.com\\\/#organization\",\"name\":\"URGEL GANADERA SA\",\"url\":\"https:\\\/\\\/sukipetfood.com\\\/\",\"logo\":{\"@type\":\"ImageObject\",\"inLanguage\":\"fr-FR\",\"@id\":\"https:\\\/\\\/sukipetfood.com\\\/#\\\/schema\\\/logo\\\/image\\\/\",\"url\":\"https:\\\/\\\/sukipetfood.com\\\/wp-content\\\/uploads\\\/2025\\\/04\\\/logo-suki-en.png\",\"contentUrl\":\"https:\\\/\\\/sukipetfood.com\\\/wp-content\\\/uploads\\\/2025\\\/04\\\/logo-suki-en.png\",\"width\":1824,\"height\":844,\"caption\":\"URGEL GANADERA SA\"},\"image\":{\"@id\":\"https:\\\/\\\/sukipetfood.com\\\/#\\\/schema\\\/logo\\\/image\\\/\"},\"sameAs\":[\"https:\\\/\\\/www.facebook.com\\\/people\\\/Suki-Pet-Foods\\\/61575507998720\\\/\"]}]}<\/script>\n<!-- \/ Yoast SEO plugin. -->","yoast_head_json":{"title":"B\u00e2tonnets de caille et d'\u0153uf 300\u00a0g | Suki Pet Food","description":"Entra ahora para saber todo sobre B\u00e2tonnets de caille et d'\u0153uf 300\u00a0g . Descubre todas las caracter\u00edsticas del producto y pide toda la informaci\u00f3n necesaria. \u00a1Entra!","robots":{"index":"index","follow":"follow","max-snippet":"max-snippet:-1","max-image-preview":"max-image-preview:large","max-video-preview":"max-video-preview:-1"},"canonical":"https:\/\/sukipetfood.com\/fr\/producto\/batonnets-de-caille-et-doeuf-300-g","og_locale":"fr_FR","og_type":"article","og_title":"B\u00e2tonnets de caille et d'\u0153uf 300\u00a0g | Suki Pet Food","og_description":"Entra ahora para saber todo sobre B\u00e2tonnets de caille et d'\u0153uf 300\u00a0g . Descubre todas las caracter\u00edsticas del producto y pide toda la informaci\u00f3n necesaria. \u00a1Entra!","og_url":"https:\/\/sukipetfood.com\/fr\/producto\/batonnets-de-caille-et-doeuf-300-g","og_site_name":"SUKI","article_publisher":"https:\/\/www.facebook.com\/people\/Suki-Pet-Foods\/61575507998720\/","article_modified_time":"2026-05-06T10:19:41+00:00","og_image":[{"width":990,"height":992,"url":"https:\/\/sukipetfood.com\/wp-content\/uploads\/2025\/01\/Suki-snack-para-perro-barritas-de-codorniz-y-huevo-300g.jpg","type":"image\/jpeg"}],"twitter_card":"summary_large_image","twitter_misc":{"Dur\u00e9e de lecture estim\u00e9e":"1 minute"},"schema":{"@context":"https:\/\/schema.org","@graph":[{"@type":"WebPage","@id":"https:\/\/sukipetfood.com\/fr\/producto\/batonnets-de-caille-et-doeuf-300-g","url":"https:\/\/sukipetfood.com\/fr\/producto\/batonnets-de-caille-et-doeuf-300-g","name":"B\u00e2tonnets de caille et d'\u0153uf 300\u00a0g | Suki Pet Food","isPartOf":{"@id":"https:\/\/sukipetfood.com\/#website"},"primaryImageOfPage":{"@id":"https:\/\/sukipetfood.com\/fr\/producto\/batonnets-de-caille-et-doeuf-300-g#primaryimage"},"image":{"@id":"https:\/\/sukipetfood.com\/fr\/producto\/batonnets-de-caille-et-doeuf-300-g#primaryimage"},"thumbnailUrl":"https:\/\/sukipetfood.com\/wp-content\/uploads\/2025\/01\/Suki-snack-para-perro-barritas-de-codorniz-y-huevo-300g.jpg","datePublished":"2025-01-04T13:02:10+00:00","dateModified":"2026-05-06T10:19:41+00:00","description":"Entra ahora para saber todo sobre B\u00e2tonnets de caille et d'\u0153uf 300\u00a0g . Descubre todas las caracter\u00edsticas del producto y pide toda la informaci\u00f3n necesaria. \u00a1Entra!","breadcrumb":{"@id":"https:\/\/sukipetfood.com\/fr\/producto\/batonnets-de-caille-et-doeuf-300-g#breadcrumb"},"inLanguage":"fr-FR","potentialAction":[{"@type":"ReadAction","target":["https:\/\/sukipetfood.com\/fr\/producto\/batonnets-de-caille-et-doeuf-300-g"]}]},{"@type":"ImageObject","inLanguage":"fr-FR","@id":"https:\/\/sukipetfood.com\/fr\/producto\/batonnets-de-caille-et-doeuf-300-g#primaryimage","url":"https:\/\/sukipetfood.com\/wp-content\/uploads\/2025\/01\/Suki-snack-para-perro-barritas-de-codorniz-y-huevo-300g.jpg","contentUrl":"https:\/\/sukipetfood.com\/wp-content\/uploads\/2025\/01\/Suki-snack-para-perro-barritas-de-codorniz-y-huevo-300g.jpg","width":990,"height":992},{"@type":"BreadcrumbList","@id":"https:\/\/sukipetfood.com\/fr\/producto\/batonnets-de-caille-et-doeuf-300-g#breadcrumb","itemListElement":[{"@type":"ListItem","position":1,"name":"Portada","item":"https:\/\/sukipetfood.com\/"},{"@type":"ListItem","position":2,"name":"Chien","item":"https:\/\/sukipetfood.com\/fr\/perro-fr"},{"@type":"ListItem","position":3,"name":"Snack","item":"https:\/\/sukipetfood.com\/perro\/snack-perro"},{"@type":"ListItem","position":4,"name":"Masticables","item":"https:\/\/sukipetfood.com\/masticables-perro"},{"@type":"ListItem","position":5,"name":"B\u00e2tonnets de caille et d&#8217;\u0153uf 300\u00a0g"}]},{"@type":"WebSite","@id":"https:\/\/sukipetfood.com\/#website","url":"https:\/\/sukipetfood.com\/","name":"SUKI Pet Food - Comida Natural de granja para perros y gatos","description":"Momentos que unen","publisher":{"@id":"https:\/\/sukipetfood.com\/#organization"},"potentialAction":[{"@type":"SearchAction","target":{"@type":"EntryPoint","urlTemplate":"https:\/\/sukipetfood.com\/?s={search_term_string}"},"query-input":{"@type":"PropertyValueSpecification","valueRequired":true,"valueName":"search_term_string"}}],"inLanguage":"fr-FR"},{"@type":"Organization","@id":"https:\/\/sukipetfood.com\/#organization","name":"URGEL GANADERA SA","url":"https:\/\/sukipetfood.com\/","logo":{"@type":"ImageObject","inLanguage":"fr-FR","@id":"https:\/\/sukipetfood.com\/#\/schema\/logo\/image\/","url":"https:\/\/sukipetfood.com\/wp-content\/uploads\/2025\/04\/logo-suki-en.png","contentUrl":"https:\/\/sukipetfood.com\/wp-content\/uploads\/2025\/04\/logo-suki-en.png","width":1824,"height":844,"caption":"URGEL GANADERA SA"},"image":{"@id":"https:\/\/sukipetfood.com\/#\/schema\/logo\/image\/"},"sameAs":["https:\/\/www.facebook.com\/people\/Suki-Pet-Foods\/61575507998720\/"]}]}},"_links":{"self":[{"href":"https:\/\/sukipetfood.com\/fr\/wp-json\/wp\/v2\/product\/3580","targetHints":{"allow":["GET"]}}],"collection":[{"href":"https:\/\/sukipetfood.com\/fr\/wp-json\/wp\/v2\/product"}],"about":[{"href":"https:\/\/sukipetfood.com\/fr\/wp-json\/wp\/v2\/types\/product"}],"replies":[{"embeddable":true,"href":"https:\/\/sukipetfood.com\/fr\/wp-json\/wp\/v2\/comments?post=3580"}],"version-history":[{"count":4,"href":"https:\/\/sukipetfood.com\/fr\/wp-json\/wp\/v2\/product\/3580\/revisions"}],"predecessor-version":[{"id":8205,"href":"https:\/\/sukipetfood.com\/fr\/wp-json\/wp\/v2\/product\/3580\/revisions\/8205"}],"wp:featuredmedia":[{"embeddable":true,"href":"https:\/\/sukipetfood.com\/fr\/wp-json\/wp\/v2\/media\/7224"}],"wp:attachment":[{"href":"https:\/\/sukipetfood.com\/fr\/wp-json\/wp\/v2\/media?parent=3580"}],"wp:term":[{"taxonomy":"product_brand","embeddable":true,"href":"https:\/\/sukipetfood.com\/fr\/wp-json\/wp\/v2\/product_brand?post=3580"},{"taxonomy":"product_cat","embeddable":true,"href":"https:\/\/sukipetfood.com\/fr\/wp-json\/wp\/v2\/product_cat?post=3580"},{"taxonomy":"product_tag","embeddable":true,"href":"https:\/\/sukipetfood.com\/fr\/wp-json\/wp\/v2\/product_tag?post=3580"}],"curies":[{"name":"wp","href":"https:\/\/api.w.org\/{rel}","templated":true}]}}