{"id":3577,"date":"2025-01-23T10:10:53","date_gmt":"2025-01-23T09:10:53","guid":{"rendered":"https:\/\/sukipetfood.com\/producto\/oeufs-de-caille-8u"},"modified":"2026-04-14T14:48:42","modified_gmt":"2026-04-14T12:48:42","slug":"oeufs-de-caille-8u","status":"publish","type":"product","link":"https:\/\/sukipetfood.com\/fr\/producto\/oeufs-de-caille-8u","title":{"rendered":"\u0152ufs de caille 8u"},"content":{"rendered":"<div class=\"info-adicional-ficha\">\n<section class=\"indicaciones-adicionales\">\n<h3>INGR\u00c9DIENTS<\/h3>\n<p>\u0152ufs de caille, eau, sel, acidulant : acide citrique.<\/p>\n<\/section>\n<section class=\"performance-facts yellow\">\n<header class=\"performance-facts__header\">\n<h3 class=\"performance-facts__title\">COMPOSITION NUTRITIONNELLE<\/h3>\n<\/header>\n<table class=\"performance-facts__table\">\n<thead>\n<tr>\n<th class=\"small-info\" colspan=\"3\">Pour 100 g de produit<\/th>\n<\/tr>\n<\/thead>\n<tbody>\n<tr class=\"thick-row\">\n<th colspan=\"2\"><b>Humidit\u00e9<\/b><\/th>\n<td>72 g<\/td>\n<\/tr>\n<tr class=\"thick-row\">\n<th colspan=\"2\"><b>Prot\u00e9ines brutes<\/b><\/th>\n<td>13 g<\/td>\n<\/tr>\n<tr class=\"thick-row\">\n<th colspan=\"2\"><b>Mati\u00e8res grasses brutes<\/b><\/th>\n<td>13 g<\/td>\n<\/tr>\n<tr class=\"thick-row\">\n<th colspan=\"2\"><b>Fibres brutes<\/b><\/th>\n<td>0 g<\/td>\n<\/tr>\n<tr class=\"thick-row\">\n<th colspan=\"2\"><b>Cendres brutes<\/b><\/th>\n<td>1,17 g<\/td>\n<\/tr>\n<\/tbody>\n<\/table>\n<p class=\"small-info\">* Il ne n\u00e9cessite pas d\u2019apport journalier recommand\u00e9 car ce n\u2019est pas un aliment complet.<\/p>\n<\/section>\n<section class=\"indicaciones-adicionales\">\n<h3>RECOMMANDATIONS DE CONSOMMATION<\/h3>\n<p>\u2022 \u00c2ge recommand\u00e9 : chiot, adulte et senior..<br \/>\n\u2022 Taille de l\u2019animal : petite, moyenne et grande.<\/p>\n<\/section>\n<\/div>\n","protected":false},"excerpt":{"rendered":"<p>\u0152ufs de caille cuits, \u00e9cal\u00e9s et st\u00e9rilis\u00e9s pour assurer une longue dur\u00e9e de conservation. Cette collation moelleuse est con\u00e7ue pour les chiens et les chats de tous \u00e2ges et de toutes tailles, offrant une option nutritive et d\u00e9licieuse.<\/p>\n<h2>Caract\u00e9ristiques principales<\/h2>\n<ul>\n<li><strong>Esp\u00e8ce<\/strong>\u00a0: chien et chat.<\/li>\n<li><strong>Cat\u00e9gorie<\/strong>\u00a0: snack moelleux.<\/li>\n<li><strong>Format<\/strong>\u00a0: 8 unit\u00e9s par pot.<\/li>\n<li><strong>Emballage<\/strong>\u00a0: pot en verre.<\/li>\n<\/ul>\n<div class=\"product-icons\"><img decoding=\"async\" src=\"https:\/\/sukipetfood.com\/wp-content\/uploads\/2025\/04\/GRAIN-FREE_OK.png\" \/><br \/>\n<img decoding=\"async\" src=\"https:\/\/sukipetfood.com\/wp-content\/uploads\/2025\/03\/hypoallergenic-yellow.png\" \/><br \/>\n<img decoding=\"async\" src=\"https:\/\/sukipetfood.com\/wp-content\/uploads\/2025\/04\/QUAIL-EGG_OK.png\" \/><br \/>\n<img decoding=\"async\" src=\"https:\/\/sukipetfood.com\/wp-content\/uploads\/2025\/03\/for-dog-cat-yellow.png\" \/><\/div>\n","protected":false},"featured_media":7192,"comment_status":"open","ping_status":"closed","template":"","meta":[],"product_brand":[],"product_cat":[99,105,104],"product_tag":[],"class_list":{"0":"post-3577","1":"product","2":"type-product","3":"status-publish","4":"has-post-thumbnail","6":"product_cat-perro-fr","7":"product_cat-masticables-perro-fr","8":"product_cat-snack-perro-fr","10":"first","11":"instock","12":"shipping-taxable","13":"product-type-simple"},"yoast_head":"<!-- This site is optimized with the Yoast SEO plugin v27.5 - https:\/\/yoast.com\/product\/yoast-seo-wordpress\/ -->\n<title>\u0152ufs de caille 8u | Suki Pet Food<\/title>\n<meta name=\"description\" content=\"Entra ahora para saber todo sobre \u0152ufs de caille 8u . Descubre todas las caracter\u00edsticas del producto y pide toda la informaci\u00f3n necesaria. \u00a1Entra!\" \/>\n<meta name=\"robots\" content=\"index, follow, max-snippet:-1, max-image-preview:large, max-video-preview:-1\" \/>\n<link rel=\"canonical\" href=\"https:\/\/sukipetfood.com\/fr\/producto\/oeufs-de-caille-8u\" \/>\n<meta property=\"og:locale\" content=\"fr_FR\" \/>\n<meta property=\"og:type\" content=\"article\" \/>\n<meta property=\"og:title\" content=\"\u0152ufs de caille 8u | Suki Pet Food\" \/>\n<meta property=\"og:description\" content=\"Entra ahora para saber todo sobre \u0152ufs de caille 8u . Descubre todas las caracter\u00edsticas del producto y pide toda la informaci\u00f3n necesaria. \u00a1Entra!\" \/>\n<meta property=\"og:url\" content=\"https:\/\/sukipetfood.com\/fr\/producto\/oeufs-de-caille-8u\" \/>\n<meta property=\"og:site_name\" content=\"SUKI\" \/>\n<meta property=\"article:publisher\" content=\"https:\/\/www.facebook.com\/people\/Suki-Pet-Foods\/61575507998720\/\" \/>\n<meta property=\"article:modified_time\" content=\"2026-04-14T12:48:42+00:00\" \/>\n<meta property=\"og:image\" content=\"https:\/\/sukipetfood.com\/wp-content\/uploads\/2025\/11\/Suki-snack-para-perro-y-gato-huevos-de-codorniz.png\" \/>\n\t<meta property=\"og:image:width\" content=\"1176\" \/>\n\t<meta property=\"og:image:height\" content=\"878\" \/>\n\t<meta property=\"og:image:type\" content=\"image\/png\" \/>\n<meta name=\"twitter:card\" content=\"summary_large_image\" \/>\n<meta name=\"twitter:label1\" content=\"Dur\u00e9e de lecture estim\u00e9e\" \/>\n\t<meta name=\"twitter:data1\" content=\"1 minute\" \/>\n<script type=\"application\/ld+json\" class=\"yoast-schema-graph\">{\"@context\":\"https:\\\/\\\/schema.org\",\"@graph\":[{\"@type\":\"WebPage\",\"@id\":\"https:\\\/\\\/sukipetfood.com\\\/fr\\\/producto\\\/oeufs-de-caille-8u\",\"url\":\"https:\\\/\\\/sukipetfood.com\\\/fr\\\/producto\\\/oeufs-de-caille-8u\",\"name\":\"\u0152ufs de caille 8u | Suki Pet Food\",\"isPartOf\":{\"@id\":\"https:\\\/\\\/sukipetfood.com\\\/#website\"},\"primaryImageOfPage\":{\"@id\":\"https:\\\/\\\/sukipetfood.com\\\/fr\\\/producto\\\/oeufs-de-caille-8u#primaryimage\"},\"image\":{\"@id\":\"https:\\\/\\\/sukipetfood.com\\\/fr\\\/producto\\\/oeufs-de-caille-8u#primaryimage\"},\"thumbnailUrl\":\"https:\\\/\\\/sukipetfood.com\\\/wp-content\\\/uploads\\\/2025\\\/11\\\/Suki-snack-para-perro-y-gato-huevos-de-codorniz.png\",\"datePublished\":\"2025-01-23T09:10:53+00:00\",\"dateModified\":\"2026-04-14T12:48:42+00:00\",\"description\":\"Entra ahora para saber todo sobre \u0152ufs de caille 8u . Descubre todas las caracter\u00edsticas del producto y pide toda la informaci\u00f3n necesaria. \u00a1Entra!\",\"breadcrumb\":{\"@id\":\"https:\\\/\\\/sukipetfood.com\\\/fr\\\/producto\\\/oeufs-de-caille-8u#breadcrumb\"},\"inLanguage\":\"fr-FR\",\"potentialAction\":[{\"@type\":\"ReadAction\",\"target\":[\"https:\\\/\\\/sukipetfood.com\\\/fr\\\/producto\\\/oeufs-de-caille-8u\"]}]},{\"@type\":\"ImageObject\",\"inLanguage\":\"fr-FR\",\"@id\":\"https:\\\/\\\/sukipetfood.com\\\/fr\\\/producto\\\/oeufs-de-caille-8u#primaryimage\",\"url\":\"https:\\\/\\\/sukipetfood.com\\\/wp-content\\\/uploads\\\/2025\\\/11\\\/Suki-snack-para-perro-y-gato-huevos-de-codorniz.png\",\"contentUrl\":\"https:\\\/\\\/sukipetfood.com\\\/wp-content\\\/uploads\\\/2025\\\/11\\\/Suki-snack-para-perro-y-gato-huevos-de-codorniz.png\",\"width\":1176,\"height\":878,\"caption\":\"Suki bote de huevos de codorniz\"},{\"@type\":\"BreadcrumbList\",\"@id\":\"https:\\\/\\\/sukipetfood.com\\\/fr\\\/producto\\\/oeufs-de-caille-8u#breadcrumb\",\"itemListElement\":[{\"@type\":\"ListItem\",\"position\":1,\"name\":\"Portada\",\"item\":\"https:\\\/\\\/sukipetfood.com\\\/\"},{\"@type\":\"ListItem\",\"position\":2,\"name\":\"Chien\",\"item\":\"https:\\\/\\\/sukipetfood.com\\\/fr\\\/perro-fr\"},{\"@type\":\"ListItem\",\"position\":3,\"name\":\"Snack\",\"item\":\"https:\\\/\\\/sukipetfood.com\\\/perro\\\/snack-perro\"},{\"@type\":\"ListItem\",\"position\":4,\"name\":\"Masticables\",\"item\":\"https:\\\/\\\/sukipetfood.com\\\/masticables-perro\"},{\"@type\":\"ListItem\",\"position\":5,\"name\":\"\u0152ufs de caille 8u\"}]},{\"@type\":\"WebSite\",\"@id\":\"https:\\\/\\\/sukipetfood.com\\\/#website\",\"url\":\"https:\\\/\\\/sukipetfood.com\\\/\",\"name\":\"SUKI Pet Food - Comida Natural de granja para perros y gatos\",\"description\":\"Momentos que unen\",\"publisher\":{\"@id\":\"https:\\\/\\\/sukipetfood.com\\\/#organization\"},\"potentialAction\":[{\"@type\":\"SearchAction\",\"target\":{\"@type\":\"EntryPoint\",\"urlTemplate\":\"https:\\\/\\\/sukipetfood.com\\\/?s={search_term_string}\"},\"query-input\":{\"@type\":\"PropertyValueSpecification\",\"valueRequired\":true,\"valueName\":\"search_term_string\"}}],\"inLanguage\":\"fr-FR\"},{\"@type\":\"Organization\",\"@id\":\"https:\\\/\\\/sukipetfood.com\\\/#organization\",\"name\":\"URGEL GANADERA SA\",\"url\":\"https:\\\/\\\/sukipetfood.com\\\/\",\"logo\":{\"@type\":\"ImageObject\",\"inLanguage\":\"fr-FR\",\"@id\":\"https:\\\/\\\/sukipetfood.com\\\/#\\\/schema\\\/logo\\\/image\\\/\",\"url\":\"https:\\\/\\\/sukipetfood.com\\\/wp-content\\\/uploads\\\/2025\\\/04\\\/logo-suki-en.png\",\"contentUrl\":\"https:\\\/\\\/sukipetfood.com\\\/wp-content\\\/uploads\\\/2025\\\/04\\\/logo-suki-en.png\",\"width\":1824,\"height\":844,\"caption\":\"URGEL GANADERA SA\"},\"image\":{\"@id\":\"https:\\\/\\\/sukipetfood.com\\\/#\\\/schema\\\/logo\\\/image\\\/\"},\"sameAs\":[\"https:\\\/\\\/www.facebook.com\\\/people\\\/Suki-Pet-Foods\\\/61575507998720\\\/\"]}]}<\/script>\n<!-- \/ Yoast SEO plugin. -->","yoast_head_json":{"title":"\u0152ufs de caille 8u | Suki Pet Food","description":"Entra ahora para saber todo sobre \u0152ufs de caille 8u . Descubre todas las caracter\u00edsticas del producto y pide toda la informaci\u00f3n necesaria. \u00a1Entra!","robots":{"index":"index","follow":"follow","max-snippet":"max-snippet:-1","max-image-preview":"max-image-preview:large","max-video-preview":"max-video-preview:-1"},"canonical":"https:\/\/sukipetfood.com\/fr\/producto\/oeufs-de-caille-8u","og_locale":"fr_FR","og_type":"article","og_title":"\u0152ufs de caille 8u | Suki Pet Food","og_description":"Entra ahora para saber todo sobre \u0152ufs de caille 8u . Descubre todas las caracter\u00edsticas del producto y pide toda la informaci\u00f3n necesaria. \u00a1Entra!","og_url":"https:\/\/sukipetfood.com\/fr\/producto\/oeufs-de-caille-8u","og_site_name":"SUKI","article_publisher":"https:\/\/www.facebook.com\/people\/Suki-Pet-Foods\/61575507998720\/","article_modified_time":"2026-04-14T12:48:42+00:00","og_image":[{"width":1176,"height":878,"url":"https:\/\/sukipetfood.com\/wp-content\/uploads\/2025\/11\/Suki-snack-para-perro-y-gato-huevos-de-codorniz.png","type":"image\/png"}],"twitter_card":"summary_large_image","twitter_misc":{"Dur\u00e9e de lecture estim\u00e9e":"1 minute"},"schema":{"@context":"https:\/\/schema.org","@graph":[{"@type":"WebPage","@id":"https:\/\/sukipetfood.com\/fr\/producto\/oeufs-de-caille-8u","url":"https:\/\/sukipetfood.com\/fr\/producto\/oeufs-de-caille-8u","name":"\u0152ufs de caille 8u | Suki Pet Food","isPartOf":{"@id":"https:\/\/sukipetfood.com\/#website"},"primaryImageOfPage":{"@id":"https:\/\/sukipetfood.com\/fr\/producto\/oeufs-de-caille-8u#primaryimage"},"image":{"@id":"https:\/\/sukipetfood.com\/fr\/producto\/oeufs-de-caille-8u#primaryimage"},"thumbnailUrl":"https:\/\/sukipetfood.com\/wp-content\/uploads\/2025\/11\/Suki-snack-para-perro-y-gato-huevos-de-codorniz.png","datePublished":"2025-01-23T09:10:53+00:00","dateModified":"2026-04-14T12:48:42+00:00","description":"Entra ahora para saber todo sobre \u0152ufs de caille 8u . Descubre todas las caracter\u00edsticas del producto y pide toda la informaci\u00f3n necesaria. \u00a1Entra!","breadcrumb":{"@id":"https:\/\/sukipetfood.com\/fr\/producto\/oeufs-de-caille-8u#breadcrumb"},"inLanguage":"fr-FR","potentialAction":[{"@type":"ReadAction","target":["https:\/\/sukipetfood.com\/fr\/producto\/oeufs-de-caille-8u"]}]},{"@type":"ImageObject","inLanguage":"fr-FR","@id":"https:\/\/sukipetfood.com\/fr\/producto\/oeufs-de-caille-8u#primaryimage","url":"https:\/\/sukipetfood.com\/wp-content\/uploads\/2025\/11\/Suki-snack-para-perro-y-gato-huevos-de-codorniz.png","contentUrl":"https:\/\/sukipetfood.com\/wp-content\/uploads\/2025\/11\/Suki-snack-para-perro-y-gato-huevos-de-codorniz.png","width":1176,"height":878,"caption":"Suki bote de huevos de codorniz"},{"@type":"BreadcrumbList","@id":"https:\/\/sukipetfood.com\/fr\/producto\/oeufs-de-caille-8u#breadcrumb","itemListElement":[{"@type":"ListItem","position":1,"name":"Portada","item":"https:\/\/sukipetfood.com\/"},{"@type":"ListItem","position":2,"name":"Chien","item":"https:\/\/sukipetfood.com\/fr\/perro-fr"},{"@type":"ListItem","position":3,"name":"Snack","item":"https:\/\/sukipetfood.com\/perro\/snack-perro"},{"@type":"ListItem","position":4,"name":"Masticables","item":"https:\/\/sukipetfood.com\/masticables-perro"},{"@type":"ListItem","position":5,"name":"\u0152ufs de caille 8u"}]},{"@type":"WebSite","@id":"https:\/\/sukipetfood.com\/#website","url":"https:\/\/sukipetfood.com\/","name":"SUKI Pet Food - Comida Natural de granja para perros y gatos","description":"Momentos que unen","publisher":{"@id":"https:\/\/sukipetfood.com\/#organization"},"potentialAction":[{"@type":"SearchAction","target":{"@type":"EntryPoint","urlTemplate":"https:\/\/sukipetfood.com\/?s={search_term_string}"},"query-input":{"@type":"PropertyValueSpecification","valueRequired":true,"valueName":"search_term_string"}}],"inLanguage":"fr-FR"},{"@type":"Organization","@id":"https:\/\/sukipetfood.com\/#organization","name":"URGEL GANADERA SA","url":"https:\/\/sukipetfood.com\/","logo":{"@type":"ImageObject","inLanguage":"fr-FR","@id":"https:\/\/sukipetfood.com\/#\/schema\/logo\/image\/","url":"https:\/\/sukipetfood.com\/wp-content\/uploads\/2025\/04\/logo-suki-en.png","contentUrl":"https:\/\/sukipetfood.com\/wp-content\/uploads\/2025\/04\/logo-suki-en.png","width":1824,"height":844,"caption":"URGEL GANADERA SA"},"image":{"@id":"https:\/\/sukipetfood.com\/#\/schema\/logo\/image\/"},"sameAs":["https:\/\/www.facebook.com\/people\/Suki-Pet-Foods\/61575507998720\/"]}]}},"_links":{"self":[{"href":"https:\/\/sukipetfood.com\/fr\/wp-json\/wp\/v2\/product\/3577","targetHints":{"allow":["GET"]}}],"collection":[{"href":"https:\/\/sukipetfood.com\/fr\/wp-json\/wp\/v2\/product"}],"about":[{"href":"https:\/\/sukipetfood.com\/fr\/wp-json\/wp\/v2\/types\/product"}],"replies":[{"embeddable":true,"href":"https:\/\/sukipetfood.com\/fr\/wp-json\/wp\/v2\/comments?post=3577"}],"version-history":[{"count":3,"href":"https:\/\/sukipetfood.com\/fr\/wp-json\/wp\/v2\/product\/3577\/revisions"}],"predecessor-version":[{"id":5424,"href":"https:\/\/sukipetfood.com\/fr\/wp-json\/wp\/v2\/product\/3577\/revisions\/5424"}],"wp:featuredmedia":[{"embeddable":true,"href":"https:\/\/sukipetfood.com\/fr\/wp-json\/wp\/v2\/media\/7192"}],"wp:attachment":[{"href":"https:\/\/sukipetfood.com\/fr\/wp-json\/wp\/v2\/media?parent=3577"}],"wp:term":[{"taxonomy":"product_brand","embeddable":true,"href":"https:\/\/sukipetfood.com\/fr\/wp-json\/wp\/v2\/product_brand?post=3577"},{"taxonomy":"product_cat","embeddable":true,"href":"https:\/\/sukipetfood.com\/fr\/wp-json\/wp\/v2\/product_cat?post=3577"},{"taxonomy":"product_tag","embeddable":true,"href":"https:\/\/sukipetfood.com\/fr\/wp-json\/wp\/v2\/product_tag?post=3577"}],"curies":[{"name":"wp","href":"https:\/\/api.w.org\/{rel}","templated":true}]}}