{"id":3564,"date":"2025-03-26T09:39:58","date_gmt":"2025-03-26T08:39:58","guid":{"rendered":"https:\/\/sukipetfood.com\/producto\/aliment-complet-3-kg"},"modified":"2026-05-06T15:41:16","modified_gmt":"2026-05-06T13:41:16","slug":"aliment-complet-3-kg","status":"publish","type":"product","link":"https:\/\/sukipetfood.com\/fr\/producto\/aliment-complet-3-kg","title":{"rendered":"Aliment complet 3 kg Caille et Canard"},"content":{"rendered":"\t\t<div data-elementor-type=\"wp-post\" data-elementor-id=\"3564\" class=\"elementor elementor-3564 elementor-741\" data-elementor-settings=\"{&quot;element_pack_global_tooltip_width&quot;:{&quot;unit&quot;:&quot;px&quot;,&quot;size&quot;:&quot;&quot;,&quot;sizes&quot;:[]},&quot;element_pack_global_tooltip_width_tablet&quot;:{&quot;unit&quot;:&quot;px&quot;,&quot;size&quot;:&quot;&quot;,&quot;sizes&quot;:[]},&quot;element_pack_global_tooltip_width_mobile&quot;:{&quot;unit&quot;:&quot;px&quot;,&quot;size&quot;:&quot;&quot;,&quot;sizes&quot;:[]},&quot;element_pack_global_tooltip_padding&quot;:{&quot;unit&quot;:&quot;px&quot;,&quot;top&quot;:&quot;&quot;,&quot;right&quot;:&quot;&quot;,&quot;bottom&quot;:&quot;&quot;,&quot;left&quot;:&quot;&quot;,&quot;isLinked&quot;:true},&quot;element_pack_global_tooltip_padding_tablet&quot;:{&quot;unit&quot;:&quot;px&quot;,&quot;top&quot;:&quot;&quot;,&quot;right&quot;:&quot;&quot;,&quot;bottom&quot;:&quot;&quot;,&quot;left&quot;:&quot;&quot;,&quot;isLinked&quot;:true},&quot;element_pack_global_tooltip_padding_mobile&quot;:{&quot;unit&quot;:&quot;px&quot;,&quot;top&quot;:&quot;&quot;,&quot;right&quot;:&quot;&quot;,&quot;bottom&quot;:&quot;&quot;,&quot;left&quot;:&quot;&quot;,&quot;isLinked&quot;:true},&quot;element_pack_global_tooltip_border_radius&quot;:{&quot;unit&quot;:&quot;px&quot;,&quot;top&quot;:&quot;&quot;,&quot;right&quot;:&quot;&quot;,&quot;bottom&quot;:&quot;&quot;,&quot;left&quot;:&quot;&quot;,&quot;isLinked&quot;:true},&quot;element_pack_global_tooltip_border_radius_tablet&quot;:{&quot;unit&quot;:&quot;px&quot;,&quot;top&quot;:&quot;&quot;,&quot;right&quot;:&quot;&quot;,&quot;bottom&quot;:&quot;&quot;,&quot;left&quot;:&quot;&quot;,&quot;isLinked&quot;:true},&quot;element_pack_global_tooltip_border_radius_mobile&quot;:{&quot;unit&quot;:&quot;px&quot;,&quot;top&quot;:&quot;&quot;,&quot;right&quot;:&quot;&quot;,&quot;bottom&quot;:&quot;&quot;,&quot;left&quot;:&quot;&quot;,&quot;isLinked&quot;:true}}\" data-elementor-post-type=\"product\">\n\t\t\t\t<div class=\"elementor-element elementor-element-38fd81e9 e-flex e-con-boxed e-con e-parent\" data-id=\"38fd81e9\" data-element_type=\"container\" data-e-type=\"container\">\n\t\t\t\t\t<div class=\"e-con-inner\">\n\t\t\t\t<div class=\"elementor-element elementor-element-2aeabb04 elementor-widget elementor-widget-text-editor\" data-id=\"2aeabb04\" data-element_type=\"widget\" data-e-type=\"widget\" data-widget_type=\"text-editor.default\">\n\t\t\t\t<div class=\"elementor-widget-container\">\n\t\t\t\t\t\t\t\t\t<div class=\"info-adicional-ficha ficha-red\"><section class=\"proceso-fabricacion\">\n<h4>PROCESSUS DE FABRICATION<\/h4>\nAu cours du processus de fabrication, on obtient des produits d&rsquo;excellente app\u00e9tence.\n\nLes aliments ont \u00e9t\u00e9 fabriqu\u00e9s avec soin et attention pour garantir la qualit\u00e9 finale du produit, car ils utilisent une technologie de fabrication de pointe qui atteint un niveau \u00e9lev\u00e9 de s\u00e9curit\u00e9 alimentaire et d&rsquo;innocuit\u00e9. Ce processus garantit que le produit a une valeur nutritionnelle \u00e9lev\u00e9e et est donc plus sain pour l\u2019animal. \n\n<\/section><section class=\"proceso-fabricacion\">\n<h4>INGR\u00c9DIENTS<\/h4>\nViandes et poissons frais (40 % caille fra\u00eeche, 25 % canard frais, 10 % poisson sauvage), amidon hydrolys\u00e9, pomme de terre, courgette, potiron, poire, \u0153uf de caille, tocoph\u00e9rols* d&rsquo;origine v\u00e9g\u00e9tale, extrait de romarin et huiles essentielles d&rsquo;origan, thym, clou de girofle, romarin et cannelle de Ceylan.\n\n<strong>* La vitamine E (\u00e9galement appel\u00e9e tocoph\u00e9rol ou alpha-tocoph\u00e9rol) est un nutriment pr\u00e9sent dans toutes les cellules de l&rsquo;organisme. Elle contribue au bon fonctionnement des nerfs et des muscles, pr\u00e9vient la formation de caillots sanguins et renforce le syst\u00e8me immunitaire, ce qui permet de lutter contre les infections dues aux germes. <\/strong>\n\n<\/section><section class=\"performance-facts red\"><header class=\"performance-facts__header\">\n<h4 class=\"performance-facts__title\">COMPOSITION NUTRITIONNELLE<\/h4>\n<\/header>\n<table class=\"performance-facts__table\">\n<thead>\n<tr>\n<th class=\"small-info\" colspan=\"3\">Pour 100 g de produit<\/th>\n<\/tr>\n<\/thead>\n<tbody>\n<tr class=\"thick-row\">\n<th colspan=\"2\"><strong>Humedad<\/strong><\/th>\n<td>18,5%<\/td>\n<\/tr>\n<tr class=\"thick-row\">\n<th colspan=\"2\"><strong>Prot\u00e9ines brutes<\/strong><\/th>\n<td>27,3%<\/td>\n<\/tr>\n<tr class=\"thick-row\">\n<th colspan=\"2\"><strong>Mati\u00e8res grasses brutes<\/strong><\/th>\n<td>18,3%<\/td>\n<\/tr>\n<tr class=\"thick-row\">\n<th colspan=\"2\"><strong>Fibres brutes<\/strong><\/th>\n<td>1,8%<\/td>\n<\/tr>\n<tr class=\"thick-row\">\n<th colspan=\"2\"><strong>Cendres brutes<\/strong><\/th>\n<td>6,6%<\/td>\n<\/tr>\n<\/tbody>\n<\/table>\n\n<\/section><section class=\"indicaciones-adicionales\">\n<h4>RECOMMANDATIONS DE CONSOMMATION<\/h4>\n<table class=\"responsive-table\">\n<thead>\n<tr>\nQuantit\u00e9 (g)\n<th class=\"cifras\" rowspan=\"2\"><\/th><th class=\"whitext\" colspan=\"9\">Poids du chien (kg)<\/th>\n<\/tr>\n<tr>\n<th>2<\/th>\n<th>5<\/th>\n<th>10<\/th>\n<th>15<\/th>\n<th>20<\/th>\n<th>25<\/th>\n<th>30<\/th>\n<th>40<\/th>\n<th>60<\/th>\n<\/tr>\n<\/thead>\n<tbody>\n<tr>\n<td class=\"subtitle left-align\" data-label=\"Tipo de perro\">Actif (activit\u00e9 mod\u00e9r\u00e9e 1 \u00e0 3 h\/jour)<\/td>\n<td class=\"cifras\" data-label=\"2 kg\">48<\/td>\n<td class=\"cifras\" data-label=\"5 kg\">96<\/td>\n<td class=\"cifras\" data-label=\"10 kg\">161<\/td>\n<td class=\"cifras\" data-label=\"15 kg\">218<\/td>\n<td class=\"cifras\" data-label=\"20 kg\">271<\/td>\n<td class=\"cifras\" data-label=\"25 kg\">320<\/td>\n<td class=\"cifras\" data-label=\"30 kg\">367<\/td>\n<td class=\"cifras\" data-label=\"40 kg\">456<\/td>\n<td class=\"cifras\" data-label=\"60 kg\">618<\/td>\n<\/tr>\n<tr>\n<td class=\"subtitle left-align\" data-label=\"Tipo de perro\">S\u00e9dentaire (&lt;1h d&rsquo;activit\u00e9)<\/td>\n<td class=\"cifras\" data-label=\"2 kg\">42<\/td>\n<td class=\"cifras\" data-label=\"5 kg\">83<\/td>\n<td class=\"cifras\" data-label=\"10 kg\">139<\/td>\n<td class=\"cifras\" data-label=\"15 kg\">189<\/td>\n<td class=\"cifras\" data-label=\"20 kg\">234<\/td>\n<td class=\"cifras\" data-label=\"25 kg\">277<\/td>\n<td class=\"cifras\" data-label=\"30 kg\">317<\/td>\n<td class=\"cifras\" data-label=\"40 kg\">394<\/td>\n<td class=\"cifras\" data-label=\"60 kg\">533<\/td>\n<\/tr>\n<tr>\n<td class=\"highlight left-align\" data-label=\"Tipo de perro\">Ob\u00e8se (tendance \u00e0 prendre du poids)<\/td>\n<td class=\"cifras\" data-label=\"2 kg\">37<\/td>\n<td class=\"cifras\" data-label=\"5 kg\">74<\/td>\n<td class=\"cifras\" data-label=\"10 kg\">125<\/td>\n<td class=\"cifras\" data-label=\"15 kg\">169<\/td>\n<td class=\"cifras\" data-label=\"20 kg\">209<\/td>\n<td class=\"cifras\" data-label=\"25 kg\">248<\/td>\n<td class=\"cifras\" data-label=\"30 kg\">284<\/td>\n<td class=\"cifras\" data-label=\"40 kg\">352<\/td>\n<td class=\"cifras\" data-label=\"60 kg\">477<\/td>\n<\/tr>\n<\/tbody>\n<\/table>\n<ul>\n \t<li>\u00c2ge recommand\u00e9 : chiot, adulte et senior.<\/li>\n \t<li>Taille de l\u2019animal : petite, moyenne et grande.<\/li>\n \t<li>Apport journalier recommand\u00e9 : consulter le tableau des rations quotidiennes figurant sur l&#8217;emballage.<\/li>\n<\/ul>\n<\/section><section class=\"indicaciones-adicionales\">\n<h4>INSTRUCTIONS SUPPL\u00c9MENTAIRES<\/h4>\n<ul>\n \t<li>Conserver dans un endroit frais et sec, \u00e0 l&rsquo;abri de la lumi\u00e8re directe du soleil.<\/li>\n \t<li>Assurer l\u2019acc\u00e8s \u00e0 de l\u2019eau fra\u00eeche et propre.<\/li>\n \t<li>\u00c0 consommer de pr\u00e9f\u00e9rence avant 18 mois \u00e0 compter de la date de production.<\/li>\n<\/ul>\n<\/section><\/div>\t\t\t\t\t\t\t\t<\/div>\n\t\t\t\t<\/div>\n\t\t\t\t\t<\/div>\n\t\t\t\t<\/div>\n\t\t\t\t<\/div>\n\t\t","protected":false},"excerpt":{"rendered":"<p>Nourriture semi-humide pour chiens, faite avec de la viande de caille fra\u00eeche comme base prot\u00e9ique, provenant de nos fermes familiales. Sans farines de viande, sans ar\u00f4mes ni saveurs artificiels. Avec des ingr\u00e9dients naturels cuits \u00e0 l\u2019aide de notre technologie exclusive Tenderize, qui garantit une nutrition intacte et une saveur pure \u00e0 chaque bouch\u00e9e.  <\/p>\n<h2>Caract\u00e9ristiques principales<\/h2>\n<ul>\n<li aria-level=\"1\"><b>Esp\u00e8ce<\/b> : chien.<\/li>\n<li aria-level=\"1\"><b>Cat\u00e9gorie<\/b> : aliment complet.<\/li>\n<li aria-level=\"1\"><b>Format<\/b> : sac de 3 kg.<\/li>\n<li aria-level=\"1\"><b>Emballage<\/b> :sachet plastique sous vide.<\/li>\n<\/ul>\n<div class=\"product-icons\"><img decoding=\"async\" src=\"https:\/\/sukipetfood.com\/wp-content\/uploads\/2025\/03\/for-dog.png\"><br \/>\n<img decoding=\"async\" src=\"https:\/\/sukipetfood.com\/wp-content\/uploads\/2025\/03\/local-suppliers.png\"><br \/>\n<img decoding=\"async\" src=\"https:\/\/sukipetfood.com\/wp-content\/uploads\/2025\/04\/no-artificial-flavours-1-1.png\"><br \/>\n<img decoding=\"async\" src=\"https:\/\/sukipetfood.com\/wp-content\/uploads\/2025\/04\/grain-free-ok.png\"><br \/>\n<img decoding=\"async\" src=\"https:\/\/sukipetfood.com\/wp-content\/uploads\/2025\/04\/gmo-free.png\"><\/div>\n","protected":false},"featured_media":7208,"comment_status":"open","ping_status":"closed","template":"","meta":[],"product_brand":[],"product_cat":[100,99,107],"product_tag":[],"class_list":{"0":"post-3564","1":"product","2":"type-product","3":"status-publish","4":"has-post-thumbnail","6":"product_cat-alimento-completo-perro-fr","7":"product_cat-perro-fr","8":"product_cat-semi-humedo-perro-fr","10":"first","11":"instock","12":"shipping-taxable","13":"product-type-simple"},"yoast_head":"<!-- This site is optimized with the Yoast SEO plugin v27.5 - https:\/\/yoast.com\/product\/yoast-seo-wordpress\/ -->\n<title>Aliment complet 3 kg Caille et Canard | Suki Pet Food<\/title>\n<meta name=\"description\" content=\"Entra ahora para saber todo sobre Aliment complet 3 kg Caille et Canard . Descubre todas las caracter\u00edsticas del producto y pide toda la informaci\u00f3n necesaria. \u00a1Entra!\" \/>\n<meta name=\"robots\" content=\"index, follow, max-snippet:-1, max-image-preview:large, max-video-preview:-1\" \/>\n<link rel=\"canonical\" href=\"https:\/\/sukipetfood.com\/fr\/producto\/aliment-complet-3-kg\" \/>\n<meta property=\"og:locale\" content=\"fr_FR\" \/>\n<meta property=\"og:type\" content=\"article\" \/>\n<meta property=\"og:title\" content=\"Aliment complet 3 kg Caille et Canard | Suki Pet Food\" \/>\n<meta property=\"og:description\" content=\"Entra ahora para saber todo sobre Aliment complet 3 kg Caille et Canard . Descubre todas las caracter\u00edsticas del producto y pide toda la informaci\u00f3n necesaria. \u00a1Entra!\" \/>\n<meta property=\"og:url\" content=\"https:\/\/sukipetfood.com\/fr\/producto\/aliment-complet-3-kg\" \/>\n<meta property=\"og:site_name\" content=\"SUKI\" \/>\n<meta property=\"article:publisher\" content=\"https:\/\/www.facebook.com\/people\/Suki-Pet-Foods\/61575507998720\/\" \/>\n<meta property=\"article:modified_time\" content=\"2026-05-06T13:41:16+00:00\" \/>\n<meta property=\"og:image\" content=\"https:\/\/sukipetfood.com\/wp-content\/uploads\/2025\/03\/Suki-alimento-completo-para-perro-saco-3kg-codorniz-y-pato-scaled.jpg\" \/>\n\t<meta property=\"og:image:width\" content=\"2560\" \/>\n\t<meta property=\"og:image:height\" content=\"1920\" \/>\n\t<meta property=\"og:image:type\" content=\"image\/jpeg\" \/>\n<meta name=\"twitter:card\" content=\"summary_large_image\" \/>\n<meta name=\"twitter:label1\" content=\"Dur\u00e9e de lecture estim\u00e9e\" \/>\n\t<meta name=\"twitter:data1\" content=\"2 minutes\" \/>\n<script type=\"application\/ld+json\" class=\"yoast-schema-graph\">{\"@context\":\"https:\\\/\\\/schema.org\",\"@graph\":[{\"@type\":\"WebPage\",\"@id\":\"https:\\\/\\\/sukipetfood.com\\\/fr\\\/producto\\\/aliment-complet-3-kg\",\"url\":\"https:\\\/\\\/sukipetfood.com\\\/fr\\\/producto\\\/aliment-complet-3-kg\",\"name\":\"Aliment complet 3 kg Caille et Canard | Suki Pet Food\",\"isPartOf\":{\"@id\":\"https:\\\/\\\/sukipetfood.com\\\/#website\"},\"primaryImageOfPage\":{\"@id\":\"https:\\\/\\\/sukipetfood.com\\\/fr\\\/producto\\\/aliment-complet-3-kg#primaryimage\"},\"image\":{\"@id\":\"https:\\\/\\\/sukipetfood.com\\\/fr\\\/producto\\\/aliment-complet-3-kg#primaryimage\"},\"thumbnailUrl\":\"https:\\\/\\\/sukipetfood.com\\\/wp-content\\\/uploads\\\/2025\\\/03\\\/Suki-alimento-completo-para-perro-saco-3kg-codorniz-y-pato-scaled.jpg\",\"datePublished\":\"2025-03-26T08:39:58+00:00\",\"dateModified\":\"2026-05-06T13:41:16+00:00\",\"description\":\"Entra ahora para saber todo sobre Aliment complet 3 kg Caille et Canard . Descubre todas las caracter\u00edsticas del producto y pide toda la informaci\u00f3n necesaria. \u00a1Entra!\",\"breadcrumb\":{\"@id\":\"https:\\\/\\\/sukipetfood.com\\\/fr\\\/producto\\\/aliment-complet-3-kg#breadcrumb\"},\"inLanguage\":\"fr-FR\",\"potentialAction\":[{\"@type\":\"ReadAction\",\"target\":[\"https:\\\/\\\/sukipetfood.com\\\/fr\\\/producto\\\/aliment-complet-3-kg\"]}]},{\"@type\":\"ImageObject\",\"inLanguage\":\"fr-FR\",\"@id\":\"https:\\\/\\\/sukipetfood.com\\\/fr\\\/producto\\\/aliment-complet-3-kg#primaryimage\",\"url\":\"https:\\\/\\\/sukipetfood.com\\\/wp-content\\\/uploads\\\/2025\\\/03\\\/Suki-alimento-completo-para-perro-saco-3kg-codorniz-y-pato-scaled.jpg\",\"contentUrl\":\"https:\\\/\\\/sukipetfood.com\\\/wp-content\\\/uploads\\\/2025\\\/03\\\/Suki-alimento-completo-para-perro-saco-3kg-codorniz-y-pato-scaled.jpg\",\"width\":2560,\"height\":1920},{\"@type\":\"BreadcrumbList\",\"@id\":\"https:\\\/\\\/sukipetfood.com\\\/fr\\\/producto\\\/aliment-complet-3-kg#breadcrumb\",\"itemListElement\":[{\"@type\":\"ListItem\",\"position\":1,\"name\":\"Portada\",\"item\":\"https:\\\/\\\/sukipetfood.com\\\/\"},{\"@type\":\"ListItem\",\"position\":2,\"name\":\"Chien\",\"item\":\"https:\\\/\\\/sukipetfood.com\\\/fr\\\/perro-fr\"},{\"@type\":\"ListItem\",\"position\":3,\"name\":\"Alimento completo\",\"item\":\"https:\\\/\\\/sukipetfood.com\\\/perro\\\/alimento-completo-perro\"},{\"@type\":\"ListItem\",\"position\":4,\"name\":\"Semih\u00famedo\",\"item\":\"https:\\\/\\\/sukipetfood.com\\\/perro\\\/alimento-completo-perro\\\/semihumedo-perro\"},{\"@type\":\"ListItem\",\"position\":5,\"name\":\"Aliment complet 3 kg Caille et Canard\"}]},{\"@type\":\"WebSite\",\"@id\":\"https:\\\/\\\/sukipetfood.com\\\/#website\",\"url\":\"https:\\\/\\\/sukipetfood.com\\\/\",\"name\":\"SUKI Pet Food - Comida Natural de granja para perros y gatos\",\"description\":\"Momentos que unen\",\"publisher\":{\"@id\":\"https:\\\/\\\/sukipetfood.com\\\/#organization\"},\"potentialAction\":[{\"@type\":\"SearchAction\",\"target\":{\"@type\":\"EntryPoint\",\"urlTemplate\":\"https:\\\/\\\/sukipetfood.com\\\/?s={search_term_string}\"},\"query-input\":{\"@type\":\"PropertyValueSpecification\",\"valueRequired\":true,\"valueName\":\"search_term_string\"}}],\"inLanguage\":\"fr-FR\"},{\"@type\":\"Organization\",\"@id\":\"https:\\\/\\\/sukipetfood.com\\\/#organization\",\"name\":\"URGEL GANADERA SA\",\"url\":\"https:\\\/\\\/sukipetfood.com\\\/\",\"logo\":{\"@type\":\"ImageObject\",\"inLanguage\":\"fr-FR\",\"@id\":\"https:\\\/\\\/sukipetfood.com\\\/#\\\/schema\\\/logo\\\/image\\\/\",\"url\":\"https:\\\/\\\/sukipetfood.com\\\/wp-content\\\/uploads\\\/2025\\\/04\\\/logo-suki-en.png\",\"contentUrl\":\"https:\\\/\\\/sukipetfood.com\\\/wp-content\\\/uploads\\\/2025\\\/04\\\/logo-suki-en.png\",\"width\":1824,\"height\":844,\"caption\":\"URGEL GANADERA SA\"},\"image\":{\"@id\":\"https:\\\/\\\/sukipetfood.com\\\/#\\\/schema\\\/logo\\\/image\\\/\"},\"sameAs\":[\"https:\\\/\\\/www.facebook.com\\\/people\\\/Suki-Pet-Foods\\\/61575507998720\\\/\"]}]}<\/script>\n<!-- \/ Yoast SEO plugin. -->","yoast_head_json":{"title":"Aliment complet 3 kg Caille et Canard | Suki Pet Food","description":"Entra ahora para saber todo sobre Aliment complet 3 kg Caille et Canard . Descubre todas las caracter\u00edsticas del producto y pide toda la informaci\u00f3n necesaria. \u00a1Entra!","robots":{"index":"index","follow":"follow","max-snippet":"max-snippet:-1","max-image-preview":"max-image-preview:large","max-video-preview":"max-video-preview:-1"},"canonical":"https:\/\/sukipetfood.com\/fr\/producto\/aliment-complet-3-kg","og_locale":"fr_FR","og_type":"article","og_title":"Aliment complet 3 kg Caille et Canard | Suki Pet Food","og_description":"Entra ahora para saber todo sobre Aliment complet 3 kg Caille et Canard . Descubre todas las caracter\u00edsticas del producto y pide toda la informaci\u00f3n necesaria. \u00a1Entra!","og_url":"https:\/\/sukipetfood.com\/fr\/producto\/aliment-complet-3-kg","og_site_name":"SUKI","article_publisher":"https:\/\/www.facebook.com\/people\/Suki-Pet-Foods\/61575507998720\/","article_modified_time":"2026-05-06T13:41:16+00:00","og_image":[{"width":2560,"height":1920,"url":"https:\/\/sukipetfood.com\/wp-content\/uploads\/2025\/03\/Suki-alimento-completo-para-perro-saco-3kg-codorniz-y-pato-scaled.jpg","type":"image\/jpeg"}],"twitter_card":"summary_large_image","twitter_misc":{"Dur\u00e9e de lecture estim\u00e9e":"2 minutes"},"schema":{"@context":"https:\/\/schema.org","@graph":[{"@type":"WebPage","@id":"https:\/\/sukipetfood.com\/fr\/producto\/aliment-complet-3-kg","url":"https:\/\/sukipetfood.com\/fr\/producto\/aliment-complet-3-kg","name":"Aliment complet 3 kg Caille et Canard | Suki Pet Food","isPartOf":{"@id":"https:\/\/sukipetfood.com\/#website"},"primaryImageOfPage":{"@id":"https:\/\/sukipetfood.com\/fr\/producto\/aliment-complet-3-kg#primaryimage"},"image":{"@id":"https:\/\/sukipetfood.com\/fr\/producto\/aliment-complet-3-kg#primaryimage"},"thumbnailUrl":"https:\/\/sukipetfood.com\/wp-content\/uploads\/2025\/03\/Suki-alimento-completo-para-perro-saco-3kg-codorniz-y-pato-scaled.jpg","datePublished":"2025-03-26T08:39:58+00:00","dateModified":"2026-05-06T13:41:16+00:00","description":"Entra ahora para saber todo sobre Aliment complet 3 kg Caille et Canard . Descubre todas las caracter\u00edsticas del producto y pide toda la informaci\u00f3n necesaria. \u00a1Entra!","breadcrumb":{"@id":"https:\/\/sukipetfood.com\/fr\/producto\/aliment-complet-3-kg#breadcrumb"},"inLanguage":"fr-FR","potentialAction":[{"@type":"ReadAction","target":["https:\/\/sukipetfood.com\/fr\/producto\/aliment-complet-3-kg"]}]},{"@type":"ImageObject","inLanguage":"fr-FR","@id":"https:\/\/sukipetfood.com\/fr\/producto\/aliment-complet-3-kg#primaryimage","url":"https:\/\/sukipetfood.com\/wp-content\/uploads\/2025\/03\/Suki-alimento-completo-para-perro-saco-3kg-codorniz-y-pato-scaled.jpg","contentUrl":"https:\/\/sukipetfood.com\/wp-content\/uploads\/2025\/03\/Suki-alimento-completo-para-perro-saco-3kg-codorniz-y-pato-scaled.jpg","width":2560,"height":1920},{"@type":"BreadcrumbList","@id":"https:\/\/sukipetfood.com\/fr\/producto\/aliment-complet-3-kg#breadcrumb","itemListElement":[{"@type":"ListItem","position":1,"name":"Portada","item":"https:\/\/sukipetfood.com\/"},{"@type":"ListItem","position":2,"name":"Chien","item":"https:\/\/sukipetfood.com\/fr\/perro-fr"},{"@type":"ListItem","position":3,"name":"Alimento completo","item":"https:\/\/sukipetfood.com\/perro\/alimento-completo-perro"},{"@type":"ListItem","position":4,"name":"Semih\u00famedo","item":"https:\/\/sukipetfood.com\/perro\/alimento-completo-perro\/semihumedo-perro"},{"@type":"ListItem","position":5,"name":"Aliment complet 3 kg Caille et Canard"}]},{"@type":"WebSite","@id":"https:\/\/sukipetfood.com\/#website","url":"https:\/\/sukipetfood.com\/","name":"SUKI Pet Food - Comida Natural de granja para perros y gatos","description":"Momentos que unen","publisher":{"@id":"https:\/\/sukipetfood.com\/#organization"},"potentialAction":[{"@type":"SearchAction","target":{"@type":"EntryPoint","urlTemplate":"https:\/\/sukipetfood.com\/?s={search_term_string}"},"query-input":{"@type":"PropertyValueSpecification","valueRequired":true,"valueName":"search_term_string"}}],"inLanguage":"fr-FR"},{"@type":"Organization","@id":"https:\/\/sukipetfood.com\/#organization","name":"URGEL GANADERA SA","url":"https:\/\/sukipetfood.com\/","logo":{"@type":"ImageObject","inLanguage":"fr-FR","@id":"https:\/\/sukipetfood.com\/#\/schema\/logo\/image\/","url":"https:\/\/sukipetfood.com\/wp-content\/uploads\/2025\/04\/logo-suki-en.png","contentUrl":"https:\/\/sukipetfood.com\/wp-content\/uploads\/2025\/04\/logo-suki-en.png","width":1824,"height":844,"caption":"URGEL GANADERA SA"},"image":{"@id":"https:\/\/sukipetfood.com\/#\/schema\/logo\/image\/"},"sameAs":["https:\/\/www.facebook.com\/people\/Suki-Pet-Foods\/61575507998720\/"]}]}},"_links":{"self":[{"href":"https:\/\/sukipetfood.com\/fr\/wp-json\/wp\/v2\/product\/3564","targetHints":{"allow":["GET"]}}],"collection":[{"href":"https:\/\/sukipetfood.com\/fr\/wp-json\/wp\/v2\/product"}],"about":[{"href":"https:\/\/sukipetfood.com\/fr\/wp-json\/wp\/v2\/types\/product"}],"replies":[{"embeddable":true,"href":"https:\/\/sukipetfood.com\/fr\/wp-json\/wp\/v2\/comments?post=3564"}],"version-history":[{"count":7,"href":"https:\/\/sukipetfood.com\/fr\/wp-json\/wp\/v2\/product\/3564\/revisions"}],"predecessor-version":[{"id":8330,"href":"https:\/\/sukipetfood.com\/fr\/wp-json\/wp\/v2\/product\/3564\/revisions\/8330"}],"wp:featuredmedia":[{"embeddable":true,"href":"https:\/\/sukipetfood.com\/fr\/wp-json\/wp\/v2\/media\/7208"}],"wp:attachment":[{"href":"https:\/\/sukipetfood.com\/fr\/wp-json\/wp\/v2\/media?parent=3564"}],"wp:term":[{"taxonomy":"product_brand","embeddable":true,"href":"https:\/\/sukipetfood.com\/fr\/wp-json\/wp\/v2\/product_brand?post=3564"},{"taxonomy":"product_cat","embeddable":true,"href":"https:\/\/sukipetfood.com\/fr\/wp-json\/wp\/v2\/product_cat?post=3564"},{"taxonomy":"product_tag","embeddable":true,"href":"https:\/\/sukipetfood.com\/fr\/wp-json\/wp\/v2\/product_tag?post=3564"}],"curies":[{"name":"wp","href":"https:\/\/api.w.org\/{rel}","templated":true}]}}