{"id":3556,"date":"2025-04-02T11:42:00","date_gmt":"2025-04-02T09:42:00","guid":{"rendered":"https:\/\/sukipetfood.com\/producto\/snack-de-caille-120-g"},"modified":"2025-12-01T16:03:46","modified_gmt":"2025-12-01T15:03:46","slug":"snack-de-caille-120-g","status":"publish","type":"product","link":"https:\/\/sukipetfood.com\/fr\/producto\/snack-de-caille-120-g","title":{"rendered":"Snack de caille 120\u00a0g"},"content":{"rendered":"<div class=\"info-adicional-ficha\">\n<section class=\"indicaciones-adicionales\">\n<h3>INGR\u00c9DIENTS<\/h3>\n<p>Caille fra\u00eeche (70 %), pomme de terre, petit pois, patate douce, glyc\u00e9rine v\u00e9g\u00e9tale, huile de tournesol, pulpe de pomme, pulpe de betterave, herbes et fruits s\u00e9ch\u00e9s (ginseng de Sib\u00e9rie, parties de framboise, feuilles de m\u00fbre, poudre de graines de myrtille, parties de m\u00fbre, parties de cassis, feuilles de pissenlit, feuilles d&rsquo;ortie, baies de sureau), chondroprotecteurs (glucosamine, sulfate de chondro\u00eftine).<\/p>\n<\/section>\n<section class=\"performance-facts red\">\n<header class=\"performance-facts__header\">\n<h3 class=\"performance-facts__title\">COMPOSITION NUTRITIONNELLE<\/h3>\n<\/header>\n<table class=\"performance-facts__table\">\n<thead>\n<tr>\n<th class=\"small-info\" colspan=\"3\">Pour 100 g de produit<\/th>\n<\/tr>\n<\/thead>\n<tbody>\n<tr class=\"thick-row\">\n<th colspan=\"2\"><b>Humidit\u00e9<\/b><\/th>\n<td>20 %<\/td>\n<\/tr>\n<tr class=\"thick-row\">\n<th colspan=\"2\"><b>Prot\u00e9ines brutes<\/b><\/th>\n<td>20,5 %<\/td>\n<\/tr>\n<tr class=\"thick-row\">\n<th colspan=\"2\"><b>Mati\u00e8res grasses brutes<\/b><\/th>\n<td>9 %<\/td>\n<\/tr>\n<tr class=\"thick-row\">\n<th colspan=\"2\"><b>Fibres brutes<\/b><\/th>\n<td>2,7 %<\/td>\n<\/tr>\n<tr class=\"thick-row\">\n<th colspan=\"2\"><b>Cendres brutes<\/b><\/th>\n<td>4 %<\/td>\n<\/tr>\n<\/tbody>\n<\/table>\n<p class=\"small-info\">* Il ne n\u00e9cessite pas d\u2019apport journalier recommand\u00e9 car ce n\u2019est pas un aliment complet.<\/p>\n<\/section>\n<section class=\"indicaciones-adicionales\">\n<h3>RECOMMANDATIONS DE CONSOMMATION<\/h3>\n<p>&#8211; \u00c2ge recommand\u00e9 : adulte et senior.<br \/>\n&#8211; Taille de l&rsquo;animal : petit, moyen et grand.<\/p>\n<\/section>\n<section class=\"indicaciones-adicionales\">\n<h3>INSTRUCTIONS SUPPL\u00c9MENTAIRES<\/h3>\n<p>&#8211; Assurer l&rsquo;acc\u00e8s \u00e0 de l&rsquo;eau fra\u00eeche et propre.<br \/>\n&#8211; \u00c0 consommer de pr\u00e9f\u00e9rence 18 mois avant la date de p\u00e9remption.<\/p>\n<\/section>\n<\/div>\n","protected":false},"excerpt":{"rendered":"<p>En-cas de premi\u00e8re qualit\u00e9 pour chiens \u00e0 base de cailles fra\u00eeches, \u00e9lev\u00e9es et produites dans notre ferme familiale. Con\u00e7u pour les chiens adultes et \u00e2g\u00e9s de toutes tailles.<\/p>\n<h2>Caract\u00e9ristiques principales<\/h2>\n<ul>\n<li><strong>Esp\u00e8ce<\/strong>\u00a0: chien.<\/li>\n<li><strong>Cat\u00e9gorie<\/strong>\u00a0: snack moelleux.<\/li>\n<li><strong>Format<\/strong>\u00a0: 120\u00a0g.<\/li>\n<li><strong>Emballage<\/strong>\u00a0: sachet doypack.<\/li>\n<\/ul>\n<div class=\"product-icons\"><img decoding=\"async\" src=\"https:\/\/sukipetfood.com\/wp-content\/uploads\/2025\/04\/grain-free-ok.png\" \/><br \/>\n<img decoding=\"async\" src=\"https:\/\/sukipetfood.com\/wp-content\/uploads\/2025\/03\/hypoallergenic.png\" \/><br \/>\n<img decoding=\"async\" src=\"https:\/\/sukipetfood.com\/wp-content\/uploads\/2025\/03\/fresh-meat.png\" \/><br \/>\n<img decoding=\"async\" src=\"https:\/\/sukipetfood.com\/wp-content\/uploads\/2025\/03\/for-dog.png\" \/><\/div>\n","protected":false},"featured_media":7216,"comment_status":"open","ping_status":"closed","template":"","meta":[],"product_brand":[],"product_cat":[99,105,104],"product_tag":[],"class_list":{"0":"post-3556","1":"product","2":"type-product","3":"status-publish","4":"has-post-thumbnail","6":"product_cat-perro-fr","7":"product_cat-masticables-perro-fr","8":"product_cat-snack-perro-fr","10":"first","11":"instock","12":"shipping-taxable","13":"product-type-simple"},"yoast_head":"<!-- This site is optimized with the Yoast SEO plugin v27.5 - https:\/\/yoast.com\/product\/yoast-seo-wordpress\/ -->\n<title>Snack de caille 120\u00a0g | Suki Pet Food<\/title>\n<meta name=\"description\" content=\"Entra ahora para saber todo sobre Snack de caille 120\u00a0g . Descubre todas las caracter\u00edsticas del producto y pide toda la informaci\u00f3n necesaria. \u00a1Entra!\" \/>\n<meta name=\"robots\" content=\"index, follow, max-snippet:-1, max-image-preview:large, max-video-preview:-1\" \/>\n<link rel=\"canonical\" href=\"https:\/\/sukipetfood.com\/producto\/snack-codorniz\" \/>\n<meta property=\"og:locale\" content=\"fr_FR\" \/>\n<meta property=\"og:type\" content=\"article\" \/>\n<meta property=\"og:title\" content=\"Snack de caille 120\u00a0g | Suki Pet Food\" \/>\n<meta property=\"og:description\" content=\"Entra ahora para saber todo sobre Snack de caille 120\u00a0g . Descubre todas las caracter\u00edsticas del producto y pide toda la informaci\u00f3n necesaria. \u00a1Entra!\" \/>\n<meta property=\"og:url\" content=\"https:\/\/sukipetfood.com\/producto\/snack-codorniz\" \/>\n<meta property=\"og:site_name\" content=\"SUKI\" \/>\n<meta property=\"article:publisher\" content=\"https:\/\/www.facebook.com\/people\/Suki-Pet-Foods\/61575507998720\/\" \/>\n<meta property=\"article:modified_time\" content=\"2025-12-01T15:03:46+00:00\" \/>\n<meta property=\"og:image\" content=\"https:\/\/sukipetfood.com\/wp-content\/uploads\/2025\/11\/snack-codorniz-120g-1.png\" \/>\n\t<meta property=\"og:image:width\" content=\"1214\" \/>\n\t<meta property=\"og:image:height\" content=\"1314\" \/>\n\t<meta property=\"og:image:type\" content=\"image\/png\" \/>\n<meta name=\"twitter:card\" content=\"summary_large_image\" \/>\n<meta name=\"twitter:label1\" content=\"Dur\u00e9e de lecture estim\u00e9e\" \/>\n\t<meta name=\"twitter:data1\" content=\"1 minute\" \/>\n<script type=\"application\/ld+json\" class=\"yoast-schema-graph\">{\"@context\":\"https:\\\/\\\/schema.org\",\"@graph\":[{\"@type\":\"WebPage\",\"@id\":\"https:\\\/\\\/sukipetfood.com\\\/producto\\\/snack-codorniz\",\"url\":\"https:\\\/\\\/sukipetfood.com\\\/producto\\\/snack-codorniz\",\"name\":\"Snack de caille 120\u00a0g | Suki Pet Food\",\"isPartOf\":{\"@id\":\"https:\\\/\\\/sukipetfood.com\\\/#website\"},\"primaryImageOfPage\":{\"@id\":\"https:\\\/\\\/sukipetfood.com\\\/producto\\\/snack-codorniz#primaryimage\"},\"image\":{\"@id\":\"https:\\\/\\\/sukipetfood.com\\\/producto\\\/snack-codorniz#primaryimage\"},\"thumbnailUrl\":\"https:\\\/\\\/sukipetfood.com\\\/wp-content\\\/uploads\\\/2025\\\/04\\\/Suki-snack-para-perro-doypack-de-codorniz.png\",\"datePublished\":\"2025-04-02T09:42:00+00:00\",\"dateModified\":\"2025-12-01T15:03:46+00:00\",\"description\":\"Entra ahora para saber todo sobre Snack de caille 120\u00a0g . Descubre todas las caracter\u00edsticas del producto y pide toda la informaci\u00f3n necesaria. \u00a1Entra!\",\"breadcrumb\":{\"@id\":\"https:\\\/\\\/sukipetfood.com\\\/producto\\\/snack-codorniz#breadcrumb\"},\"inLanguage\":\"fr-FR\",\"potentialAction\":[{\"@type\":\"ReadAction\",\"target\":[\"https:\\\/\\\/sukipetfood.com\\\/producto\\\/snack-codorniz\"]}]},{\"@type\":\"ImageObject\",\"inLanguage\":\"fr-FR\",\"@id\":\"https:\\\/\\\/sukipetfood.com\\\/producto\\\/snack-codorniz#primaryimage\",\"url\":\"https:\\\/\\\/sukipetfood.com\\\/wp-content\\\/uploads\\\/2025\\\/04\\\/Suki-snack-para-perro-doypack-de-codorniz.png\",\"contentUrl\":\"https:\\\/\\\/sukipetfood.com\\\/wp-content\\\/uploads\\\/2025\\\/04\\\/Suki-snack-para-perro-doypack-de-codorniz.png\",\"width\":1214,\"height\":1314},{\"@type\":\"BreadcrumbList\",\"@id\":\"https:\\\/\\\/sukipetfood.com\\\/producto\\\/snack-codorniz#breadcrumb\",\"itemListElement\":[{\"@type\":\"ListItem\",\"position\":1,\"name\":\"Portada\",\"item\":\"https:\\\/\\\/sukipetfood.com\\\/\"},{\"@type\":\"ListItem\",\"position\":2,\"name\":\"Chien\",\"item\":\"https:\\\/\\\/sukipetfood.com\\\/fr\\\/perro-fr\"},{\"@type\":\"ListItem\",\"position\":3,\"name\":\"Snack\",\"item\":\"https:\\\/\\\/sukipetfood.com\\\/perro\\\/snack-perro\"},{\"@type\":\"ListItem\",\"position\":4,\"name\":\"Masticables\",\"item\":\"https:\\\/\\\/sukipetfood.com\\\/masticables-perro\"},{\"@type\":\"ListItem\",\"position\":5,\"name\":\"Snack de caille 120\u00a0g\"}]},{\"@type\":\"WebSite\",\"@id\":\"https:\\\/\\\/sukipetfood.com\\\/#website\",\"url\":\"https:\\\/\\\/sukipetfood.com\\\/\",\"name\":\"SUKI Pet Food - Comida Natural de granja para perros y gatos\",\"description\":\"Momentos que unen\",\"publisher\":{\"@id\":\"https:\\\/\\\/sukipetfood.com\\\/#organization\"},\"potentialAction\":[{\"@type\":\"SearchAction\",\"target\":{\"@type\":\"EntryPoint\",\"urlTemplate\":\"https:\\\/\\\/sukipetfood.com\\\/?s={search_term_string}\"},\"query-input\":{\"@type\":\"PropertyValueSpecification\",\"valueRequired\":true,\"valueName\":\"search_term_string\"}}],\"inLanguage\":\"fr-FR\"},{\"@type\":\"Organization\",\"@id\":\"https:\\\/\\\/sukipetfood.com\\\/#organization\",\"name\":\"URGEL GANADERA SA\",\"url\":\"https:\\\/\\\/sukipetfood.com\\\/\",\"logo\":{\"@type\":\"ImageObject\",\"inLanguage\":\"fr-FR\",\"@id\":\"https:\\\/\\\/sukipetfood.com\\\/#\\\/schema\\\/logo\\\/image\\\/\",\"url\":\"https:\\\/\\\/sukipetfood.com\\\/wp-content\\\/uploads\\\/2025\\\/04\\\/logo-suki-en.png\",\"contentUrl\":\"https:\\\/\\\/sukipetfood.com\\\/wp-content\\\/uploads\\\/2025\\\/04\\\/logo-suki-en.png\",\"width\":1824,\"height\":844,\"caption\":\"URGEL GANADERA SA\"},\"image\":{\"@id\":\"https:\\\/\\\/sukipetfood.com\\\/#\\\/schema\\\/logo\\\/image\\\/\"},\"sameAs\":[\"https:\\\/\\\/www.facebook.com\\\/people\\\/Suki-Pet-Foods\\\/61575507998720\\\/\"]}]}<\/script>\n<!-- \/ Yoast SEO plugin. -->","yoast_head_json":{"title":"Snack de caille 120\u00a0g | Suki Pet Food","description":"Entra ahora para saber todo sobre Snack de caille 120\u00a0g . Descubre todas las caracter\u00edsticas del producto y pide toda la informaci\u00f3n necesaria. \u00a1Entra!","robots":{"index":"index","follow":"follow","max-snippet":"max-snippet:-1","max-image-preview":"max-image-preview:large","max-video-preview":"max-video-preview:-1"},"canonical":"https:\/\/sukipetfood.com\/producto\/snack-codorniz","og_locale":"fr_FR","og_type":"article","og_title":"Snack de caille 120\u00a0g | Suki Pet Food","og_description":"Entra ahora para saber todo sobre Snack de caille 120\u00a0g . Descubre todas las caracter\u00edsticas del producto y pide toda la informaci\u00f3n necesaria. \u00a1Entra!","og_url":"https:\/\/sukipetfood.com\/producto\/snack-codorniz","og_site_name":"SUKI","article_publisher":"https:\/\/www.facebook.com\/people\/Suki-Pet-Foods\/61575507998720\/","article_modified_time":"2025-12-01T15:03:46+00:00","og_image":[{"width":1214,"height":1314,"url":"https:\/\/sukipetfood.com\/wp-content\/uploads\/2025\/11\/snack-codorniz-120g-1.png","type":"image\/png"}],"twitter_card":"summary_large_image","twitter_misc":{"Dur\u00e9e de lecture estim\u00e9e":"1 minute"},"schema":{"@context":"https:\/\/schema.org","@graph":[{"@type":"WebPage","@id":"https:\/\/sukipetfood.com\/producto\/snack-codorniz","url":"https:\/\/sukipetfood.com\/producto\/snack-codorniz","name":"Snack de caille 120\u00a0g | Suki Pet Food","isPartOf":{"@id":"https:\/\/sukipetfood.com\/#website"},"primaryImageOfPage":{"@id":"https:\/\/sukipetfood.com\/producto\/snack-codorniz#primaryimage"},"image":{"@id":"https:\/\/sukipetfood.com\/producto\/snack-codorniz#primaryimage"},"thumbnailUrl":"https:\/\/sukipetfood.com\/wp-content\/uploads\/2025\/04\/Suki-snack-para-perro-doypack-de-codorniz.png","datePublished":"2025-04-02T09:42:00+00:00","dateModified":"2025-12-01T15:03:46+00:00","description":"Entra ahora para saber todo sobre Snack de caille 120\u00a0g . Descubre todas las caracter\u00edsticas del producto y pide toda la informaci\u00f3n necesaria. \u00a1Entra!","breadcrumb":{"@id":"https:\/\/sukipetfood.com\/producto\/snack-codorniz#breadcrumb"},"inLanguage":"fr-FR","potentialAction":[{"@type":"ReadAction","target":["https:\/\/sukipetfood.com\/producto\/snack-codorniz"]}]},{"@type":"ImageObject","inLanguage":"fr-FR","@id":"https:\/\/sukipetfood.com\/producto\/snack-codorniz#primaryimage","url":"https:\/\/sukipetfood.com\/wp-content\/uploads\/2025\/04\/Suki-snack-para-perro-doypack-de-codorniz.png","contentUrl":"https:\/\/sukipetfood.com\/wp-content\/uploads\/2025\/04\/Suki-snack-para-perro-doypack-de-codorniz.png","width":1214,"height":1314},{"@type":"BreadcrumbList","@id":"https:\/\/sukipetfood.com\/producto\/snack-codorniz#breadcrumb","itemListElement":[{"@type":"ListItem","position":1,"name":"Portada","item":"https:\/\/sukipetfood.com\/"},{"@type":"ListItem","position":2,"name":"Chien","item":"https:\/\/sukipetfood.com\/fr\/perro-fr"},{"@type":"ListItem","position":3,"name":"Snack","item":"https:\/\/sukipetfood.com\/perro\/snack-perro"},{"@type":"ListItem","position":4,"name":"Masticables","item":"https:\/\/sukipetfood.com\/masticables-perro"},{"@type":"ListItem","position":5,"name":"Snack de caille 120\u00a0g"}]},{"@type":"WebSite","@id":"https:\/\/sukipetfood.com\/#website","url":"https:\/\/sukipetfood.com\/","name":"SUKI Pet Food - Comida Natural de granja para perros y gatos","description":"Momentos que unen","publisher":{"@id":"https:\/\/sukipetfood.com\/#organization"},"potentialAction":[{"@type":"SearchAction","target":{"@type":"EntryPoint","urlTemplate":"https:\/\/sukipetfood.com\/?s={search_term_string}"},"query-input":{"@type":"PropertyValueSpecification","valueRequired":true,"valueName":"search_term_string"}}],"inLanguage":"fr-FR"},{"@type":"Organization","@id":"https:\/\/sukipetfood.com\/#organization","name":"URGEL GANADERA SA","url":"https:\/\/sukipetfood.com\/","logo":{"@type":"ImageObject","inLanguage":"fr-FR","@id":"https:\/\/sukipetfood.com\/#\/schema\/logo\/image\/","url":"https:\/\/sukipetfood.com\/wp-content\/uploads\/2025\/04\/logo-suki-en.png","contentUrl":"https:\/\/sukipetfood.com\/wp-content\/uploads\/2025\/04\/logo-suki-en.png","width":1824,"height":844,"caption":"URGEL GANADERA SA"},"image":{"@id":"https:\/\/sukipetfood.com\/#\/schema\/logo\/image\/"},"sameAs":["https:\/\/www.facebook.com\/people\/Suki-Pet-Foods\/61575507998720\/"]}]}},"_links":{"self":[{"href":"https:\/\/sukipetfood.com\/fr\/wp-json\/wp\/v2\/product\/3556","targetHints":{"allow":["GET"]}}],"collection":[{"href":"https:\/\/sukipetfood.com\/fr\/wp-json\/wp\/v2\/product"}],"about":[{"href":"https:\/\/sukipetfood.com\/fr\/wp-json\/wp\/v2\/types\/product"}],"replies":[{"embeddable":true,"href":"https:\/\/sukipetfood.com\/fr\/wp-json\/wp\/v2\/comments?post=3556"}],"version-history":[{"count":3,"href":"https:\/\/sukipetfood.com\/fr\/wp-json\/wp\/v2\/product\/3556\/revisions"}],"predecessor-version":[{"id":5410,"href":"https:\/\/sukipetfood.com\/fr\/wp-json\/wp\/v2\/product\/3556\/revisions\/5410"}],"wp:featuredmedia":[{"embeddable":true,"href":"https:\/\/sukipetfood.com\/fr\/wp-json\/wp\/v2\/media\/7216"}],"wp:attachment":[{"href":"https:\/\/sukipetfood.com\/fr\/wp-json\/wp\/v2\/media?parent=3556"}],"wp:term":[{"taxonomy":"product_brand","embeddable":true,"href":"https:\/\/sukipetfood.com\/fr\/wp-json\/wp\/v2\/product_brand?post=3556"},{"taxonomy":"product_cat","embeddable":true,"href":"https:\/\/sukipetfood.com\/fr\/wp-json\/wp\/v2\/product_cat?post=3556"},{"taxonomy":"product_tag","embeddable":true,"href":"https:\/\/sukipetfood.com\/fr\/wp-json\/wp\/v2\/product_tag?post=3556"}],"curies":[{"name":"wp","href":"https:\/\/api.w.org\/{rel}","templated":true}]}}