{"id":3509,"date":"2025-04-25T10:36:52","date_gmt":"2025-04-25T08:36:52","guid":{"rendered":"https:\/\/sukipetfood.com\/politique-de-confidentialite"},"modified":"2025-05-21T13:21:54","modified_gmt":"2025-05-21T11:21:54","slug":"politique-de-confidentialite","status":"publish","type":"page","link":"https:\/\/sukipetfood.com\/fr\/politique-de-confidentialite","title":{"rendered":"Politique de confidentialit\u00e9"},"content":{"rendered":"\t\t<div data-elementor-type=\"wp-page\" data-elementor-id=\"3509\" class=\"elementor elementor-3509 elementor-2832\" data-elementor-settings=\"{&quot;element_pack_global_tooltip_width&quot;:{&quot;unit&quot;:&quot;px&quot;,&quot;size&quot;:&quot;&quot;,&quot;sizes&quot;:[]},&quot;element_pack_global_tooltip_width_tablet&quot;:{&quot;unit&quot;:&quot;px&quot;,&quot;size&quot;:&quot;&quot;,&quot;sizes&quot;:[]},&quot;element_pack_global_tooltip_width_mobile&quot;:{&quot;unit&quot;:&quot;px&quot;,&quot;size&quot;:&quot;&quot;,&quot;sizes&quot;:[]},&quot;element_pack_global_tooltip_padding&quot;:{&quot;unit&quot;:&quot;px&quot;,&quot;top&quot;:&quot;&quot;,&quot;right&quot;:&quot;&quot;,&quot;bottom&quot;:&quot;&quot;,&quot;left&quot;:&quot;&quot;,&quot;isLinked&quot;:true},&quot;element_pack_global_tooltip_padding_tablet&quot;:{&quot;unit&quot;:&quot;px&quot;,&quot;top&quot;:&quot;&quot;,&quot;right&quot;:&quot;&quot;,&quot;bottom&quot;:&quot;&quot;,&quot;left&quot;:&quot;&quot;,&quot;isLinked&quot;:true},&quot;element_pack_global_tooltip_padding_mobile&quot;:{&quot;unit&quot;:&quot;px&quot;,&quot;top&quot;:&quot;&quot;,&quot;right&quot;:&quot;&quot;,&quot;bottom&quot;:&quot;&quot;,&quot;left&quot;:&quot;&quot;,&quot;isLinked&quot;:true},&quot;element_pack_global_tooltip_border_radius&quot;:{&quot;unit&quot;:&quot;px&quot;,&quot;top&quot;:&quot;&quot;,&quot;right&quot;:&quot;&quot;,&quot;bottom&quot;:&quot;&quot;,&quot;left&quot;:&quot;&quot;,&quot;isLinked&quot;:true},&quot;element_pack_global_tooltip_border_radius_tablet&quot;:{&quot;unit&quot;:&quot;px&quot;,&quot;top&quot;:&quot;&quot;,&quot;right&quot;:&quot;&quot;,&quot;bottom&quot;:&quot;&quot;,&quot;left&quot;:&quot;&quot;,&quot;isLinked&quot;:true},&quot;element_pack_global_tooltip_border_radius_mobile&quot;:{&quot;unit&quot;:&quot;px&quot;,&quot;top&quot;:&quot;&quot;,&quot;right&quot;:&quot;&quot;,&quot;bottom&quot;:&quot;&quot;,&quot;left&quot;:&quot;&quot;,&quot;isLinked&quot;:true}}\" data-elementor-post-type=\"page\">\n\t\t\t\t<div class=\"elementor-element elementor-element-7ce2614 e-flex e-con-boxed e-con e-parent\" data-id=\"7ce2614\" data-element_type=\"container\" data-e-type=\"container\">\n\t\t\t\t\t<div class=\"e-con-inner\">\n\t\t\t\t<div class=\"elementor-element elementor-element-fb1e60a elementor-widget elementor-widget-text-editor\" data-id=\"fb1e60a\" data-element_type=\"widget\" data-e-type=\"widget\" data-widget_type=\"text-editor.default\">\n\t\t\t\t<div class=\"elementor-widget-container\">\n\t\t\t\t\t\t\t\t\t\n<h2>Politique de confidentialit\u00e9<\/h2>\n<h4 class=\"wp-block-heading\">URGEL GANADERA SA\u00a0 (ci-apr\u00e8s l&rsquo;Entit\u00e9) s&rsquo;engage \u00e0 faire preuve de diligence raisonnable et \u00e0 respecter la r\u00e9glementation sur la Protection des donn\u00e9es.\u00a0<\/h4>\n<h4><\/h4>\n<h4 class=\"wp-block-heading\">Vous trouverez ci-dessous des informations d\u00e9taill\u00e9es sur la politique de confidentialit\u00e9 et de protection des donn\u00e9es personnelles conform\u00e9ment aux dispositions de l&rsquo;article 13 du r\u00e8glement (UE) 2016\/679 du Parlement europ\u00e9en et du Conseil, du 27 avril 2016, relatif \u00e0 la protection des personnes physiques \u00e0 l&rsquo;\u00e9gard du traitement des donn\u00e9es \u00e0 caract\u00e8re personnel et \u00e0 la libre circulation de ces donn\u00e9es (<strong>R\u00e8glement g\u00e9n\u00e9ral sur la protection des donn\u00e9es ou RGPD<\/strong>) et de l&rsquo;article 11 de la loi organique 3\/2018, du 5 d\u00e9cembre 2018, sur la protection des donn\u00e9es personnelles et la garantie des droits num\u00e9riques (<strong>LOPD GDD<\/strong>).<\/h4>\n\n<p>Donn\u00e9es du responsable du traitement et coordonn\u00e9es du Responsable du traitement\/D\u00e9l\u00e9gu\u00e9 \u00e0 la protection des donn\u00e9es (DPD\/DPO)\u00a0:<\/p>\n\n<ul class=\"wp-block-list\">\n<li><strong>Identit\u00e9\u00a0:<\/strong> URGEL GANADERA SA\u00a0<\/li>\n\n<li><strong>Adresse \/ Code postal\u00a0:<\/strong>Carretera Lleida 75 N-240<br \/>25430 Juneda, L\u00e9rida [Espagne]<\/li>\n\n<li><strong>T\u00e9l\u00e9phone<\/strong>\u00a0:<a href=\"tel:0034973150150\">+34\u00a0973\u00a0150\u00a0150<\/a><\/li>\n\n<li><strong>Courriel\u00a0:<\/strong>\u00a0<a href=\"mailto:info@urgasa.com\">info@urgasa.com<\/a><\/li>\n\n<li><strong>Coordonn\u00e9es du DPD \/ DPO\u00a0:<\/strong>\u00a0<\/li>\n\n<li><strong>Canal de communication\u00a0:<\/strong><\/li>\n<\/ul>\n\n<p><strong>Finalit\u00e9s du traitement<\/strong><\/p>\n\n<p>L&rsquo;Entit\u00e9 traitera les informations fournies par les parties int\u00e9ress\u00e9es aux fins suivantes\u00a0:\u00a0<\/p>\n\n<ul class=\"wp-block-list\">\n<li><strong>G\u00e9rer <\/strong>votre accueil, vos visites et vos r\u00e9unions dans nos installations.<\/li>\n\n<li>G\u00e9rer la fourniture et l\u2019ex\u00e9cution des <strong>services et produits<\/strong> contractuels.<\/li>\n\n<li><strong>G\u00e9rer tout type de demande, suggestion ou p\u00e9tition<\/strong> concernant nos services professionnels qui nous sont soumises par les parties int\u00e9ress\u00e9es.<\/li>\n<\/ul>\n\n<ul class=\"wp-block-list\">\n<li><strong>Communications informatives et commerciales<\/strong>\u00a0: traitement de vos donn\u00e9es dans le but de vous informer sur les activit\u00e9s, les articles d&rsquo;int\u00e9r\u00eat et les informations g\u00e9n\u00e9rales li\u00e9es \u00e0 notre activit\u00e9 et aux services\/produits souscrits.<\/li>\n\n<li><strong>G\u00e9rer les donn\u00e9es fournies par les candidats \u00e0 un emploi <\/strong>via leur Curriculum Vitae (CV) ou par d&rsquo;autres moyens aux fins du processus de s\u00e9lection et de recrutement.\u00a0<\/li>\n\n<li>Assurer la s\u00e9curit\u00e9 des bureaux, des installations et des personnes gr\u00e2ce \u00e0 <strong>des contr\u00f4les d\u2019acc\u00e8s, des syst\u00e8mes de vid\u00e9osurveillance<\/strong> et d\u2019autres syst\u00e8mes de contr\u00f4le d\u2019acc\u00e8s\/d\u2019identification.<\/li>\n\n<li><strong>Se conformer aux dispositions l\u00e9gales<\/strong> applicables \u00e0 l\u2019Entit\u00e9 et \u00e0 ses activit\u00e9s <strong>en mati\u00e8re de sant\u00e9, d\u2019\u00e9galit\u00e9 et de pr\u00e9vention des risques professionnels.<\/strong><\/li>\n\n<li><strong>G\u00e9rer et contr\u00f4ler le fonctionnement des m\u00e9canismes internes, des politiques et des protocoles<\/strong> \u00e9tablis par l&rsquo;Entit\u00e9 <strong>\u00e0 des fins de conformit\u00e9 r\u00e9glementaire et la gestion des canaux de reporting \u00e0 cette fin.<\/strong><\/li>\n\n<li><strong>Toutes les op\u00e9rations de traitement qui nous sont applicables pour le bon respect des r\u00e9glementations et exigences officielles\/sectorielles<\/strong> <strong>auxquelles notre activit\u00e9 est soumise.<\/strong><\/li>\n<\/ul>\n\n<p>Afin d&rsquo;assurer le bon d\u00e9roulement de vos soins et la gestion des finalit\u00e9s susvis\u00e9es, vos donn\u00e9es seront trait\u00e9es aux fins correspondant \u00e0 celles susmentionn\u00e9es dans le strict respect de la r\u00e9glementation sur la Protection des donn\u00e9es et de la Politique d\u00e9taill\u00e9e ci-dessous. Vous pouvez exercer vos droits \u00e0 tout moment (voir rubrique sp\u00e9cifique).<\/p>\n\n<p><strong>Crit\u00e8res de conservation des donn\u00e9es<\/strong><\/p>\n\n<ul class=\"wp-block-list\">\n<li><strong>Gestion des services\/produits souscrits aupr\u00e8s de l&rsquo;Entit\u00e9<\/strong>\u00a0: les donn\u00e9es personnelles fournies dans les contrats, offres et\/ou propositions de services, ainsi que celles d&rsquo;autres personnes dont l&rsquo;intervention est n\u00e9cessaire, seront conserv\u00e9es aussi longtemps que les services souscrits seront en vigueur. Une fois le(s) service(s) souscrit(s) termin\u00e9(s), les donn\u00e9es personnelles seront conserv\u00e9es dans les cas o\u00f9 une responsabilit\u00e9 serait susceptible d\u2019\u00eatre engag\u00e9e envers l&rsquo;Entit\u00e9 et\/ou en conformit\u00e9 avec d&rsquo;autres cadres r\u00e9glementaires applicables \u00e0 l&rsquo;Entit\u00e9 ou une loi exigeant leur conservation. Les donn\u00e9es personnelles seront conserv\u00e9es de mani\u00e8re \u00e0 permettre l\u2019identification et l\u2019exercice des droits des personnes concern\u00e9es, et dans le cadre des mesures techniques, juridiques et organisationnelles n\u00e9cessaires pour garantir la confidentialit\u00e9 et l\u2019int\u00e9grit\u00e9 de ces donn\u00e9es.\u00a0<\/li>\n\n<li><strong>Traitement du Curriculum Vitae<\/strong>\u00a0: g\u00e9n\u00e9ralement, l&rsquo;Entit\u00e9 conservera votre Curriculum Vitae pendant une dur\u00e9e maximale d&rsquo;un an. Une fois ce d\u00e9lai \u00e9coul\u00e9, les donn\u00e9es seront automatiquement d\u00e9truites, dans le respect du principe de qualit\u00e9 des donn\u00e9es.<\/li>\n\n<li><strong>Traitement des contrats de travail\u00a0:<\/strong> les donn\u00e9es personnelles seront conserv\u00e9es, dans tous les cas, pendant toute la dur\u00e9e de la relation de travail et, \u00e0 sa r\u00e9siliation, dans les cas o\u00f9 une responsabilit\u00e9 serait susceptible survenir entre les parties et lorsque la loi l&rsquo;exige.<\/li>\n\n<li><strong>Autre\u00a0:<\/strong> toutes les autres donn\u00e9es et informations fournies par l&rsquo;utilisateur par quelque moyen que ce soit seront conserv\u00e9es aussi longtemps que n\u00e9cessaire pour atteindre l&rsquo;objectif pour lequel elles ont \u00e9t\u00e9 collect\u00e9es.<\/li>\n<\/ul>\n\n<p><strong>L\u00e9gitimit\u00e9<\/strong><\/p>\n\n<p>La base juridique qui permet \u00e0 l&rsquo;Entit\u00e9 de traiter les donn\u00e9es personnelles des utilisateurs, clients et\/ou clients potentiels sous les rubriques suivantes\u00a0:<\/p>\n\n<ul class=\"wp-block-list\">\n<li>Le consentement des parties int\u00e9ress\u00e9es pour le traitement et la gestion de toute demande d&rsquo;information ou de consultation sur nos services et produits.<\/li>\n\n<li>Le consentement donn\u00e9 par les candidats \u00e0 un emploi \u00e0 des fins de s\u00e9lection et de recrutement.<\/li>\n\n<li>Le cadre de fourniture et\/ou de passation de march\u00e9s de services\/produits avec l&rsquo;Entit\u00e9.<\/li>\n\n<li>L&rsquo;int\u00e9r\u00eat l\u00e9gitime de vous envoyer des communications informatives, commerciales et\/ou promotionnelles li\u00e9es aux activit\u00e9s de l&rsquo;Entit\u00e9 et aux services\/produits souscrits par courriel ou par tout autre moyen.<\/li>\n\n<li>Le respect des obligations l\u00e9gales et des proc\u00e9dures internes de conformit\u00e9.<\/li>\n\n<li>L\u2019int\u00e9r\u00eat l\u00e9gitime d\u2019assurer la s\u00e9curit\u00e9 des bureaux, des installations et des personnes.<\/li>\n<\/ul>\n\n<p><strong>Destinataires<\/strong><\/p>\n\n<p>Les donn\u00e9es personnelles ne sont pas transmises \u00e0 des tiers, sauf dans les cas pr\u00e9vus par la loi.<\/p>\n\n<p><strong>Origine<\/strong><\/p>\n\n<p>Les donn\u00e9es personnelles sont obtenues directement aupr\u00e8s des int\u00e9ress\u00e9s et de nos collaborateurs. Les cat\u00e9gories de donn\u00e9es personnelles que vous nous fournissez sont\u00a0:<\/p>\n\n<ul class=\"wp-block-list\">\n<li>Donn\u00e9es d&rsquo;identification.<\/li>\n\n<li>Adresses postales ou \u00e9lectroniques.<\/li>\n\n<li>Donn\u00e9es fournies et\/ou consenties par les int\u00e9ress\u00e9s eux-m\u00eames relatives et n\u00e9cessaires \u00e0 la gestion et \u00e0 la mise en \u0153uvre du service\/produit demand\u00e9.\u00a0\u00a0<\/li>\n<\/ul>\n\n<p><strong><br \/><\/strong><strong>Droits<\/strong><\/p>\n\n<p><strong>Droit d&rsquo;acc\u00e8s, de rectification et de suppression\u00a0:<\/strong> les personnes concern\u00e9es ont le droit d&rsquo;obtenir la confirmation que l&rsquo;Entit\u00e9 traite ou non des donn\u00e9es personnelles les concernant. Les personnes concern\u00e9es ont le droit d&rsquo;acc\u00e9der \u00e0 leurs donn\u00e9es personnelles, ainsi que de demander la rectification des donn\u00e9es inexactes ou leur suppression lorsque, entre autres raisons, les donn\u00e9es ne sont plus n\u00e9cessaires aux fins pour lesquelles elles ont \u00e9t\u00e9 collect\u00e9es.<\/p>\n\n<p><strong>Droit de limitation et d&rsquo;opposition\u00a0:<\/strong> dans certaines circonstances, les personnes concern\u00e9es peuvent demander que le traitement de leurs donn\u00e9es soit limit\u00e9, auquel cas nous les conserverons uniquement pour l&rsquo;exercice ou la d\u00e9fense de r\u00e9clamations. Dans certaines circonstances et pour des raisons tenant \u00e0 leur situation particuli\u00e8re, les personnes concern\u00e9es peuvent s\u2019opposer au traitement de leurs donn\u00e9es. L&rsquo;Entit\u00e9 cessera de traiter les donn\u00e9es dans ce cas, sauf pour des raisons l\u00e9gitimes imp\u00e9rieuses, ou pour l&rsquo;exercice ou la d\u00e9fense d&rsquo;\u00e9ventuelles r\u00e9clamations.<\/p>\n\n<p><strong>Droit de r\u00e9vocation du consentement\u00a0:<\/strong> les personnes concern\u00e9es ont le droit de retirer leur consentement \u00e0 tout moment, sauf dans le cas de traitement de donn\u00e9es personnelles pr\u00e9vu par la r\u00e9glementation sur la protection des donn\u00e9es ou n\u00e9cessaire \u00e0 la prestation du service souscrit, qui ne n\u00e9cessite pas un tel consentement. Toutefois, ce retrait n\u2019a pas d\u2019effet r\u00e9troactif, il n\u2019affectera donc pas la l\u00e9galit\u00e9 du traitement fond\u00e9 sur le consentement pr\u00e9c\u00e9demment accord\u00e9.<\/p>\n\n<p>Ces droits peuvent \u00eatre exerc\u00e9s sur notre Canal de communication (voir rubrique sp\u00e9cifique).<\/p>\n\n<p><strong>Mesures de s\u00e9curit\u00e9 et de contr\u00f4le<\/strong><\/p>\n\n<p><strong>G\u00e9n\u00e9ral<\/strong><\/p>\n\n<p>Conform\u00e9ment \u00e0 la r\u00e9glementation sur la protection des donn\u00e9es, l&rsquo;Entit\u00e9 traitera les donn\u00e9es personnelles en utilisant des mesures techniques, juridiques, organisationnelles et de s\u00e9curit\u00e9 appropri\u00e9es pour garantir la confidentialit\u00e9 et l&rsquo;int\u00e9grit\u00e9 des informations qu&rsquo;elle g\u00e8re conform\u00e9ment \u00e0 la r\u00e9glementation en vigueur.<\/p>\n\n<p>Nous vous remercions d&rsquo;informer le Responsable du traitement des donn\u00e9es\/D\u00e9l\u00e9gu\u00e9 \u00e0 la protection des donn\u00e9es, en utilisant les coordonn\u00e9es\/le canal fix\u00e9s dans la pr\u00e9sente Politique de confidentialit\u00e9, de toute faille de s\u00e9curit\u00e9 que vous soup\u00e7onnez ou dont vous avez connaissance et qui pourrait compromettre l&rsquo;int\u00e9grit\u00e9 et la confidentialit\u00e9 des donn\u00e9es personnelles et\/ou des informations confidentielles, afin que les d\u00e9marches n\u00e9cessaires puissent \u00eatre entam\u00e9es pour emp\u00eacher le traitement non autoris\u00e9, la perte, la destruction ou les dommages accidentels.<\/p>\n\n<p><strong>Cybers\u00e9curit\u00e9<\/strong><\/p>\n\n<p>En tant que notion sp\u00e9cifique et compl\u00e9mentaire \u00e0 ce qui pr\u00e9c\u00e8de, l&rsquo;Entit\u00e9 met en \u0153uvre des mesures de cybers\u00e9curit\u00e9 pour pr\u00e9venir et g\u00e9rer les attaques et \u00e9ventuelles fraudes des cybercriminels qui menacent la confidentialit\u00e9 et la protection des donn\u00e9es que notre Entit\u00e9 traite et auxquelles elle acc\u00e8de dans le cadre de ses activit\u00e9s et op\u00e9rations.<\/p>\n\n<p>\u00c0 cet \u00e9gard, nous tenons \u00e0 vous avertir qu&rsquo;en cas d\u2019\u00e9ventuels risques dus \u00e0 des communications dont le contenu et\/ou le format soul\u00e8vent des doutes quant \u00e0 leur authenticit\u00e9, nous vous recommandons de les ignorer et de contacter le D\u00e9l\u00e9gu\u00e9 \u00e0 la protection des donn\u00e9es\/Responsable du traitement en utilisant les coordonn\u00e9es fournies dans la pr\u00e9sente politique de confidentialit\u00e9.<\/p>\n\n<p>De m\u00eame, toute demande que vous recevez de notre Entit\u00e9 concernant des modifications de moyens de paiement, des demandes de donn\u00e9es ou de personnes de contact, ou des informations confidentielles (non publiques), des coordonn\u00e9es bancaires et\/ou de carte de cr\u00e9dit et\/ou d&rsquo;autres donn\u00e9es officielles, ne doit pas \u00eatre trait\u00e9e sans confirmation directe de notre Entit\u00e9 par un moyen alternatif. Nous appr\u00e9cions et avons besoin de votre coop\u00e9ration pour communiquer et signaler toute notification concernant ces types de demandes et d&rsquo;autres \u00e9ventuelles situations de risque de cyberattaque dans lesquelles notre entit\u00e9 peut \u00eatre utilis\u00e9e, ainsi que tout risque \u00e9ventuel de s\u00e9curit\u00e9 dont vous pourriez avoir connaissance.<\/p>\n\n<p><strong>Canal de communication<\/strong><\/p>\n\n<p>L&rsquo;Entit\u00e9 a mis en place un Canal de communication, envisageant le plus haut engagement, rigueur et professionnalisme en termes de s\u00e9curit\u00e9, d&rsquo;exp\u00e9rience, d&rsquo;ind\u00e9pendance et de connaissances dans le traitement des communications entrantes.\u00a0<\/p>\n\n<p>Le Canal de communication, qui comprend une utilisation dans le cadre de la protection des donn\u00e9es, a \u00e9t\u00e9 mis en \u0153uvre via une plateforme Web, d\u00e9velopp\u00e9e et g\u00e9r\u00e9e par un expert externe ind\u00e9pendant, afin fournir et garantir nos engagements ant\u00e9rieurs.<\/p>\n\n<p>Via le Canal de communication, <strong>vous pouvez communiquer et traiter<\/strong> l&rsquo;exercice de vos <strong>droits<\/strong> (voir section pr\u00e9c\u00e9dente) et signaler toute indication ou connaissance que vous pourriez avoir de <strong>possibles violations de s\u00e9curit\u00e9 (br\u00e8ches), de cyberattaques<\/strong> et\/ou <strong>de non-conformit\u00e9s ou d&rsquo;irr\u00e9gularit\u00e9s \u00e9ventuelles concernant la r\u00e9glementation sur la protection des donn\u00e9es et la pr\u00e9sente Politique d&rsquo;Entit\u00e9<\/strong>.<\/p>\n\n<p>Les donn\u00e9es d\u2019acc\u00e8s au Canal de communication sont d\u00e9taill\u00e9es au d\u00e9but de la pr\u00e9sente Politique.<\/p>\n\n<p><strong>Autorit\u00e9 de surveillance\u00a0<\/strong><\/p>\n\n<p>En cas de diff\u00e9rend avec l&rsquo;Entit\u00e9 concernant le traitement de vos donn\u00e9es, vous avez le droit de d\u00e9poser une plainte aupr\u00e8s de l&rsquo;Autorit\u00e9 de surveillance de la Protection des donn\u00e9es comp\u00e9tente. En Espagne, cette autorit\u00e9 est l&rsquo;Agence espagnole de protection des donn\u00e9es (<a href=\"http:\/\/www.aepd.es\/\">www.aepd.es<\/a>).<\/p>\n\n<p><strong>Attention et soutien\u00a0<\/strong><\/p>\n\n<p>Les parties int\u00e9ress\u00e9es peuvent informer l&rsquo;Entit\u00e9 de toute question concernant le traitement de leurs donn\u00e9es personnelles ou l&rsquo;interpr\u00e9tation de notre Politique en contactant le Responsable \/ D\u00e9l\u00e9gu\u00e9 \u00e0 la Protection des donn\u00e9es (DPD\/DPO) \u00e0 l&rsquo;adresse indiqu\u00e9e au d\u00e9but de la pr\u00e9sente Politique.<em>\u00a0<\/em><\/p>\n\t\t\t\t\t\t\t\t<\/div>\n\t\t\t\t<\/div>\n\t\t\t\t\t<\/div>\n\t\t\t\t<\/div>\n\t\t\t\t<\/div>\n\t\t","protected":false},"excerpt":{"rendered":"<p>Politique de confidentialit\u00e9 URGEL GANADERA SA\u00a0 (ci-apr\u00e8s l&rsquo;Entit\u00e9) s&rsquo;engage \u00e0 faire preuve de diligence raisonnable et \u00e0 respecter la r\u00e9glementation sur la [&hellip;]<\/p>\n","protected":false},"author":1,"featured_media":0,"parent":0,"menu_order":0,"comment_status":"closed","ping_status":"closed","template":"","meta":{"footnotes":""},"class_list":["post-3509","page","type-page","status-publish","hentry"],"yoast_head":"<!-- This site is optimized with the Yoast SEO plugin v26.4 - https:\/\/yoast.com\/wordpress\/plugins\/seo\/ -->\n<title>Politique de confidentialit\u00e9 - SUKI<\/title>\n<meta name=\"description\" content=\"Descubre todo lo que necesitas saber sobre Politique de confidentialit\u00e9 . \u00a1Entra ahora para conocerlo todo al dealle en nuestra web!\" \/>\n<meta name=\"robots\" content=\"noindex, nofollow\" \/>\n<meta property=\"og:locale\" content=\"fr_FR\" \/>\n<meta property=\"og:type\" content=\"article\" \/>\n<meta property=\"og:title\" content=\"Politique de confidentialit\u00e9 - SUKI\" \/>\n<meta property=\"og:description\" content=\"Descubre todo lo que necesitas saber sobre Politique de confidentialit\u00e9 . \u00a1Entra ahora para conocerlo todo al dealle en nuestra web!\" \/>\n<meta property=\"og:url\" content=\"https:\/\/sukipetfood.com\/politica-de-privacidad\" \/>\n<meta property=\"og:site_name\" content=\"SUKI\" \/>\n<meta property=\"article:publisher\" content=\"https:\/\/www.facebook.com\/people\/Suki-Pet-Foods\/61575507998720\/\" \/>\n<meta property=\"article:modified_time\" content=\"2025-05-21T11:21:54+00:00\" \/>\n<meta name=\"twitter:card\" content=\"summary_large_image\" \/>\n<meta name=\"twitter:label1\" content=\"Dur\u00e9e de lecture estim\u00e9e\" \/>\n\t<meta name=\"twitter:data1\" content=\"10 minutes\" \/>\n<script type=\"application\/ld+json\" class=\"yoast-schema-graph\">{\"@context\":\"https:\/\/schema.org\",\"@graph\":[{\"@type\":\"WebPage\",\"@id\":\"https:\/\/sukipetfood.com\/politica-de-privacidad\",\"url\":\"https:\/\/sukipetfood.com\/politica-de-privacidad\",\"name\":\"Politique de confidentialit\u00e9 - SUKI\",\"isPartOf\":{\"@id\":\"https:\/\/sukipetfood.com\/#website\"},\"datePublished\":\"2025-04-25T08:36:52+00:00\",\"dateModified\":\"2025-05-21T11:21:54+00:00\",\"description\":\"Descubre todo lo que necesitas saber sobre Politique de confidentialit\u00e9 . \u00a1Entra ahora para conocerlo todo al dealle en nuestra web!\",\"breadcrumb\":{\"@id\":\"https:\/\/sukipetfood.com\/politica-de-privacidad#breadcrumb\"},\"inLanguage\":\"fr-FR\",\"potentialAction\":[{\"@type\":\"ReadAction\",\"target\":[\"https:\/\/sukipetfood.com\/politica-de-privacidad\"]}]},{\"@type\":\"BreadcrumbList\",\"@id\":\"https:\/\/sukipetfood.com\/politica-de-privacidad#breadcrumb\",\"itemListElement\":[{\"@type\":\"ListItem\",\"position\":1,\"name\":\"Portada\",\"item\":\"https:\/\/sukipetfood.com\/fr\"},{\"@type\":\"ListItem\",\"position\":2,\"name\":\"Politique de confidentialit\u00e9\"}]},{\"@type\":\"WebSite\",\"@id\":\"https:\/\/sukipetfood.com\/#website\",\"url\":\"https:\/\/sukipetfood.com\/\",\"name\":\"SUKI Pet Food - Comida Natural de granja para perros y gatos\",\"description\":\"Momentos que unen\",\"publisher\":{\"@id\":\"https:\/\/sukipetfood.com\/#organization\"},\"potentialAction\":[{\"@type\":\"SearchAction\",\"target\":{\"@type\":\"EntryPoint\",\"urlTemplate\":\"https:\/\/sukipetfood.com\/?s={search_term_string}\"},\"query-input\":{\"@type\":\"PropertyValueSpecification\",\"valueRequired\":true,\"valueName\":\"search_term_string\"}}],\"inLanguage\":\"fr-FR\"},{\"@type\":\"Organization\",\"@id\":\"https:\/\/sukipetfood.com\/#organization\",\"name\":\"URGEL GANADERA SA\",\"url\":\"https:\/\/sukipetfood.com\/\",\"logo\":{\"@type\":\"ImageObject\",\"inLanguage\":\"fr-FR\",\"@id\":\"https:\/\/sukipetfood.com\/#\/schema\/logo\/image\/\",\"url\":\"https:\/\/sukipetfood.com\/wp-content\/uploads\/2025\/04\/logo-suki-en.png\",\"contentUrl\":\"https:\/\/sukipetfood.com\/wp-content\/uploads\/2025\/04\/logo-suki-en.png\",\"width\":1824,\"height\":844,\"caption\":\"URGEL GANADERA SA\"},\"image\":{\"@id\":\"https:\/\/sukipetfood.com\/#\/schema\/logo\/image\/\"},\"sameAs\":[\"https:\/\/www.facebook.com\/people\/Suki-Pet-Foods\/61575507998720\/\"]}]}<\/script>\n<!-- \/ Yoast SEO plugin. -->","yoast_head_json":{"title":"Politique de confidentialit\u00e9 - SUKI","description":"Descubre todo lo que necesitas saber sobre Politique de confidentialit\u00e9 . \u00a1Entra ahora para conocerlo todo al dealle en nuestra web!","robots":{"index":"noindex","follow":"nofollow"},"og_locale":"fr_FR","og_type":"article","og_title":"Politique de confidentialit\u00e9 - SUKI","og_description":"Descubre todo lo que necesitas saber sobre Politique de confidentialit\u00e9 . \u00a1Entra ahora para conocerlo todo al dealle en nuestra web!","og_url":"https:\/\/sukipetfood.com\/politica-de-privacidad","og_site_name":"SUKI","article_publisher":"https:\/\/www.facebook.com\/people\/Suki-Pet-Foods\/61575507998720\/","article_modified_time":"2025-05-21T11:21:54+00:00","twitter_card":"summary_large_image","twitter_misc":{"Dur\u00e9e de lecture estim\u00e9e":"10 minutes"},"schema":{"@context":"https:\/\/schema.org","@graph":[{"@type":"WebPage","@id":"https:\/\/sukipetfood.com\/politica-de-privacidad","url":"https:\/\/sukipetfood.com\/politica-de-privacidad","name":"Politique de confidentialit\u00e9 - SUKI","isPartOf":{"@id":"https:\/\/sukipetfood.com\/#website"},"datePublished":"2025-04-25T08:36:52+00:00","dateModified":"2025-05-21T11:21:54+00:00","description":"Descubre todo lo que necesitas saber sobre Politique de confidentialit\u00e9 . \u00a1Entra ahora para conocerlo todo al dealle en nuestra web!","breadcrumb":{"@id":"https:\/\/sukipetfood.com\/politica-de-privacidad#breadcrumb"},"inLanguage":"fr-FR","potentialAction":[{"@type":"ReadAction","target":["https:\/\/sukipetfood.com\/politica-de-privacidad"]}]},{"@type":"BreadcrumbList","@id":"https:\/\/sukipetfood.com\/politica-de-privacidad#breadcrumb","itemListElement":[{"@type":"ListItem","position":1,"name":"Portada","item":"https:\/\/sukipetfood.com\/fr"},{"@type":"ListItem","position":2,"name":"Politique de confidentialit\u00e9"}]},{"@type":"WebSite","@id":"https:\/\/sukipetfood.com\/#website","url":"https:\/\/sukipetfood.com\/","name":"SUKI Pet Food - Comida Natural de granja para perros y gatos","description":"Momentos que unen","publisher":{"@id":"https:\/\/sukipetfood.com\/#organization"},"potentialAction":[{"@type":"SearchAction","target":{"@type":"EntryPoint","urlTemplate":"https:\/\/sukipetfood.com\/?s={search_term_string}"},"query-input":{"@type":"PropertyValueSpecification","valueRequired":true,"valueName":"search_term_string"}}],"inLanguage":"fr-FR"},{"@type":"Organization","@id":"https:\/\/sukipetfood.com\/#organization","name":"URGEL GANADERA SA","url":"https:\/\/sukipetfood.com\/","logo":{"@type":"ImageObject","inLanguage":"fr-FR","@id":"https:\/\/sukipetfood.com\/#\/schema\/logo\/image\/","url":"https:\/\/sukipetfood.com\/wp-content\/uploads\/2025\/04\/logo-suki-en.png","contentUrl":"https:\/\/sukipetfood.com\/wp-content\/uploads\/2025\/04\/logo-suki-en.png","width":1824,"height":844,"caption":"URGEL GANADERA SA"},"image":{"@id":"https:\/\/sukipetfood.com\/#\/schema\/logo\/image\/"},"sameAs":["https:\/\/www.facebook.com\/people\/Suki-Pet-Foods\/61575507998720\/"]}]}},"_links":{"self":[{"href":"https:\/\/sukipetfood.com\/fr\/wp-json\/wp\/v2\/pages\/3509","targetHints":{"allow":["GET"]}}],"collection":[{"href":"https:\/\/sukipetfood.com\/fr\/wp-json\/wp\/v2\/pages"}],"about":[{"href":"https:\/\/sukipetfood.com\/fr\/wp-json\/wp\/v2\/types\/page"}],"author":[{"embeddable":true,"href":"https:\/\/sukipetfood.com\/fr\/wp-json\/wp\/v2\/users\/1"}],"replies":[{"embeddable":true,"href":"https:\/\/sukipetfood.com\/fr\/wp-json\/wp\/v2\/comments?post=3509"}],"version-history":[{"count":1,"href":"https:\/\/sukipetfood.com\/fr\/wp-json\/wp\/v2\/pages\/3509\/revisions"}],"predecessor-version":[{"id":3510,"href":"https:\/\/sukipetfood.com\/fr\/wp-json\/wp\/v2\/pages\/3509\/revisions\/3510"}],"wp:attachment":[{"href":"https:\/\/sukipetfood.com\/fr\/wp-json\/wp\/v2\/media?parent=3509"}],"curies":[{"name":"wp","href":"https:\/\/api.w.org\/{rel}","templated":true}]}}