{"id":3507,"date":"2025-04-25T10:48:36","date_gmt":"2025-04-25T08:48:36","guid":{"rendered":"https:\/\/sukipetfood.com\/elementor-2845"},"modified":"2025-11-26T09:34:05","modified_gmt":"2025-11-26T08:34:05","slug":"politique-en-matiere-de-cookies","status":"publish","type":"page","link":"https:\/\/sukipetfood.com\/fr\/politique-en-matiere-de-cookies","title":{"rendered":"Politique en mati\u00e8re de cookies"},"content":{"rendered":"\t\t<div data-elementor-type=\"wp-page\" data-elementor-id=\"3507\" class=\"elementor elementor-3507 elementor-2845\" data-elementor-settings=\"{&quot;element_pack_global_tooltip_width&quot;:{&quot;unit&quot;:&quot;px&quot;,&quot;size&quot;:&quot;&quot;,&quot;sizes&quot;:[]},&quot;element_pack_global_tooltip_width_tablet&quot;:{&quot;unit&quot;:&quot;px&quot;,&quot;size&quot;:&quot;&quot;,&quot;sizes&quot;:[]},&quot;element_pack_global_tooltip_width_mobile&quot;:{&quot;unit&quot;:&quot;px&quot;,&quot;size&quot;:&quot;&quot;,&quot;sizes&quot;:[]},&quot;element_pack_global_tooltip_padding&quot;:{&quot;unit&quot;:&quot;px&quot;,&quot;top&quot;:&quot;&quot;,&quot;right&quot;:&quot;&quot;,&quot;bottom&quot;:&quot;&quot;,&quot;left&quot;:&quot;&quot;,&quot;isLinked&quot;:true},&quot;element_pack_global_tooltip_padding_tablet&quot;:{&quot;unit&quot;:&quot;px&quot;,&quot;top&quot;:&quot;&quot;,&quot;right&quot;:&quot;&quot;,&quot;bottom&quot;:&quot;&quot;,&quot;left&quot;:&quot;&quot;,&quot;isLinked&quot;:true},&quot;element_pack_global_tooltip_padding_mobile&quot;:{&quot;unit&quot;:&quot;px&quot;,&quot;top&quot;:&quot;&quot;,&quot;right&quot;:&quot;&quot;,&quot;bottom&quot;:&quot;&quot;,&quot;left&quot;:&quot;&quot;,&quot;isLinked&quot;:true},&quot;element_pack_global_tooltip_border_radius&quot;:{&quot;unit&quot;:&quot;px&quot;,&quot;top&quot;:&quot;&quot;,&quot;right&quot;:&quot;&quot;,&quot;bottom&quot;:&quot;&quot;,&quot;left&quot;:&quot;&quot;,&quot;isLinked&quot;:true},&quot;element_pack_global_tooltip_border_radius_tablet&quot;:{&quot;unit&quot;:&quot;px&quot;,&quot;top&quot;:&quot;&quot;,&quot;right&quot;:&quot;&quot;,&quot;bottom&quot;:&quot;&quot;,&quot;left&quot;:&quot;&quot;,&quot;isLinked&quot;:true},&quot;element_pack_global_tooltip_border_radius_mobile&quot;:{&quot;unit&quot;:&quot;px&quot;,&quot;top&quot;:&quot;&quot;,&quot;right&quot;:&quot;&quot;,&quot;bottom&quot;:&quot;&quot;,&quot;left&quot;:&quot;&quot;,&quot;isLinked&quot;:true}}\" data-elementor-post-type=\"page\">\n\t\t\t\t<div class=\"elementor-element elementor-element-490190a e-flex e-con-boxed e-con e-parent\" data-id=\"490190a\" data-element_type=\"container\" data-e-type=\"container\">\n\t\t\t\t\t<div class=\"e-con-inner\">\n\t\t\t\t<div class=\"elementor-element elementor-element-1cda42ee elementor-widget elementor-widget-text-editor\" data-id=\"1cda42ee\" data-element_type=\"widget\" data-e-type=\"widget\" data-widget_type=\"text-editor.default\">\n\t\t\t\t<div class=\"elementor-widget-container\">\n\t\t\t\t\t\t\t\t\t<h2>Politique en mati\u00e8re de cookies<\/h2><p class=\"\" data-start=\"396\" data-end=\"612\">Chez <strong data-start=\"399\" data-end=\"416\">Suki Pet Food<\/strong>, nous nous soucions de votre vie priv\u00e9e. C&rsquo;est pourquoi nous souhaitons vous informer de mani\u00e8re transparente sur la mani\u00e8re dont nous utilisons les cookies sur notre site web <a class=\"\" href=\"https:\/\/sukipetfood.com\/fr\" target=\"_new\" rel=\"noopener\" data-start=\"564\" data-end=\"611\">www.sukipetfood.com<\/a> et sur la raison pour laquelle nous les utilisons.<\/p><h3 class=\"\" data-start=\"614\" data-end=\"639\">Qu&rsquo;est-ce qu&rsquo;un cookie\u00a0?<\/h3><p class=\"\" data-start=\"641\" data-end=\"879\">Les cookies sont de petits fichiers texte qui sont stock\u00e9s sur votre terminal lorsque vous visitez un site web. Ils sont utilis\u00e9s pour m\u00e9moriser vos pr\u00e9f\u00e9rences, am\u00e9liorer votre exp\u00e9rience de navigation et, dans certains cas, vous pr\u00e9senter un contenu personnalis\u00e9.<\/p><h3 class=\"\" data-start=\"881\" data-end=\"914\">Quels types de cookies utilisons-nous\u00a0?<\/h3><p class=\"\" data-start=\"916\" data-end=\"972\">Nous utilisons diff\u00e9rents types de cookies sur notre site\u00a0:<\/p><ul data-start=\"974\" data-end=\"1494\"><li class=\"\" data-start=\"974\" data-end=\"1117\"><p class=\"\" data-start=\"976\" data-end=\"1117\"><strong data-start=\"976\" data-end=\"999\">Cookies n\u00e9cessaires\u00a0:<\/strong> ils sont indispensables au bon fonctionnement du site web (par exemple, pour acc\u00e9der \u00e0 des zones s\u00e9curis\u00e9es ou traiter des commandes).<\/p><\/li><li class=\"\" data-start=\"1118\" data-end=\"1252\"><p class=\"\" data-start=\"1120\" data-end=\"1252\"><strong data-start=\"1120\" data-end=\"1158\">Cookies d&rsquo;analyse ou de performance\u00a0: ils<\/strong> nous permettent de savoir comment les utilisateurs interagissent avec le site web afin d&rsquo;en am\u00e9liorer le fonctionnement.<\/p><\/li><li class=\"\" data-start=\"1253\" data-end=\"1363\"><p class=\"\" data-start=\"1255\" data-end=\"1363\"><strong data-start=\"1255\" data-end=\"1284\">Cookies de fonctionnalit\u00e9\u00a0:<\/strong> ils permettent de m\u00e9moriser vos pr\u00e9f\u00e9rences (langue ou panier d&rsquo;achat, par exemple).<\/p><\/li><li class=\"\" data-start=\"1364\" data-end=\"1494\"><p class=\"\" data-start=\"1366\" data-end=\"1494\"><strong data-start=\"1366\" data-end=\"1392\">Cookies publicitaires\u00a0:<\/strong> nous pouvons les utiliser pour vous montrer des publicit\u00e9s personnalis\u00e9es bas\u00e9es sur votre comportement de navigation.<\/p><\/li><\/ul><h3 class=\"\" data-start=\"1496\" data-end=\"1519\">Cookies de tiers<\/h3><p class=\"\" data-start=\"1521\" data-end=\"1766\">Nous pouvons utiliser des outils tiers tels que Google Analytics, Meta (Facebook\/Instagram) ou TikTok pour collecter des informations anonymes \u00e0 des fins statistiques ou de marketing. Ces plateformes peuvent installer leurs propres cookies sur votre navigateur.<\/p><h3 class=\"\" data-start=\"1768\" data-end=\"1807\">Comment pouvez-vous contr\u00f4ler les cookies\u00a0?<\/h3><p class=\"\" data-start=\"1809\" data-end=\"1963\">Lorsque vous entrez pour la premi\u00e8re fois sur notre site, nous vous montrons une banni\u00e8re de cookies o\u00f9 vous pouvez les accepter, les rejeter ou configurer les cookies que vous souhaitez autoriser.<\/p><p class=\"\" data-start=\"1965\" data-end=\"2131\">Vous pouvez \u00e9galement modifier vos pr\u00e9f\u00e9rences \u00e0 tout moment \u00e0 partir des param\u00e8tres de votre navigateur. Voici quelques liens utiles en fonction du navigateur que vous utilisez\u00a0:<\/p><ul data-start=\"2133\" data-end=\"2521\"><li class=\"\" data-start=\"2133\" data-end=\"2204\"><p class=\"\" data-start=\"2135\" data-end=\"2204\"><a target=\"_new\" rel=\"noopener\" data-start=\"2135\" data-end=\"2204\">Google Chrome<\/a><\/p><\/li><li class=\"\" data-start=\"2205\" data-end=\"2325\"><p class=\"\" data-start=\"2207\" data-end=\"2325\"><a class=\"\" href=\"https:\/\/support.mozilla.org\/es\/kb\/habilitar-y-deshabilitar-cookies-sitios-web-rastrear-preferencias\" target=\"_new\" rel=\"noopener\" data-start=\"2207\" data-end=\"2325\">Mozilla Firefox<\/a><\/p><\/li><li class=\"\" data-start=\"2326\" data-end=\"2378\"><p class=\"\" data-start=\"2328\" data-end=\"2378\"><a class=\"\" href=\"https:\/\/support.apple.com\/es-es\/HT201265\" target=\"_new\" rel=\"noopener\" data-start=\"2328\" data-end=\"2378\">Safari<\/a><\/p><\/li><li class=\"\" data-start=\"2379\" data-end=\"2521\"><p class=\"\" data-start=\"2381\" data-end=\"2521\"><a class=\"\" href=\"https:\/\/support.microsoft.com\/es-es\/microsoft-edge\/eliminar-cookies-en-microsoft-edge-63947406-40ac-c3b8-57b9-2a946a29ae09\" target=\"_new\" rel=\"noopener\" data-start=\"2381\" data-end=\"2521\">Microsoft Edge<\/a><\/p><\/li><\/ul><h3 class=\"\" data-start=\"2523\" data-end=\"2560\">Modifications de la politique en mati\u00e8re de cookies<\/h3><p class=\"\" data-start=\"2562\" data-end=\"2728\">Nous pouvons mettre \u00e0 jour cette politique de temps \u00e0 autre pour refl\u00e9ter les changements dans nos pratiques ou dans la loi applicable. Nous vous encourageons \u00e0 la consulter de temps \u00e0 autre.<\/p><p class=\"\" data-start=\"2730\" data-end=\"2854\">Si vous avez des questions concernant notre politique en mati\u00e8re de cookies, vous pouvez nous \u00e9crire \u00e0 l&rsquo;adresse suivante\u00a0:<\/p>\t\t\t\t\t\t\t\t<\/div>\n\t\t\t\t<\/div>\n\t\t\t\t\t<\/div>\n\t\t\t\t<\/div>\n\t\t\t\t<\/div>\n\t\t","protected":false},"excerpt":{"rendered":"<p>Politique en mati\u00e8re de cookies Chez Suki Pet Food, nous nous soucions de votre vie priv\u00e9e. C&rsquo;est pourquoi nous souhaitons vous informer [&hellip;]<\/p>\n","protected":false},"author":1,"featured_media":0,"parent":0,"menu_order":0,"comment_status":"closed","ping_status":"closed","template":"","meta":{"footnotes":""},"class_list":["post-3507","page","type-page","status-publish","hentry"],"yoast_head":"<!-- This site is optimized with the Yoast SEO plugin v26.4 - https:\/\/yoast.com\/wordpress\/plugins\/seo\/ -->\n<title>Politique en mati\u00e8re de cookies - SUKI<\/title>\n<meta name=\"description\" content=\"Descubre todo lo que necesitas saber sobre Politique en mati\u00e8re de cookies . \u00a1Entra ahora para conocerlo todo al dealle en nuestra web!\" \/>\n<meta name=\"robots\" content=\"noindex, nofollow\" \/>\n<meta property=\"og:locale\" content=\"fr_FR\" \/>\n<meta property=\"og:type\" content=\"article\" \/>\n<meta property=\"og:title\" content=\"Politique en mati\u00e8re de cookies - SUKI\" \/>\n<meta property=\"og:description\" content=\"Descubre todo lo que necesitas saber sobre Politique en mati\u00e8re de cookies . \u00a1Entra ahora para conocerlo todo al dealle en nuestra web!\" \/>\n<meta property=\"og:url\" content=\"https:\/\/sukipetfood.com\/politica-de-cookies\" \/>\n<meta property=\"og:site_name\" content=\"SUKI\" \/>\n<meta property=\"article:publisher\" content=\"https:\/\/www.facebook.com\/people\/Suki-Pet-Foods\/61575507998720\/\" \/>\n<meta property=\"article:modified_time\" content=\"2025-11-26T08:34:05+00:00\" \/>\n<meta name=\"twitter:card\" content=\"summary_large_image\" \/>\n<meta name=\"twitter:label1\" content=\"Dur\u00e9e de lecture estim\u00e9e\" \/>\n\t<meta name=\"twitter:data1\" content=\"2 minutes\" \/>\n<script type=\"application\/ld+json\" class=\"yoast-schema-graph\">{\"@context\":\"https:\/\/schema.org\",\"@graph\":[{\"@type\":\"WebPage\",\"@id\":\"https:\/\/sukipetfood.com\/politica-de-cookies\",\"url\":\"https:\/\/sukipetfood.com\/politica-de-cookies\",\"name\":\"Politique en mati\u00e8re de cookies - SUKI\",\"isPartOf\":{\"@id\":\"https:\/\/sukipetfood.com\/#website\"},\"datePublished\":\"2025-04-25T08:48:36+00:00\",\"dateModified\":\"2025-11-26T08:34:05+00:00\",\"description\":\"Descubre todo lo que necesitas saber sobre Politique en mati\u00e8re de cookies . \u00a1Entra ahora para conocerlo todo al dealle en nuestra web!\",\"breadcrumb\":{\"@id\":\"https:\/\/sukipetfood.com\/politica-de-cookies#breadcrumb\"},\"inLanguage\":\"fr-FR\",\"potentialAction\":[{\"@type\":\"ReadAction\",\"target\":[\"https:\/\/sukipetfood.com\/politica-de-cookies\"]}]},{\"@type\":\"BreadcrumbList\",\"@id\":\"https:\/\/sukipetfood.com\/politica-de-cookies#breadcrumb\",\"itemListElement\":[{\"@type\":\"ListItem\",\"position\":1,\"name\":\"Portada\",\"item\":\"https:\/\/sukipetfood.com\/fr\"},{\"@type\":\"ListItem\",\"position\":2,\"name\":\"Politique en mati\u00e8re de cookies\"}]},{\"@type\":\"WebSite\",\"@id\":\"https:\/\/sukipetfood.com\/#website\",\"url\":\"https:\/\/sukipetfood.com\/\",\"name\":\"SUKI Pet Food - Comida Natural de granja para perros y gatos\",\"description\":\"Momentos que unen\",\"publisher\":{\"@id\":\"https:\/\/sukipetfood.com\/#organization\"},\"potentialAction\":[{\"@type\":\"SearchAction\",\"target\":{\"@type\":\"EntryPoint\",\"urlTemplate\":\"https:\/\/sukipetfood.com\/?s={search_term_string}\"},\"query-input\":{\"@type\":\"PropertyValueSpecification\",\"valueRequired\":true,\"valueName\":\"search_term_string\"}}],\"inLanguage\":\"fr-FR\"},{\"@type\":\"Organization\",\"@id\":\"https:\/\/sukipetfood.com\/#organization\",\"name\":\"URGEL GANADERA SA\",\"url\":\"https:\/\/sukipetfood.com\/\",\"logo\":{\"@type\":\"ImageObject\",\"inLanguage\":\"fr-FR\",\"@id\":\"https:\/\/sukipetfood.com\/#\/schema\/logo\/image\/\",\"url\":\"https:\/\/sukipetfood.com\/wp-content\/uploads\/2025\/04\/logo-suki-en.png\",\"contentUrl\":\"https:\/\/sukipetfood.com\/wp-content\/uploads\/2025\/04\/logo-suki-en.png\",\"width\":1824,\"height\":844,\"caption\":\"URGEL GANADERA SA\"},\"image\":{\"@id\":\"https:\/\/sukipetfood.com\/#\/schema\/logo\/image\/\"},\"sameAs\":[\"https:\/\/www.facebook.com\/people\/Suki-Pet-Foods\/61575507998720\/\"]}]}<\/script>\n<!-- \/ Yoast SEO plugin. -->","yoast_head_json":{"title":"Politique en mati\u00e8re de cookies - SUKI","description":"Descubre todo lo que necesitas saber sobre Politique en mati\u00e8re de cookies . \u00a1Entra ahora para conocerlo todo al dealle en nuestra web!","robots":{"index":"noindex","follow":"nofollow"},"og_locale":"fr_FR","og_type":"article","og_title":"Politique en mati\u00e8re de cookies - SUKI","og_description":"Descubre todo lo que necesitas saber sobre Politique en mati\u00e8re de cookies . \u00a1Entra ahora para conocerlo todo al dealle en nuestra web!","og_url":"https:\/\/sukipetfood.com\/politica-de-cookies","og_site_name":"SUKI","article_publisher":"https:\/\/www.facebook.com\/people\/Suki-Pet-Foods\/61575507998720\/","article_modified_time":"2025-11-26T08:34:05+00:00","twitter_card":"summary_large_image","twitter_misc":{"Dur\u00e9e de lecture estim\u00e9e":"2 minutes"},"schema":{"@context":"https:\/\/schema.org","@graph":[{"@type":"WebPage","@id":"https:\/\/sukipetfood.com\/politica-de-cookies","url":"https:\/\/sukipetfood.com\/politica-de-cookies","name":"Politique en mati\u00e8re de cookies - SUKI","isPartOf":{"@id":"https:\/\/sukipetfood.com\/#website"},"datePublished":"2025-04-25T08:48:36+00:00","dateModified":"2025-11-26T08:34:05+00:00","description":"Descubre todo lo que necesitas saber sobre Politique en mati\u00e8re de cookies . \u00a1Entra ahora para conocerlo todo al dealle en nuestra web!","breadcrumb":{"@id":"https:\/\/sukipetfood.com\/politica-de-cookies#breadcrumb"},"inLanguage":"fr-FR","potentialAction":[{"@type":"ReadAction","target":["https:\/\/sukipetfood.com\/politica-de-cookies"]}]},{"@type":"BreadcrumbList","@id":"https:\/\/sukipetfood.com\/politica-de-cookies#breadcrumb","itemListElement":[{"@type":"ListItem","position":1,"name":"Portada","item":"https:\/\/sukipetfood.com\/fr"},{"@type":"ListItem","position":2,"name":"Politique en mati\u00e8re de cookies"}]},{"@type":"WebSite","@id":"https:\/\/sukipetfood.com\/#website","url":"https:\/\/sukipetfood.com\/","name":"SUKI Pet Food - Comida Natural de granja para perros y gatos","description":"Momentos que unen","publisher":{"@id":"https:\/\/sukipetfood.com\/#organization"},"potentialAction":[{"@type":"SearchAction","target":{"@type":"EntryPoint","urlTemplate":"https:\/\/sukipetfood.com\/?s={search_term_string}"},"query-input":{"@type":"PropertyValueSpecification","valueRequired":true,"valueName":"search_term_string"}}],"inLanguage":"fr-FR"},{"@type":"Organization","@id":"https:\/\/sukipetfood.com\/#organization","name":"URGEL GANADERA SA","url":"https:\/\/sukipetfood.com\/","logo":{"@type":"ImageObject","inLanguage":"fr-FR","@id":"https:\/\/sukipetfood.com\/#\/schema\/logo\/image\/","url":"https:\/\/sukipetfood.com\/wp-content\/uploads\/2025\/04\/logo-suki-en.png","contentUrl":"https:\/\/sukipetfood.com\/wp-content\/uploads\/2025\/04\/logo-suki-en.png","width":1824,"height":844,"caption":"URGEL GANADERA SA"},"image":{"@id":"https:\/\/sukipetfood.com\/#\/schema\/logo\/image\/"},"sameAs":["https:\/\/www.facebook.com\/people\/Suki-Pet-Foods\/61575507998720\/"]}]}},"_links":{"self":[{"href":"https:\/\/sukipetfood.com\/fr\/wp-json\/wp\/v2\/pages\/3507","targetHints":{"allow":["GET"]}}],"collection":[{"href":"https:\/\/sukipetfood.com\/fr\/wp-json\/wp\/v2\/pages"}],"about":[{"href":"https:\/\/sukipetfood.com\/fr\/wp-json\/wp\/v2\/types\/page"}],"author":[{"embeddable":true,"href":"https:\/\/sukipetfood.com\/fr\/wp-json\/wp\/v2\/users\/1"}],"replies":[{"embeddable":true,"href":"https:\/\/sukipetfood.com\/fr\/wp-json\/wp\/v2\/comments?post=3507"}],"version-history":[{"count":2,"href":"https:\/\/sukipetfood.com\/fr\/wp-json\/wp\/v2\/pages\/3507\/revisions"}],"predecessor-version":[{"id":4687,"href":"https:\/\/sukipetfood.com\/fr\/wp-json\/wp\/v2\/pages\/3507\/revisions\/4687"}],"wp:attachment":[{"href":"https:\/\/sukipetfood.com\/fr\/wp-json\/wp\/v2\/media?parent=3507"}],"curies":[{"name":"wp","href":"https:\/\/api.w.org\/{rel}","templated":true}]}}