{"id":7859,"date":"2026-04-28T15:47:05","date_gmt":"2026-04-28T13:47:05","guid":{"rendered":"https:\/\/sukipetfood.com\/?post_type=product&#038;p=7859"},"modified":"2026-04-29T11:27:50","modified_gmt":"2026-04-29T09:27:50","slug":"aliment-complet-3kg-copia","status":"publish","type":"product","link":"https:\/\/sukipetfood.com\/ca\/producto\/aliment-complet-3kg-copia","title":{"rendered":"Aliment complet 3kg Guatlla i Gall dindi"},"content":{"rendered":"\t\t<div data-elementor-type=\"wp-post\" data-elementor-id=\"7859\" class=\"elementor elementor-7859 elementor-7856\" data-elementor-settings=\"{&quot;element_pack_global_tooltip_width&quot;:{&quot;unit&quot;:&quot;px&quot;,&quot;size&quot;:&quot;&quot;,&quot;sizes&quot;:[]},&quot;element_pack_global_tooltip_width_tablet&quot;:{&quot;unit&quot;:&quot;px&quot;,&quot;size&quot;:&quot;&quot;,&quot;sizes&quot;:[]},&quot;element_pack_global_tooltip_width_mobile&quot;:{&quot;unit&quot;:&quot;px&quot;,&quot;size&quot;:&quot;&quot;,&quot;sizes&quot;:[]},&quot;element_pack_global_tooltip_padding&quot;:{&quot;unit&quot;:&quot;px&quot;,&quot;top&quot;:&quot;&quot;,&quot;right&quot;:&quot;&quot;,&quot;bottom&quot;:&quot;&quot;,&quot;left&quot;:&quot;&quot;,&quot;isLinked&quot;:true},&quot;element_pack_global_tooltip_padding_tablet&quot;:{&quot;unit&quot;:&quot;px&quot;,&quot;top&quot;:&quot;&quot;,&quot;right&quot;:&quot;&quot;,&quot;bottom&quot;:&quot;&quot;,&quot;left&quot;:&quot;&quot;,&quot;isLinked&quot;:true},&quot;element_pack_global_tooltip_padding_mobile&quot;:{&quot;unit&quot;:&quot;px&quot;,&quot;top&quot;:&quot;&quot;,&quot;right&quot;:&quot;&quot;,&quot;bottom&quot;:&quot;&quot;,&quot;left&quot;:&quot;&quot;,&quot;isLinked&quot;:true},&quot;element_pack_global_tooltip_border_radius&quot;:{&quot;unit&quot;:&quot;px&quot;,&quot;top&quot;:&quot;&quot;,&quot;right&quot;:&quot;&quot;,&quot;bottom&quot;:&quot;&quot;,&quot;left&quot;:&quot;&quot;,&quot;isLinked&quot;:true},&quot;element_pack_global_tooltip_border_radius_tablet&quot;:{&quot;unit&quot;:&quot;px&quot;,&quot;top&quot;:&quot;&quot;,&quot;right&quot;:&quot;&quot;,&quot;bottom&quot;:&quot;&quot;,&quot;left&quot;:&quot;&quot;,&quot;isLinked&quot;:true},&quot;element_pack_global_tooltip_border_radius_mobile&quot;:{&quot;unit&quot;:&quot;px&quot;,&quot;top&quot;:&quot;&quot;,&quot;right&quot;:&quot;&quot;,&quot;bottom&quot;:&quot;&quot;,&quot;left&quot;:&quot;&quot;,&quot;isLinked&quot;:true}}\" data-elementor-post-type=\"product\">\n\t\t\t\t<div class=\"elementor-element elementor-element-38fd81e9 e-flex e-con-boxed e-con e-parent\" data-id=\"38fd81e9\" data-element_type=\"container\" data-e-type=\"container\">\n\t\t\t\t\t<div class=\"e-con-inner\">\n\t\t\t\t<div class=\"elementor-element elementor-element-2aeabb04 elementor-widget elementor-widget-text-editor\" data-id=\"2aeabb04\" data-element_type=\"widget\" data-e-type=\"widget\" data-widget_type=\"text-editor.default\">\n\t\t\t\t<div class=\"elementor-widget-container\">\n\t\t\t\t\t\t\t\t\t<div class=\"info-adicional-ficha ficha-salmon\"><section class=\"proceso-fabricacion\">\n<h4>PROC\u00c9S DE FABRICACI\u00d3<\/h4>\nEn el proc\u00e9s de fabricaci\u00f3 s&#8217;obtenen productes d&#8217;excel\u00b7lent palatabilitat.\n\nL&#8217;aliment ha estat cuidat i mimal en el seu proc\u00e9s de fabricaci\u00f3 per garantir la qualitat final del producte, ja que utilitza una tecnologia de fabricaci\u00f3 d&#8217;\u00faltima generaci\u00f3 que permet obtenir un elevat grau de seguretat i innocu\u00eftat aliment\u00e0ria. Aquest proc\u00e9s garanteix que el producte tingui un alt valor nutricional i amb aix\u00f2 sigui m\u00e9s saludable per a la mascota.\n\n<\/section><section class=\"proceso-fabricacion\">\n<h4>INGREDIENTS<\/h4>\nCarn i peix frescos (40% guatlla fresca, 25% \u00e0nec fresc, 10% peix salvatge), mid\u00f3 hidrolitzat, patata, carbass\u00f3, carbassa, pera, ou de guatlla, tocoferols* d&#8217;origen vegetal, extracte de roman\u00ed i olis essencials d&#8217;orenga, farigola, clau, roman\u00ed i canyella de Ceilan.\n\n<strong>* La vitamina E (tamb\u00e9 coneguda com a tocoferol o alfa-tocoferol) \u00e9s un nutrient que es troba a cada c\u00e8l\u00b7lula del vostre cos. Ajuda a que els nervis i m\u00fasculs funcionin b\u00e9, prev\u00e9 co\u00e0guls sanguinis i refor\u00e7a el sistema immunitari, perqu\u00e8 pugui combatre infeccions per g\u00e8rmens.<\/strong>\n\n<\/section><section class=\"performance-facts red\"><header class=\"performance-facts__header\">\n<h4 class=\"performance-facts__title\">COMPOSICI\u00d3 NUTRICIONAL<\/h4>\n<\/header>\n<table class=\"performance-facts__table\">\n<thead>\n<tr>\n<th class=\"small-info\" colspan=\"3\">Per cada 100g de producte<\/th>\n<\/tr>\n<\/thead>\n<tbody>\n<tr class=\"thick-row\">\n<th colspan=\"2\"><strong>Humitat<\/strong><\/th>\n<td>18,5%<\/td>\n<\/tr>\n<tr class=\"thick-row\">\n<th colspan=\"2\"><strong>Prote\u00efna Bruta<\/strong><\/th>\n<td>27,3%<\/td>\n<\/tr>\n<tr class=\"thick-row\">\n<th colspan=\"2\"><strong>Greixos Bruts<\/strong><\/th>\n<td>18,3%<\/td>\n<\/tr>\n<tr class=\"thick-row\">\n<th colspan=\"2\"><strong>Fibra Bruta<\/strong><\/th>\n<td>1,8%<\/td>\n<\/tr>\n<tr class=\"thick-row\">\n<th colspan=\"2\"><strong>Cendra Bruta<\/strong><\/th>\n<td>6,6%<\/td>\n<\/tr>\n<\/tbody>\n<\/table>\n<p class=\"small-info\">* No requereix quantitat di\u00e0ria recomanada, ja que no \u00e9s un aliment complet.<\/p>\n\n<\/section><section class=\"indicaciones-adicionales\">\n<h4>RECOMANACIONS DE CONSUM<\/h4>\n<table class=\"responsive-table\">\n<thead>\n<tr>\n<th class=\"cifras\" rowspan=\"2\">Quantitat (g)<\/th>\n<th class=\"whitext\" colspan=\"9\">Pes del gos (kg)<\/th>\n<\/tr>\n<tr>\n<th>2<\/th>\n<th>5<\/th>\n<th>10<\/th>\n<th>15<\/th>\n<th>20<\/th>\n<th>25<\/th>\n<th>30<\/th>\n<th>40<\/th>\n<th>60<\/th>\n<\/tr>\n<\/thead>\n<tbody>\n<tr>\n<td class=\"subtitle left-align\" data-label=\"Tipus de gos\">Actiu (activitat moderada 1\u20133 h\/dia)<\/td>\n<td class=\"cifras\" data-label=\"2 kg\">48<\/td>\n<td class=\"cifras\" data-label=\"5 kg\">96<\/td>\n<td class=\"cifras\" data-label=\"10 kg\">161<\/td>\n<td class=\"cifras\" data-label=\"15 kg\">218<\/td>\n<td class=\"cifras\" data-label=\"20 kg\">271<\/td>\n<td class=\"cifras\" data-label=\"25 kg\">320<\/td>\n<td class=\"cifras\" data-label=\"30 kg\">367<\/td>\n<td class=\"cifras\" data-label=\"40 kg\">456<\/td>\n<td class=\"cifras\" data-label=\"60 kg\">618<\/td>\n<\/tr>\n<tr>\n<td class=\"subtitle left-align\" data-label=\"Tipus de gos\">Sedentari (&lt;1h activitat)<\/td>\n<td class=\"cifras\" data-label=\"2 kg\">42<\/td>\n<td class=\"cifras\" data-label=\"5 kg\">83<\/td>\n<td class=\"cifras\" data-label=\"10 kg\">139<\/td>\n<td class=\"cifras\" data-label=\"15 kg\">189<\/td>\n<td class=\"cifras\" data-label=\"20 kg\">234<\/td>\n<td class=\"cifras\" data-label=\"25 kg\">277<\/td>\n<td class=\"cifras\" data-label=\"30 kg\">317<\/td>\n<td class=\"cifras\" data-label=\"40 kg\">394<\/td>\n<td class=\"cifras\" data-label=\"60 kg\">533<\/td>\n<\/tr>\n<tr>\n<td class=\"highlight left-align\" data-label=\"Tipus de gos\">Ob\u00e8s (propens a agafar pes)<\/td>\n<td class=\"cifras\" data-label=\"2 kg\">37<\/td>\n<td class=\"cifras\" data-label=\"5 kg\">74<\/td>\n<td class=\"cifras\" data-label=\"10 kg\">125<\/td>\n<td class=\"cifras\" data-label=\"15 kg\">169<\/td>\n<td class=\"cifras\" data-label=\"20 kg\">209<\/td>\n<td class=\"cifras\" data-label=\"25 kg\">248<\/td>\n<td class=\"cifras\" data-label=\"30 kg\">284<\/td>\n<td class=\"cifras\" data-label=\"40 kg\">352<\/td>\n<td class=\"cifras\" data-label=\"60 kg\">477<\/td>\n<\/tr>\n<\/tbody>\n<\/table>\n&#8211; Edat recomanada: Gossos adults i s\u00e8niors.\n\n&#8211; Mida de l&#8217;animal: Tots.\n\n&#8211; Quantitat di\u00e0ria recomanada: consulteu la taula de raci\u00f3 di\u00e0ria inclosa a l&#8217;env\u00e0s.\n\n<\/section><section class=\"indicaciones-adicionales\">\n<h4>INDICACIONS ADDICIONALS<\/h4>\n&#8211; Conservar en lloc fresc i sec, protegit de la llum.\n\n&#8211; Garantir acc\u00e9s a aigua fresca i neta.\n\n&#8211; Consumir preferentment abans de 18 mesos des de la data de producci\u00f3.\n\n<\/section><\/div>\t\t\t\t\t\t\t\t<\/div>\n\t\t\t\t<\/div>\n\t\t\t\t\t<\/div>\n\t\t\t\t<\/div>\n\t\t\t\t<\/div>\n\t\t","protected":false},"excerpt":{"rendered":"<p>Aliment semi-humit per a gossos, elaborat amb carn fresca de guatlla com a base proteica, provinent de les nostres granges familiars. Sense farines c\u00e0rniques, sense saboritzants ni aromes artificials. Amb ingredients naturals cuinats mitjan\u00e7ant la nostra exclusiva Tenderize Technology, que assegura una nutrici\u00f3 intacta i pur sabor en cada mos.  <\/p>\n<h2>Caracter\u00edstiques principals<\/h2>\n<ul>\n<li aria-level=\"1\"><b>Esp\u00e8cie:<\/b> Gos.<\/li>\n<li aria-level=\"1\"><b>Categoria:<\/b> Aliment complet.<\/li>\n<li aria-level=\"1\"><b>Format:<\/b> Sac de 3 kg.<\/li>\n<li aria-level=\"1\"><b>Env\u00e0s:<\/b> Bossa de pl\u00e0stic tancada al buit.<\/li>\n<\/ul>\n<div class=\"product-icons\"><img decoding=\"async\" src=\"https:\/\/sukipetfood.com\/wp-content\/uploads\/2025\/03\/for-dog.png\"><br \/>\n<img decoding=\"async\" src=\"https:\/\/sukipetfood.com\/wp-content\/uploads\/2025\/03\/local-suppliers.png\"><br \/>\n<img decoding=\"async\" src=\"https:\/\/sukipetfood.com\/wp-content\/uploads\/2025\/04\/no-artificial-flavours-1-1.png\"><br \/>\n<img decoding=\"async\" src=\"https:\/\/sukipetfood.com\/wp-content\/uploads\/2025\/04\/grain-free-ok.png\"><br \/>\n<img decoding=\"async\" src=\"https:\/\/sukipetfood.com\/wp-content\/uploads\/2025\/04\/gmo-free.png\">\n<\/div>\n","protected":false},"featured_media":7871,"comment_status":"open","ping_status":"closed","template":"","meta":[],"product_brand":[],"product_cat":[71,65,81],"product_tag":[],"class_list":{"0":"post-7859","1":"product","2":"type-product","3":"status-publish","4":"has-post-thumbnail","6":"product_cat-alimento-completo-perro-ca","7":"product_cat-perro-ca","8":"product_cat-semihumedo-perro-ca","10":"first","11":"instock","12":"shipping-taxable","13":"product-type-simple"},"yoast_head":"<!-- This site is optimized with the Yoast SEO plugin v26.4 - https:\/\/yoast.com\/wordpress\/plugins\/seo\/ -->\n<title>Aliment complet 3kg Guatlla i Gall dindi | Suki Pet Food<\/title>\n<meta name=\"description\" content=\"Entra ahora para saber todo sobre Aliment complet 3kg Guatlla i Gall dindi . Descubre todas las caracter\u00edsticas del producto y pide toda la informaci\u00f3n necesaria. \u00a1Entra!\" \/>\n<meta name=\"robots\" content=\"index, follow, max-snippet:-1, max-image-preview:large, max-video-preview:-1\" \/>\n<link rel=\"canonical\" href=\"https:\/\/sukipetfood.com\/ca\/producto\/aliment-complet-3kg-copia\" \/>\n<meta property=\"og:locale\" content=\"ca_ES\" \/>\n<meta property=\"og:type\" content=\"article\" \/>\n<meta property=\"og:title\" content=\"Aliment complet 3kg Guatlla i Gall dindi | Suki Pet Food\" \/>\n<meta property=\"og:description\" content=\"Entra ahora para saber todo sobre Aliment complet 3kg Guatlla i Gall dindi . Descubre todas las caracter\u00edsticas del producto y pide toda la informaci\u00f3n necesaria. \u00a1Entra!\" \/>\n<meta property=\"og:url\" content=\"https:\/\/sukipetfood.com\/ca\/producto\/aliment-complet-3kg-copia\" \/>\n<meta property=\"og:site_name\" content=\"SUKI\" \/>\n<meta property=\"article:publisher\" content=\"https:\/\/www.facebook.com\/people\/Suki-Pet-Foods\/61575507998720\/\" \/>\n<meta property=\"article:modified_time\" content=\"2026-04-29T09:27:50+00:00\" \/>\n<meta property=\"og:image\" content=\"https:\/\/sukipetfood.com\/wp-content\/uploads\/2026\/04\/Suki-alimento-completo-para-perro-saco-3kg-codorniz-y-pavo-scaled.jpg\" \/>\n\t<meta property=\"og:image:width\" content=\"2560\" \/>\n\t<meta property=\"og:image:height\" content=\"1920\" \/>\n\t<meta property=\"og:image:type\" content=\"image\/jpeg\" \/>\n<meta name=\"twitter:card\" content=\"summary_large_image\" \/>\n<meta name=\"twitter:label1\" content=\"Temps estimat de lectura\" \/>\n\t<meta name=\"twitter:data1\" content=\"2 minuts\" \/>\n<script type=\"application\/ld+json\" class=\"yoast-schema-graph\">{\"@context\":\"https:\/\/schema.org\",\"@graph\":[{\"@type\":\"WebPage\",\"@id\":\"https:\/\/sukipetfood.com\/ca\/producto\/aliment-complet-3kg-copia\",\"url\":\"https:\/\/sukipetfood.com\/ca\/producto\/aliment-complet-3kg-copia\",\"name\":\"Aliment complet 3kg Guatlla i Gall dindi | Suki Pet Food\",\"isPartOf\":{\"@id\":\"https:\/\/sukipetfood.com\/#website\"},\"primaryImageOfPage\":{\"@id\":\"https:\/\/sukipetfood.com\/ca\/producto\/aliment-complet-3kg-copia#primaryimage\"},\"image\":{\"@id\":\"https:\/\/sukipetfood.com\/ca\/producto\/aliment-complet-3kg-copia#primaryimage\"},\"thumbnailUrl\":\"https:\/\/sukipetfood.com\/wp-content\/uploads\/2026\/04\/Suki-alimento-completo-para-perro-saco-3kg-codorniz-y-pavo-scaled.jpg\",\"datePublished\":\"2026-04-28T13:47:05+00:00\",\"dateModified\":\"2026-04-29T09:27:50+00:00\",\"description\":\"Entra ahora para saber todo sobre Aliment complet 3kg Guatlla i Gall dindi . Descubre todas las caracter\u00edsticas del producto y pide toda la informaci\u00f3n necesaria. \u00a1Entra!\",\"breadcrumb\":{\"@id\":\"https:\/\/sukipetfood.com\/ca\/producto\/aliment-complet-3kg-copia#breadcrumb\"},\"inLanguage\":\"ca\",\"potentialAction\":[{\"@type\":\"ReadAction\",\"target\":[\"https:\/\/sukipetfood.com\/ca\/producto\/aliment-complet-3kg-copia\"]}]},{\"@type\":\"ImageObject\",\"inLanguage\":\"ca\",\"@id\":\"https:\/\/sukipetfood.com\/ca\/producto\/aliment-complet-3kg-copia#primaryimage\",\"url\":\"https:\/\/sukipetfood.com\/wp-content\/uploads\/2026\/04\/Suki-alimento-completo-para-perro-saco-3kg-codorniz-y-pavo-scaled.jpg\",\"contentUrl\":\"https:\/\/sukipetfood.com\/wp-content\/uploads\/2026\/04\/Suki-alimento-completo-para-perro-saco-3kg-codorniz-y-pavo-scaled.jpg\",\"width\":2560,\"height\":1920},{\"@type\":\"BreadcrumbList\",\"@id\":\"https:\/\/sukipetfood.com\/ca\/producto\/aliment-complet-3kg-copia#breadcrumb\",\"itemListElement\":[{\"@type\":\"ListItem\",\"position\":1,\"name\":\"Portada\",\"item\":\"https:\/\/sukipetfood.com\/\"},{\"@type\":\"ListItem\",\"position\":2,\"name\":\"Gos\",\"item\":\"https:\/\/sukipetfood.com\/ca\/perro-ca\"},{\"@type\":\"ListItem\",\"position\":3,\"name\":\"Aliment complet\",\"item\":\"https:\/\/sukipetfood.com\/ca\/perro-ca\/alimento-completo-perro-ca\"},{\"@type\":\"ListItem\",\"position\":4,\"name\":\"Semih\u00famedo\",\"item\":\"https:\/\/sukipetfood.com\/perro\/alimento-completo-perro\/semihumedo-perro\"},{\"@type\":\"ListItem\",\"position\":5,\"name\":\"Aliment complet 3kg Guatlla i Gall dindi\"}]},{\"@type\":\"WebSite\",\"@id\":\"https:\/\/sukipetfood.com\/#website\",\"url\":\"https:\/\/sukipetfood.com\/\",\"name\":\"SUKI Pet Food - Comida Natural de granja para perros y gatos\",\"description\":\"Momentos que unen\",\"publisher\":{\"@id\":\"https:\/\/sukipetfood.com\/#organization\"},\"potentialAction\":[{\"@type\":\"SearchAction\",\"target\":{\"@type\":\"EntryPoint\",\"urlTemplate\":\"https:\/\/sukipetfood.com\/?s={search_term_string}\"},\"query-input\":{\"@type\":\"PropertyValueSpecification\",\"valueRequired\":true,\"valueName\":\"search_term_string\"}}],\"inLanguage\":\"ca\"},{\"@type\":\"Organization\",\"@id\":\"https:\/\/sukipetfood.com\/#organization\",\"name\":\"URGEL GANADERA SA\",\"url\":\"https:\/\/sukipetfood.com\/\",\"logo\":{\"@type\":\"ImageObject\",\"inLanguage\":\"ca\",\"@id\":\"https:\/\/sukipetfood.com\/#\/schema\/logo\/image\/\",\"url\":\"https:\/\/sukipetfood.com\/wp-content\/uploads\/2025\/04\/logo-suki-en.png\",\"contentUrl\":\"https:\/\/sukipetfood.com\/wp-content\/uploads\/2025\/04\/logo-suki-en.png\",\"width\":1824,\"height\":844,\"caption\":\"URGEL GANADERA SA\"},\"image\":{\"@id\":\"https:\/\/sukipetfood.com\/#\/schema\/logo\/image\/\"},\"sameAs\":[\"https:\/\/www.facebook.com\/people\/Suki-Pet-Foods\/61575507998720\/\"]}]}<\/script>\n<!-- \/ Yoast SEO plugin. -->","yoast_head_json":{"title":"Aliment complet 3kg Guatlla i Gall dindi | Suki Pet Food","description":"Entra ahora para saber todo sobre Aliment complet 3kg Guatlla i Gall dindi . Descubre todas las caracter\u00edsticas del producto y pide toda la informaci\u00f3n necesaria. \u00a1Entra!","robots":{"index":"index","follow":"follow","max-snippet":"max-snippet:-1","max-image-preview":"max-image-preview:large","max-video-preview":"max-video-preview:-1"},"canonical":"https:\/\/sukipetfood.com\/ca\/producto\/aliment-complet-3kg-copia","og_locale":"ca_ES","og_type":"article","og_title":"Aliment complet 3kg Guatlla i Gall dindi | Suki Pet Food","og_description":"Entra ahora para saber todo sobre Aliment complet 3kg Guatlla i Gall dindi . Descubre todas las caracter\u00edsticas del producto y pide toda la informaci\u00f3n necesaria. \u00a1Entra!","og_url":"https:\/\/sukipetfood.com\/ca\/producto\/aliment-complet-3kg-copia","og_site_name":"SUKI","article_publisher":"https:\/\/www.facebook.com\/people\/Suki-Pet-Foods\/61575507998720\/","article_modified_time":"2026-04-29T09:27:50+00:00","og_image":[{"width":2560,"height":1920,"url":"https:\/\/sukipetfood.com\/wp-content\/uploads\/2026\/04\/Suki-alimento-completo-para-perro-saco-3kg-codorniz-y-pavo-scaled.jpg","type":"image\/jpeg"}],"twitter_card":"summary_large_image","twitter_misc":{"Temps estimat de lectura":"2 minuts"},"schema":{"@context":"https:\/\/schema.org","@graph":[{"@type":"WebPage","@id":"https:\/\/sukipetfood.com\/ca\/producto\/aliment-complet-3kg-copia","url":"https:\/\/sukipetfood.com\/ca\/producto\/aliment-complet-3kg-copia","name":"Aliment complet 3kg Guatlla i Gall dindi | Suki Pet Food","isPartOf":{"@id":"https:\/\/sukipetfood.com\/#website"},"primaryImageOfPage":{"@id":"https:\/\/sukipetfood.com\/ca\/producto\/aliment-complet-3kg-copia#primaryimage"},"image":{"@id":"https:\/\/sukipetfood.com\/ca\/producto\/aliment-complet-3kg-copia#primaryimage"},"thumbnailUrl":"https:\/\/sukipetfood.com\/wp-content\/uploads\/2026\/04\/Suki-alimento-completo-para-perro-saco-3kg-codorniz-y-pavo-scaled.jpg","datePublished":"2026-04-28T13:47:05+00:00","dateModified":"2026-04-29T09:27:50+00:00","description":"Entra ahora para saber todo sobre Aliment complet 3kg Guatlla i Gall dindi . Descubre todas las caracter\u00edsticas del producto y pide toda la informaci\u00f3n necesaria. \u00a1Entra!","breadcrumb":{"@id":"https:\/\/sukipetfood.com\/ca\/producto\/aliment-complet-3kg-copia#breadcrumb"},"inLanguage":"ca","potentialAction":[{"@type":"ReadAction","target":["https:\/\/sukipetfood.com\/ca\/producto\/aliment-complet-3kg-copia"]}]},{"@type":"ImageObject","inLanguage":"ca","@id":"https:\/\/sukipetfood.com\/ca\/producto\/aliment-complet-3kg-copia#primaryimage","url":"https:\/\/sukipetfood.com\/wp-content\/uploads\/2026\/04\/Suki-alimento-completo-para-perro-saco-3kg-codorniz-y-pavo-scaled.jpg","contentUrl":"https:\/\/sukipetfood.com\/wp-content\/uploads\/2026\/04\/Suki-alimento-completo-para-perro-saco-3kg-codorniz-y-pavo-scaled.jpg","width":2560,"height":1920},{"@type":"BreadcrumbList","@id":"https:\/\/sukipetfood.com\/ca\/producto\/aliment-complet-3kg-copia#breadcrumb","itemListElement":[{"@type":"ListItem","position":1,"name":"Portada","item":"https:\/\/sukipetfood.com\/"},{"@type":"ListItem","position":2,"name":"Gos","item":"https:\/\/sukipetfood.com\/ca\/perro-ca"},{"@type":"ListItem","position":3,"name":"Aliment complet","item":"https:\/\/sukipetfood.com\/ca\/perro-ca\/alimento-completo-perro-ca"},{"@type":"ListItem","position":4,"name":"Semih\u00famedo","item":"https:\/\/sukipetfood.com\/perro\/alimento-completo-perro\/semihumedo-perro"},{"@type":"ListItem","position":5,"name":"Aliment complet 3kg Guatlla i Gall dindi"}]},{"@type":"WebSite","@id":"https:\/\/sukipetfood.com\/#website","url":"https:\/\/sukipetfood.com\/","name":"SUKI Pet Food - Comida Natural de granja para perros y gatos","description":"Momentos que unen","publisher":{"@id":"https:\/\/sukipetfood.com\/#organization"},"potentialAction":[{"@type":"SearchAction","target":{"@type":"EntryPoint","urlTemplate":"https:\/\/sukipetfood.com\/?s={search_term_string}"},"query-input":{"@type":"PropertyValueSpecification","valueRequired":true,"valueName":"search_term_string"}}],"inLanguage":"ca"},{"@type":"Organization","@id":"https:\/\/sukipetfood.com\/#organization","name":"URGEL GANADERA SA","url":"https:\/\/sukipetfood.com\/","logo":{"@type":"ImageObject","inLanguage":"ca","@id":"https:\/\/sukipetfood.com\/#\/schema\/logo\/image\/","url":"https:\/\/sukipetfood.com\/wp-content\/uploads\/2025\/04\/logo-suki-en.png","contentUrl":"https:\/\/sukipetfood.com\/wp-content\/uploads\/2025\/04\/logo-suki-en.png","width":1824,"height":844,"caption":"URGEL GANADERA SA"},"image":{"@id":"https:\/\/sukipetfood.com\/#\/schema\/logo\/image\/"},"sameAs":["https:\/\/www.facebook.com\/people\/Suki-Pet-Foods\/61575507998720\/"]}]}},"_links":{"self":[{"href":"https:\/\/sukipetfood.com\/ca\/wp-json\/wp\/v2\/product\/7859","targetHints":{"allow":["GET"]}}],"collection":[{"href":"https:\/\/sukipetfood.com\/ca\/wp-json\/wp\/v2\/product"}],"about":[{"href":"https:\/\/sukipetfood.com\/ca\/wp-json\/wp\/v2\/types\/product"}],"replies":[{"embeddable":true,"href":"https:\/\/sukipetfood.com\/ca\/wp-json\/wp\/v2\/comments?post=7859"}],"version-history":[{"count":2,"href":"https:\/\/sukipetfood.com\/ca\/wp-json\/wp\/v2\/product\/7859\/revisions"}],"predecessor-version":[{"id":7994,"href":"https:\/\/sukipetfood.com\/ca\/wp-json\/wp\/v2\/product\/7859\/revisions\/7994"}],"wp:featuredmedia":[{"embeddable":true,"href":"https:\/\/sukipetfood.com\/ca\/wp-json\/wp\/v2\/media\/7871"}],"wp:attachment":[{"href":"https:\/\/sukipetfood.com\/ca\/wp-json\/wp\/v2\/media?parent=7859"}],"wp:term":[{"taxonomy":"product_brand","embeddable":true,"href":"https:\/\/sukipetfood.com\/ca\/wp-json\/wp\/v2\/product_brand?post=7859"},{"taxonomy":"product_cat","embeddable":true,"href":"https:\/\/sukipetfood.com\/ca\/wp-json\/wp\/v2\/product_cat?post=7859"},{"taxonomy":"product_tag","embeddable":true,"href":"https:\/\/sukipetfood.com\/ca\/wp-json\/wp\/v2\/product_tag?post=7859"}],"curies":[{"name":"wp","href":"https:\/\/api.w.org\/{rel}","templated":true}]}}