{"id":4209,"date":"2025-08-11T15:59:18","date_gmt":"2025-08-11T13:59:18","guid":{"rendered":"https:\/\/sukipetfood.com\/producto\/lata-perro-adulto-codorniz-y-pato-400g"},"modified":"2025-11-28T12:31:45","modified_gmt":"2025-11-28T11:31:45","slug":"lata-perro-adulto-codorniz-y-pato-400g","status":"publish","type":"product","link":"https:\/\/sukipetfood.com\/ca\/producto\/lata-perro-adulto-codorniz-y-pato-400g","title":{"rendered":"Llauna Gos Adult Guatlla i \u00c0nec 400g"},"content":{"rendered":"<div class=\"info-adicional-ficha\">\n<section class=\"indicaciones-adicionales\">\n<h3>INGREDIENTS<\/h3>\n<p>Guatlla 54%, \u00c0nec 36%, Ou de guatlla 4%, gelatina, polpa de remolatxa, minerals.<\/p>\n<\/section>\n<section class=\"performance-facts red\">\n<header class=\"performance-facts__header\">\n<h3 class=\"performance-facts__title\">COMPOSICI\u00d3 NUTRICIONAL<\/h3>\n<\/header>\n<table class=\"performance-facts__table\">\n<thead>\n<tr>\n<th class=\"small-info\" colspan=\"3\">Per cada 100g de producte<\/th>\n<\/tr>\n<\/thead>\n<tbody>\n<tr class=\"thick-row\">\n<th colspan=\"2\"><b>Humitat<\/b><\/th>\n<td>73,5%<\/td>\n<\/tr>\n<tr class=\"thick-row\">\n<th colspan=\"2\"><b>Prote\u00efna Bruta<\/b><\/th>\n<td>8,8%<\/td>\n<\/tr>\n<tr class=\"thick-row\">\n<th colspan=\"2\"><b>Greix Brut<\/b><\/th>\n<td>7,5%<\/td>\n<\/tr>\n<tr class=\"thick-row\">\n<th colspan=\"2\"><b>Fibra Bruta<\/b><\/th>\n<td>1,6%<\/td>\n<\/tr>\n<tr class=\"thick-row\">\n<th colspan=\"2\"><b>Cendres brutes<\/b><\/th>\n<td>2,2%<\/td>\n<\/tr>\n<tr class=\"thick-row\">\n<th colspan=\"2\"><b>Energia metabolitzable<\/b><\/th>\n<td>1283 Kcal\/Kg (5368 KJ\/Kg)<\/td>\n<\/tr>\n<\/tbody>\n<\/table>\n<p class=\"small-info\">\n<\/section>\n<section class=\"indicaciones-adicionales\">\n<h3>ADDITIUS NUTRICIONALS<\/h3>\n<p>\u2022 Vitamines (IU): A (3a672a): 7.954 \u00b7 D3 (3a671): 150 \u00b7 E (3a700): 159<br \/>\n\u2022 Minerals (mg): Mn (3b503): 13 \u00b7 Fe (3b103): 29 \u00b7 Cu (3b405): 2,9 \u00b7 Zn (3b603): 40 \u00b7 I (3b201): 0,5.<\/p>\n<\/section>\n<section class=\"indicaciones-adicionales \">\n<h3>RECOMANACIONS DE CONSUM<\/h3>\n<table class=\"responsive-table\">\n<thead>\n<tr>\n<th class=\"cifras\" rowspan=\"2\">Cantidad (g)<\/th>\n<th class=\"whitext\" colspan=\"9\">Peso del perro (kg)<\/th>\n<\/tr>\n<tr>\n<th>2<\/th>\n<th>5<\/th>\n<th>10<\/th>\n<th>15<\/th>\n<th>20<\/th>\n<th>25<\/th>\n<th>30<\/th>\n<th>40<\/th>\n<th>60<\/th>\n<\/tr>\n<\/thead>\n<tbody>\n<tr>\n<td class=\"highlight subtitle left-align\" data-label=\"Tipo de perro\">Actiu (activitat moderada 1\u20133 h\/dia)<\/td>\n<td class=\"cifras\" data-label=\"2 kg\">144<\/td>\n<td class=\"cifras\" data-label=\"5 kg\">287<\/td>\n<td class=\"cifras\" data-label=\"10 kg\">482<\/td>\n<td class=\"cifras\" data-label=\"15 kg\">653<\/td>\n<td class=\"cifras\" data-label=\"20 kg\">811<\/td>\n<td class=\"cifras\" data-label=\"25 kg\">959<\/td>\n<td class=\"cifras\" data-label=\"30 kg\">1099<\/td>\n<td class=\"cifras\" data-label=\"40 kg\">1364<\/td>\n<td class=\"cifras\" data-label=\"60 kg\">1848<\/td>\n<\/tr>\n<tr>\n<td class=\"highlight subtitle left-align\" data-label=\"Tipo de perro\">Sedentari (&lt;1h activitat)<\/td>\n<td class=\"cifras\" data-label=\"2 kg\">125<\/td>\n<td class=\"cifras\" data-label=\"5 kg\">248<\/td>\n<td class=\"cifras\" data-label=\"10 kg\">416<\/td>\n<td class=\"cifras\" data-label=\"15 kg\">564<\/td>\n<td class=\"cifras\" data-label=\"20 kg\">700<\/td>\n<td class=\"cifras\" data-label=\"25 kg\">828<\/td>\n<td class=\"cifras\" data-label=\"30 kg\">949<\/td>\n<td class=\"cifras\" data-label=\"40 kg\">1178<\/td>\n<td class=\"cifras\" data-label=\"60 kg\">1596<\/td>\n<\/tr>\n<tr>\n<td class=\"highlight left-align\" data-label=\"Tipo de perro\">Ob\u00e8s (propens a agafar pes)<\/td>\n<td class=\"cifras\" data-label=\"2 kg\">111<\/td>\n<td class=\"cifras\" data-label=\"5 kg\">222<\/td>\n<td class=\"cifras\" data-label=\"10 kg\">373<\/td>\n<td class=\"cifras\" data-label=\"15 kg\">505<\/td>\n<td class=\"cifras\" data-label=\"20 kg\">627<\/td>\n<td class=\"cifras\" data-label=\"25 kg\">741<\/td>\n<td class=\"cifras\" data-label=\"30 kg\">849<\/td>\n<td class=\"cifras\" data-label=\"40 kg\">1054<\/td>\n<td class=\"cifras\" data-label=\"60 kg\">1428<\/td>\n<\/tr>\n<\/tbody>\n<\/table>\n<p>\u2022 Edat recomanada: Adults.<br \/>\n\u2022 Tama\u00f1o del animal: Todas las razas.<\/p>\n<\/section>\n<section class=\"indicaciones-adicionales\">\n<h3>INDICACIONS ADDICIONALS<\/h3>\n<p>\u2022 Garantir acc\u00e9s a aigua fresca i neta.<br \/>\n\u2022 Almacenar en lugar fresco y seco, protegido de la luz solar.<br \/>\n\u2022 Consumir preferentment 36 mesos des de la data de producci\u00f3.<\/p>\n<\/section>\n<\/div>\n","protected":false},"excerpt":{"rendered":"<p>Aliment complet humit per a gossos adults, elaborat amb mat\u00e8ries primeres 100% fresques. Ric en prote\u00efnes animals d\u2019alta qualitat gr\u00e0cies a la combinaci\u00f3 de guatlla, \u00e0nec i ou de guatlla.<\/p>\n<h2>Caracter\u00edstiques principals<\/h2>\n<ul>\n<li><strong>Esp\u00e8cie<\/strong>: Gos.<\/li>\n<li><strong>Categoria<\/strong>: Aliment complet humit.<\/li>\n<li><strong>Format<\/strong>: Llauna.<\/li>\n<li><strong>Contenido neto<\/strong>: 400g.<\/li>\n<\/ul>\n<div class=\"product-icons\"><img decoding=\"async\" src=\"https:\/\/sukipetfood.com\/wp-content\/uploads\/2025\/04\/grain-free-ok.png\" \/><br \/>\n<img decoding=\"async\" src=\"https:\/\/sukipetfood.com\/wp-content\/uploads\/2025\/03\/hypoallergenic.png\" \/><br \/>\n<img decoding=\"async\" src=\"https:\/\/sukipetfood.com\/wp-content\/uploads\/2025\/03\/fresh-meat.png\" \/><br \/>\n<img decoding=\"async\" src=\"https:\/\/sukipetfood.com\/wp-content\/uploads\/2025\/05\/fresh-duck-red.png\" \/><br \/>\n<img decoding=\"async\" src=\"https:\/\/sukipetfood.com\/wp-content\/uploads\/2025\/03\/for-dog.png\" \/><\/div>\n","protected":false},"featured_media":4945,"comment_status":"open","ping_status":"closed","template":"","meta":[],"product_brand":[],"product_cat":[71,65,85],"product_tag":[],"class_list":{"0":"post-4209","1":"product","2":"type-product","3":"status-publish","4":"has-post-thumbnail","6":"product_cat-alimento-completo-perro-ca","7":"product_cat-perro-ca","8":"product_cat-humedo-perro-ca","10":"first","11":"instock","12":"shipping-taxable","13":"product-type-simple"},"yoast_head":"<!-- This site is optimized with the Yoast SEO plugin v26.4 - https:\/\/yoast.com\/wordpress\/plugins\/seo\/ -->\n<title>Llauna Gos Adult Guatlla i \u00c0nec 400g | Suki Pet Food<\/title>\n<meta name=\"description\" content=\"Entra ahora para saber todo sobre Llauna Gos Adult Guatlla i \u00c0nec 400g . Descubre todas las caracter\u00edsticas del producto y pide toda la informaci\u00f3n necesaria. \u00a1Entra!\" \/>\n<meta name=\"robots\" content=\"index, follow, max-snippet:-1, max-image-preview:large, max-video-preview:-1\" \/>\n<link rel=\"canonical\" href=\"https:\/\/sukipetfood.com\/producto\/lata-perro-codorniz-y-pato-400g\" \/>\n<meta property=\"og:locale\" content=\"ca_ES\" \/>\n<meta property=\"og:type\" content=\"article\" \/>\n<meta property=\"og:title\" content=\"Llauna Gos Adult Guatlla i \u00c0nec 400g | Suki Pet Food\" \/>\n<meta property=\"og:description\" content=\"Entra ahora para saber todo sobre Llauna Gos Adult Guatlla i \u00c0nec 400g . Descubre todas las caracter\u00edsticas del producto y pide toda la informaci\u00f3n necesaria. \u00a1Entra!\" \/>\n<meta property=\"og:url\" content=\"https:\/\/sukipetfood.com\/producto\/lata-perro-codorniz-y-pato-400g\" \/>\n<meta property=\"og:site_name\" content=\"SUKI\" \/>\n<meta property=\"article:publisher\" content=\"https:\/\/www.facebook.com\/people\/Suki-Pet-Foods\/61575507998720\/\" \/>\n<meta property=\"article:modified_time\" content=\"2025-11-28T11:31:45+00:00\" \/>\n<meta property=\"og:image\" content=\"https:\/\/sukipetfood.com\/wp-content\/uploads\/2025\/11\/lata-perro-adulto-codorniz-pato-400g.png\" \/>\n\t<meta property=\"og:image:width\" content=\"2008\" \/>\n\t<meta property=\"og:image:height\" content=\"2008\" \/>\n\t<meta property=\"og:image:type\" content=\"image\/png\" \/>\n<meta name=\"twitter:card\" content=\"summary_large_image\" \/>\n<meta name=\"twitter:label1\" content=\"Temps estimat de lectura\" \/>\n\t<meta name=\"twitter:data1\" content=\"2 minuts\" \/>\n<script type=\"application\/ld+json\" class=\"yoast-schema-graph\">{\"@context\":\"https:\/\/schema.org\",\"@graph\":[{\"@type\":\"WebPage\",\"@id\":\"https:\/\/sukipetfood.com\/producto\/lata-perro-codorniz-y-pato-400g\",\"url\":\"https:\/\/sukipetfood.com\/producto\/lata-perro-codorniz-y-pato-400g\",\"name\":\"Llauna Gos Adult Guatlla i \u00c0nec 400g | Suki Pet Food\",\"isPartOf\":{\"@id\":\"https:\/\/sukipetfood.com\/#website\"},\"primaryImageOfPage\":{\"@id\":\"https:\/\/sukipetfood.com\/producto\/lata-perro-codorniz-y-pato-400g#primaryimage\"},\"image\":{\"@id\":\"https:\/\/sukipetfood.com\/producto\/lata-perro-codorniz-y-pato-400g#primaryimage\"},\"thumbnailUrl\":\"https:\/\/sukipetfood.com\/wp-content\/uploads\/2025\/11\/lata-perro-adulto-codorniz-pato-400g.png\",\"datePublished\":\"2025-08-11T13:59:18+00:00\",\"dateModified\":\"2025-11-28T11:31:45+00:00\",\"description\":\"Entra ahora para saber todo sobre Llauna Gos Adult Guatlla i \u00c0nec 400g . Descubre todas las caracter\u00edsticas del producto y pide toda la informaci\u00f3n necesaria. \u00a1Entra!\",\"breadcrumb\":{\"@id\":\"https:\/\/sukipetfood.com\/producto\/lata-perro-codorniz-y-pato-400g#breadcrumb\"},\"inLanguage\":\"ca\",\"potentialAction\":[{\"@type\":\"ReadAction\",\"target\":[\"https:\/\/sukipetfood.com\/producto\/lata-perro-codorniz-y-pato-400g\"]}]},{\"@type\":\"ImageObject\",\"inLanguage\":\"ca\",\"@id\":\"https:\/\/sukipetfood.com\/producto\/lata-perro-codorniz-y-pato-400g#primaryimage\",\"url\":\"https:\/\/sukipetfood.com\/wp-content\/uploads\/2025\/11\/lata-perro-adulto-codorniz-pato-400g.png\",\"contentUrl\":\"https:\/\/sukipetfood.com\/wp-content\/uploads\/2025\/11\/lata-perro-adulto-codorniz-pato-400g.png\",\"width\":2008,\"height\":2008,\"caption\":\"Lata de comida h\u00fameda para perro adulto con codorniz y pato de la marca Suki 400 gramos\"},{\"@type\":\"BreadcrumbList\",\"@id\":\"https:\/\/sukipetfood.com\/producto\/lata-perro-codorniz-y-pato-400g#breadcrumb\",\"itemListElement\":[{\"@type\":\"ListItem\",\"position\":1,\"name\":\"Portada\",\"item\":\"https:\/\/sukipetfood.com\/ca\"},{\"@type\":\"ListItem\",\"position\":2,\"name\":\"Llauna Gos Adult Guatlla i \u00c0nec 400g\"}]},{\"@type\":\"WebSite\",\"@id\":\"https:\/\/sukipetfood.com\/#website\",\"url\":\"https:\/\/sukipetfood.com\/\",\"name\":\"SUKI Pet Food - Comida Natural de granja para perros y gatos\",\"description\":\"Momentos que unen\",\"publisher\":{\"@id\":\"https:\/\/sukipetfood.com\/#organization\"},\"potentialAction\":[{\"@type\":\"SearchAction\",\"target\":{\"@type\":\"EntryPoint\",\"urlTemplate\":\"https:\/\/sukipetfood.com\/?s={search_term_string}\"},\"query-input\":{\"@type\":\"PropertyValueSpecification\",\"valueRequired\":true,\"valueName\":\"search_term_string\"}}],\"inLanguage\":\"ca\"},{\"@type\":\"Organization\",\"@id\":\"https:\/\/sukipetfood.com\/#organization\",\"name\":\"URGEL GANADERA SA\",\"url\":\"https:\/\/sukipetfood.com\/\",\"logo\":{\"@type\":\"ImageObject\",\"inLanguage\":\"ca\",\"@id\":\"https:\/\/sukipetfood.com\/#\/schema\/logo\/image\/\",\"url\":\"https:\/\/sukipetfood.com\/wp-content\/uploads\/2025\/04\/logo-suki-en.png\",\"contentUrl\":\"https:\/\/sukipetfood.com\/wp-content\/uploads\/2025\/04\/logo-suki-en.png\",\"width\":1824,\"height\":844,\"caption\":\"URGEL GANADERA SA\"},\"image\":{\"@id\":\"https:\/\/sukipetfood.com\/#\/schema\/logo\/image\/\"},\"sameAs\":[\"https:\/\/www.facebook.com\/people\/Suki-Pet-Foods\/61575507998720\/\"]}]}<\/script>\n<!-- \/ Yoast SEO plugin. -->","yoast_head_json":{"title":"Llauna Gos Adult Guatlla i \u00c0nec 400g | Suki Pet Food","description":"Entra ahora para saber todo sobre Llauna Gos Adult Guatlla i \u00c0nec 400g . Descubre todas las caracter\u00edsticas del producto y pide toda la informaci\u00f3n necesaria. \u00a1Entra!","robots":{"index":"index","follow":"follow","max-snippet":"max-snippet:-1","max-image-preview":"max-image-preview:large","max-video-preview":"max-video-preview:-1"},"canonical":"https:\/\/sukipetfood.com\/producto\/lata-perro-codorniz-y-pato-400g","og_locale":"ca_ES","og_type":"article","og_title":"Llauna Gos Adult Guatlla i \u00c0nec 400g | Suki Pet Food","og_description":"Entra ahora para saber todo sobre Llauna Gos Adult Guatlla i \u00c0nec 400g . Descubre todas las caracter\u00edsticas del producto y pide toda la informaci\u00f3n necesaria. \u00a1Entra!","og_url":"https:\/\/sukipetfood.com\/producto\/lata-perro-codorniz-y-pato-400g","og_site_name":"SUKI","article_publisher":"https:\/\/www.facebook.com\/people\/Suki-Pet-Foods\/61575507998720\/","article_modified_time":"2025-11-28T11:31:45+00:00","og_image":[{"width":2008,"height":2008,"url":"https:\/\/sukipetfood.com\/wp-content\/uploads\/2025\/11\/lata-perro-adulto-codorniz-pato-400g.png","type":"image\/png"}],"twitter_card":"summary_large_image","twitter_misc":{"Temps estimat de lectura":"2 minuts"},"schema":{"@context":"https:\/\/schema.org","@graph":[{"@type":"WebPage","@id":"https:\/\/sukipetfood.com\/producto\/lata-perro-codorniz-y-pato-400g","url":"https:\/\/sukipetfood.com\/producto\/lata-perro-codorniz-y-pato-400g","name":"Llauna Gos Adult Guatlla i \u00c0nec 400g | Suki Pet Food","isPartOf":{"@id":"https:\/\/sukipetfood.com\/#website"},"primaryImageOfPage":{"@id":"https:\/\/sukipetfood.com\/producto\/lata-perro-codorniz-y-pato-400g#primaryimage"},"image":{"@id":"https:\/\/sukipetfood.com\/producto\/lata-perro-codorniz-y-pato-400g#primaryimage"},"thumbnailUrl":"https:\/\/sukipetfood.com\/wp-content\/uploads\/2025\/11\/lata-perro-adulto-codorniz-pato-400g.png","datePublished":"2025-08-11T13:59:18+00:00","dateModified":"2025-11-28T11:31:45+00:00","description":"Entra ahora para saber todo sobre Llauna Gos Adult Guatlla i \u00c0nec 400g . Descubre todas las caracter\u00edsticas del producto y pide toda la informaci\u00f3n necesaria. \u00a1Entra!","breadcrumb":{"@id":"https:\/\/sukipetfood.com\/producto\/lata-perro-codorniz-y-pato-400g#breadcrumb"},"inLanguage":"ca","potentialAction":[{"@type":"ReadAction","target":["https:\/\/sukipetfood.com\/producto\/lata-perro-codorniz-y-pato-400g"]}]},{"@type":"ImageObject","inLanguage":"ca","@id":"https:\/\/sukipetfood.com\/producto\/lata-perro-codorniz-y-pato-400g#primaryimage","url":"https:\/\/sukipetfood.com\/wp-content\/uploads\/2025\/11\/lata-perro-adulto-codorniz-pato-400g.png","contentUrl":"https:\/\/sukipetfood.com\/wp-content\/uploads\/2025\/11\/lata-perro-adulto-codorniz-pato-400g.png","width":2008,"height":2008,"caption":"Lata de comida h\u00fameda para perro adulto con codorniz y pato de la marca Suki 400 gramos"},{"@type":"BreadcrumbList","@id":"https:\/\/sukipetfood.com\/producto\/lata-perro-codorniz-y-pato-400g#breadcrumb","itemListElement":[{"@type":"ListItem","position":1,"name":"Portada","item":"https:\/\/sukipetfood.com\/ca"},{"@type":"ListItem","position":2,"name":"Llauna Gos Adult Guatlla i \u00c0nec 400g"}]},{"@type":"WebSite","@id":"https:\/\/sukipetfood.com\/#website","url":"https:\/\/sukipetfood.com\/","name":"SUKI Pet Food - Comida Natural de granja para perros y gatos","description":"Momentos que unen","publisher":{"@id":"https:\/\/sukipetfood.com\/#organization"},"potentialAction":[{"@type":"SearchAction","target":{"@type":"EntryPoint","urlTemplate":"https:\/\/sukipetfood.com\/?s={search_term_string}"},"query-input":{"@type":"PropertyValueSpecification","valueRequired":true,"valueName":"search_term_string"}}],"inLanguage":"ca"},{"@type":"Organization","@id":"https:\/\/sukipetfood.com\/#organization","name":"URGEL GANADERA SA","url":"https:\/\/sukipetfood.com\/","logo":{"@type":"ImageObject","inLanguage":"ca","@id":"https:\/\/sukipetfood.com\/#\/schema\/logo\/image\/","url":"https:\/\/sukipetfood.com\/wp-content\/uploads\/2025\/04\/logo-suki-en.png","contentUrl":"https:\/\/sukipetfood.com\/wp-content\/uploads\/2025\/04\/logo-suki-en.png","width":1824,"height":844,"caption":"URGEL GANADERA SA"},"image":{"@id":"https:\/\/sukipetfood.com\/#\/schema\/logo\/image\/"},"sameAs":["https:\/\/www.facebook.com\/people\/Suki-Pet-Foods\/61575507998720\/"]}]}},"_links":{"self":[{"href":"https:\/\/sukipetfood.com\/ca\/wp-json\/wp\/v2\/product\/4209","targetHints":{"allow":["GET"]}}],"collection":[{"href":"https:\/\/sukipetfood.com\/ca\/wp-json\/wp\/v2\/product"}],"about":[{"href":"https:\/\/sukipetfood.com\/ca\/wp-json\/wp\/v2\/types\/product"}],"replies":[{"embeddable":true,"href":"https:\/\/sukipetfood.com\/ca\/wp-json\/wp\/v2\/comments?post=4209"}],"version-history":[{"count":4,"href":"https:\/\/sukipetfood.com\/ca\/wp-json\/wp\/v2\/product\/4209\/revisions"}],"predecessor-version":[{"id":5327,"href":"https:\/\/sukipetfood.com\/ca\/wp-json\/wp\/v2\/product\/4209\/revisions\/5327"}],"wp:featuredmedia":[{"embeddable":true,"href":"https:\/\/sukipetfood.com\/ca\/wp-json\/wp\/v2\/media\/4945"}],"wp:attachment":[{"href":"https:\/\/sukipetfood.com\/ca\/wp-json\/wp\/v2\/media?parent=4209"}],"wp:term":[{"taxonomy":"product_brand","embeddable":true,"href":"https:\/\/sukipetfood.com\/ca\/wp-json\/wp\/v2\/product_brand?post=4209"},{"taxonomy":"product_cat","embeddable":true,"href":"https:\/\/sukipetfood.com\/ca\/wp-json\/wp\/v2\/product_cat?post=4209"},{"taxonomy":"product_tag","embeddable":true,"href":"https:\/\/sukipetfood.com\/ca\/wp-json\/wp\/v2\/product_tag?post=4209"}],"curies":[{"name":"wp","href":"https:\/\/api.w.org\/{rel}","templated":true}]}}