{"id":3162,"date":"2025-01-04T13:42:55","date_gmt":"2025-01-04T12:42:55","guid":{"rendered":"https:\/\/sukipetfood.com\/producto\/pals-guatlla-300g\/"},"modified":"2026-05-06T13:42:27","modified_gmt":"2026-05-06T11:42:27","slug":"pals-guatlla-300g","status":"publish","type":"product","link":"https:\/\/sukipetfood.com\/ca\/producto\/pals-guatlla-300g","title":{"rendered":"Pals Guatlla 300g"},"content":{"rendered":"<div class=\"info-adicional-ficha\">\n<section class=\"indicaciones-adicionales\">\n<h3>INGREDIENTS<\/h3>\n<p>Guatlla fresca (70%), patata, p\u00e8sol, moniato, glicerina vegetal, oli de gira-sol, polpa de poma, polpa de remolatxa, herbes i fruites deshidratades (ginseng siberi\u00e0, parts de gerds, fulles de esbarzer, pols de llavors de nabiu; negra, fulles de dent de lle\u00f3, fulles d&#8217;ortiga, baies de sa\u00fcc), condroprotectors (glucosamina, condroitin sulfat).<\/p>\n<\/section>\n<section class=\"performance-facts red\">\n<header class=\"performance-facts__header\">\n<h3 class=\"performance-facts__title\">COMPOSICI\u00d3 NUTRICIONAL<\/h3>\n<\/header>\n<table class=\"performance-facts__table\">\n<thead>\n<tr>\n<th class=\"small-info\" colspan=\"3\">Per cada 100g de producte<\/th>\n<\/tr>\n<\/thead>\n<tbody>\n<tr class=\"thick-row\">\n<th colspan=\"2\"><b>Humitat<\/b><\/th>\n<td>20%<\/td>\n<\/tr>\n<tr class=\"thick-row\">\n<th colspan=\"2\"><b>Prote\u00efna Bruta<\/b><\/th>\n<td>20,5%<\/td>\n<\/tr>\n<tr class=\"thick-row\">\n<th colspan=\"2\"><b>Grasas Brutas<\/b><\/th>\n<td>9%<\/td>\n<\/tr>\n<tr class=\"thick-row\">\n<th colspan=\"2\"><b>Fibra Bruta<\/b><\/th>\n<td>2,7%<\/td>\n<\/tr>\n<tr class=\"thick-row\">\n<th colspan=\"2\"><b>Ceniza Bruta<\/b><\/th>\n<td>4%<\/td>\n<\/tr>\n<\/tbody>\n<\/table>\n<p class=\"small-info\">* No requereix quantitat di\u00e0ria recomanada, ja que no \u00e9s un aliment complet.<\/p>\n<\/section>\n<section class=\"indicaciones-adicionales\">\n<h3>RECOMANACIONS DE CONSUM<\/h3>\n<p>\u2022 Edat recomanada: Adults i S\u00e8nior.<br \/>\n\u2022 Grand\u00e0ria de l&#8217;animal: Petit, Mitj\u00e0 i Gran.<\/p>\n<\/section>\n<section class=\"indicaciones-adicionales\">\n<h3>INDICACIONS ADDICIONALS<\/h3>\n<p>\u2022 Garantir acc\u00e9s a aigua fresca i neta.<br \/>\n\u2022 Consumir preferentment abans d&#8217;un any des de la data de producci\u00f3.<\/p>\n<\/section>\n<\/div>\n","protected":false},"excerpt":{"rendered":"<p>Snack premium d\u2019alta qualitat per a gossos, elaborat amb un 70% de carn fresca de guatlla. Ideal com a premi saludable, amb ingredients naturals de proximitat i d\u2019alta qualitat. <\/p>\n<h2>Caracter\u00edstiques principals<\/h2>\n<ul>\n<li><strong>Esp\u00e8cie<\/strong>: Gos.<\/li>\n<li><strong>Categoria<\/strong>: Snack tou.<\/li>\n<li><strong>Format<\/strong>: 300g.<\/li>\n<li><strong>Env\u00e0s<\/strong>: Pot de pl\u00e0stic segellat.<\/li>\n<\/ul>\n<div class=\"product-icons\"><img decoding=\"async\" src=\"https:\/\/sukipetfood.com\/wp-content\/uploads\/2025\/04\/grain-free-ok.png\"><br \/>\n<img decoding=\"async\" src=\"https:\/\/sukipetfood.com\/wp-content\/uploads\/2025\/03\/hypoallergenic.png\"><br \/>\n<img decoding=\"async\" src=\"https:\/\/sukipetfood.com\/wp-content\/uploads\/2025\/03\/fresh-meat.png\"><br \/>\n<img decoding=\"async\" src=\"https:\/\/sukipetfood.com\/wp-content\/uploads\/2025\/03\/for-dog.png\"><\/div>\n","protected":false},"featured_media":7218,"comment_status":"open","ping_status":"closed","template":"","meta":[],"product_brand":[],"product_cat":[65,77,69],"product_tag":[],"class_list":{"0":"post-3162","1":"product","2":"type-product","3":"status-publish","4":"has-post-thumbnail","6":"product_cat-perro-ca","7":"product_cat-masticables-perro-ca","8":"product_cat-snack-perro-ca","10":"first","11":"instock","12":"shipping-taxable","13":"product-type-simple"},"yoast_head":"<!-- This site is optimized with the Yoast SEO plugin v27.5 - https:\/\/yoast.com\/product\/yoast-seo-wordpress\/ -->\n<title>Pals Guatlla 300g | Suki Pet Food<\/title>\n<meta name=\"description\" content=\"Entra ahora para saber todo sobre Pals Guatlla 300g . Descubre todas las caracter\u00edsticas del producto y pide toda la informaci\u00f3n necesaria. \u00a1Entra!\" \/>\n<meta name=\"robots\" content=\"index, follow, max-snippet:-1, max-image-preview:large, max-video-preview:-1\" \/>\n<link rel=\"canonical\" href=\"https:\/\/sukipetfood.com\/ca\/producto\/pals-guatlla-300g\" \/>\n<meta property=\"og:locale\" content=\"ca_ES\" \/>\n<meta property=\"og:type\" content=\"article\" \/>\n<meta property=\"og:title\" content=\"Pals Guatlla 300g | Suki Pet Food\" \/>\n<meta property=\"og:description\" content=\"Entra ahora para saber todo sobre Pals Guatlla 300g . Descubre todas las caracter\u00edsticas del producto y pide toda la informaci\u00f3n necesaria. \u00a1Entra!\" \/>\n<meta property=\"og:url\" content=\"https:\/\/sukipetfood.com\/ca\/producto\/pals-guatlla-300g\" \/>\n<meta property=\"og:site_name\" content=\"SUKI\" \/>\n<meta property=\"article:publisher\" content=\"https:\/\/www.facebook.com\/people\/Suki-Pet-Foods\/61575507998720\/\" \/>\n<meta property=\"article:modified_time\" content=\"2026-05-06T11:42:27+00:00\" \/>\n<meta property=\"og:image\" content=\"https:\/\/sukipetfood.com\/wp-content\/uploads\/2025\/01\/Suki-snack-para-perro-barritas-de-codorniz-300g.jpg\" \/>\n\t<meta property=\"og:image:width\" content=\"994\" \/>\n\t<meta property=\"og:image:height\" content=\"992\" \/>\n\t<meta property=\"og:image:type\" content=\"image\/jpeg\" \/>\n<meta name=\"twitter:card\" content=\"summary_large_image\" \/>\n<meta name=\"twitter:label1\" content=\"Temps estimat de lectura\" \/>\n\t<meta name=\"twitter:data1\" content=\"1 minut\" \/>\n<script type=\"application\/ld+json\" class=\"yoast-schema-graph\">{\"@context\":\"https:\\\/\\\/schema.org\",\"@graph\":[{\"@type\":\"WebPage\",\"@id\":\"https:\\\/\\\/sukipetfood.com\\\/ca\\\/producto\\\/pals-guatlla-300g\",\"url\":\"https:\\\/\\\/sukipetfood.com\\\/ca\\\/producto\\\/pals-guatlla-300g\",\"name\":\"Pals Guatlla 300g | Suki Pet Food\",\"isPartOf\":{\"@id\":\"https:\\\/\\\/sukipetfood.com\\\/#website\"},\"primaryImageOfPage\":{\"@id\":\"https:\\\/\\\/sukipetfood.com\\\/ca\\\/producto\\\/pals-guatlla-300g#primaryimage\"},\"image\":{\"@id\":\"https:\\\/\\\/sukipetfood.com\\\/ca\\\/producto\\\/pals-guatlla-300g#primaryimage\"},\"thumbnailUrl\":\"https:\\\/\\\/sukipetfood.com\\\/wp-content\\\/uploads\\\/2025\\\/01\\\/Suki-snack-para-perro-barritas-de-codorniz-300g.jpg\",\"datePublished\":\"2025-01-04T12:42:55+00:00\",\"dateModified\":\"2026-05-06T11:42:27+00:00\",\"description\":\"Entra ahora para saber todo sobre Pals Guatlla 300g . Descubre todas las caracter\u00edsticas del producto y pide toda la informaci\u00f3n necesaria. \u00a1Entra!\",\"breadcrumb\":{\"@id\":\"https:\\\/\\\/sukipetfood.com\\\/ca\\\/producto\\\/pals-guatlla-300g#breadcrumb\"},\"inLanguage\":\"ca\",\"potentialAction\":[{\"@type\":\"ReadAction\",\"target\":[\"https:\\\/\\\/sukipetfood.com\\\/ca\\\/producto\\\/pals-guatlla-300g\"]}]},{\"@type\":\"ImageObject\",\"inLanguage\":\"ca\",\"@id\":\"https:\\\/\\\/sukipetfood.com\\\/ca\\\/producto\\\/pals-guatlla-300g#primaryimage\",\"url\":\"https:\\\/\\\/sukipetfood.com\\\/wp-content\\\/uploads\\\/2025\\\/01\\\/Suki-snack-para-perro-barritas-de-codorniz-300g.jpg\",\"contentUrl\":\"https:\\\/\\\/sukipetfood.com\\\/wp-content\\\/uploads\\\/2025\\\/01\\\/Suki-snack-para-perro-barritas-de-codorniz-300g.jpg\",\"width\":994,\"height\":992},{\"@type\":\"BreadcrumbList\",\"@id\":\"https:\\\/\\\/sukipetfood.com\\\/ca\\\/producto\\\/pals-guatlla-300g#breadcrumb\",\"itemListElement\":[{\"@type\":\"ListItem\",\"position\":1,\"name\":\"Portada\",\"item\":\"https:\\\/\\\/sukipetfood.com\\\/\"},{\"@type\":\"ListItem\",\"position\":2,\"name\":\"Gos\",\"item\":\"https:\\\/\\\/sukipetfood.com\\\/ca\\\/perro-ca\"},{\"@type\":\"ListItem\",\"position\":3,\"name\":\"Snack\",\"item\":\"https:\\\/\\\/sukipetfood.com\\\/perro\\\/snack-perro\"},{\"@type\":\"ListItem\",\"position\":4,\"name\":\"Masticables\",\"item\":\"https:\\\/\\\/sukipetfood.com\\\/masticables-perro\"},{\"@type\":\"ListItem\",\"position\":5,\"name\":\"Pals Guatlla 300g\"}]},{\"@type\":\"WebSite\",\"@id\":\"https:\\\/\\\/sukipetfood.com\\\/#website\",\"url\":\"https:\\\/\\\/sukipetfood.com\\\/\",\"name\":\"SUKI Pet Food - Comida Natural de granja para perros y gatos\",\"description\":\"Momentos que unen\",\"publisher\":{\"@id\":\"https:\\\/\\\/sukipetfood.com\\\/#organization\"},\"potentialAction\":[{\"@type\":\"SearchAction\",\"target\":{\"@type\":\"EntryPoint\",\"urlTemplate\":\"https:\\\/\\\/sukipetfood.com\\\/?s={search_term_string}\"},\"query-input\":{\"@type\":\"PropertyValueSpecification\",\"valueRequired\":true,\"valueName\":\"search_term_string\"}}],\"inLanguage\":\"ca\"},{\"@type\":\"Organization\",\"@id\":\"https:\\\/\\\/sukipetfood.com\\\/#organization\",\"name\":\"URGEL GANADERA SA\",\"url\":\"https:\\\/\\\/sukipetfood.com\\\/\",\"logo\":{\"@type\":\"ImageObject\",\"inLanguage\":\"ca\",\"@id\":\"https:\\\/\\\/sukipetfood.com\\\/#\\\/schema\\\/logo\\\/image\\\/\",\"url\":\"https:\\\/\\\/sukipetfood.com\\\/wp-content\\\/uploads\\\/2025\\\/04\\\/logo-suki-en.png\",\"contentUrl\":\"https:\\\/\\\/sukipetfood.com\\\/wp-content\\\/uploads\\\/2025\\\/04\\\/logo-suki-en.png\",\"width\":1824,\"height\":844,\"caption\":\"URGEL GANADERA SA\"},\"image\":{\"@id\":\"https:\\\/\\\/sukipetfood.com\\\/#\\\/schema\\\/logo\\\/image\\\/\"},\"sameAs\":[\"https:\\\/\\\/www.facebook.com\\\/people\\\/Suki-Pet-Foods\\\/61575507998720\\\/\"]}]}<\/script>\n<!-- \/ Yoast SEO plugin. -->","yoast_head_json":{"title":"Pals Guatlla 300g | Suki Pet Food","description":"Entra ahora para saber todo sobre Pals Guatlla 300g . Descubre todas las caracter\u00edsticas del producto y pide toda la informaci\u00f3n necesaria. \u00a1Entra!","robots":{"index":"index","follow":"follow","max-snippet":"max-snippet:-1","max-image-preview":"max-image-preview:large","max-video-preview":"max-video-preview:-1"},"canonical":"https:\/\/sukipetfood.com\/ca\/producto\/pals-guatlla-300g","og_locale":"ca_ES","og_type":"article","og_title":"Pals Guatlla 300g | Suki Pet Food","og_description":"Entra ahora para saber todo sobre Pals Guatlla 300g . Descubre todas las caracter\u00edsticas del producto y pide toda la informaci\u00f3n necesaria. \u00a1Entra!","og_url":"https:\/\/sukipetfood.com\/ca\/producto\/pals-guatlla-300g","og_site_name":"SUKI","article_publisher":"https:\/\/www.facebook.com\/people\/Suki-Pet-Foods\/61575507998720\/","article_modified_time":"2026-05-06T11:42:27+00:00","og_image":[{"width":994,"height":992,"url":"https:\/\/sukipetfood.com\/wp-content\/uploads\/2025\/01\/Suki-snack-para-perro-barritas-de-codorniz-300g.jpg","type":"image\/jpeg"}],"twitter_card":"summary_large_image","twitter_misc":{"Temps estimat de lectura":"1 minut"},"schema":{"@context":"https:\/\/schema.org","@graph":[{"@type":"WebPage","@id":"https:\/\/sukipetfood.com\/ca\/producto\/pals-guatlla-300g","url":"https:\/\/sukipetfood.com\/ca\/producto\/pals-guatlla-300g","name":"Pals Guatlla 300g | Suki Pet Food","isPartOf":{"@id":"https:\/\/sukipetfood.com\/#website"},"primaryImageOfPage":{"@id":"https:\/\/sukipetfood.com\/ca\/producto\/pals-guatlla-300g#primaryimage"},"image":{"@id":"https:\/\/sukipetfood.com\/ca\/producto\/pals-guatlla-300g#primaryimage"},"thumbnailUrl":"https:\/\/sukipetfood.com\/wp-content\/uploads\/2025\/01\/Suki-snack-para-perro-barritas-de-codorniz-300g.jpg","datePublished":"2025-01-04T12:42:55+00:00","dateModified":"2026-05-06T11:42:27+00:00","description":"Entra ahora para saber todo sobre Pals Guatlla 300g . Descubre todas las caracter\u00edsticas del producto y pide toda la informaci\u00f3n necesaria. \u00a1Entra!","breadcrumb":{"@id":"https:\/\/sukipetfood.com\/ca\/producto\/pals-guatlla-300g#breadcrumb"},"inLanguage":"ca","potentialAction":[{"@type":"ReadAction","target":["https:\/\/sukipetfood.com\/ca\/producto\/pals-guatlla-300g"]}]},{"@type":"ImageObject","inLanguage":"ca","@id":"https:\/\/sukipetfood.com\/ca\/producto\/pals-guatlla-300g#primaryimage","url":"https:\/\/sukipetfood.com\/wp-content\/uploads\/2025\/01\/Suki-snack-para-perro-barritas-de-codorniz-300g.jpg","contentUrl":"https:\/\/sukipetfood.com\/wp-content\/uploads\/2025\/01\/Suki-snack-para-perro-barritas-de-codorniz-300g.jpg","width":994,"height":992},{"@type":"BreadcrumbList","@id":"https:\/\/sukipetfood.com\/ca\/producto\/pals-guatlla-300g#breadcrumb","itemListElement":[{"@type":"ListItem","position":1,"name":"Portada","item":"https:\/\/sukipetfood.com\/"},{"@type":"ListItem","position":2,"name":"Gos","item":"https:\/\/sukipetfood.com\/ca\/perro-ca"},{"@type":"ListItem","position":3,"name":"Snack","item":"https:\/\/sukipetfood.com\/perro\/snack-perro"},{"@type":"ListItem","position":4,"name":"Masticables","item":"https:\/\/sukipetfood.com\/masticables-perro"},{"@type":"ListItem","position":5,"name":"Pals Guatlla 300g"}]},{"@type":"WebSite","@id":"https:\/\/sukipetfood.com\/#website","url":"https:\/\/sukipetfood.com\/","name":"SUKI Pet Food - Comida Natural de granja para perros y gatos","description":"Momentos que unen","publisher":{"@id":"https:\/\/sukipetfood.com\/#organization"},"potentialAction":[{"@type":"SearchAction","target":{"@type":"EntryPoint","urlTemplate":"https:\/\/sukipetfood.com\/?s={search_term_string}"},"query-input":{"@type":"PropertyValueSpecification","valueRequired":true,"valueName":"search_term_string"}}],"inLanguage":"ca"},{"@type":"Organization","@id":"https:\/\/sukipetfood.com\/#organization","name":"URGEL GANADERA SA","url":"https:\/\/sukipetfood.com\/","logo":{"@type":"ImageObject","inLanguage":"ca","@id":"https:\/\/sukipetfood.com\/#\/schema\/logo\/image\/","url":"https:\/\/sukipetfood.com\/wp-content\/uploads\/2025\/04\/logo-suki-en.png","contentUrl":"https:\/\/sukipetfood.com\/wp-content\/uploads\/2025\/04\/logo-suki-en.png","width":1824,"height":844,"caption":"URGEL GANADERA SA"},"image":{"@id":"https:\/\/sukipetfood.com\/#\/schema\/logo\/image\/"},"sameAs":["https:\/\/www.facebook.com\/people\/Suki-Pet-Foods\/61575507998720\/"]}]}},"_links":{"self":[{"href":"https:\/\/sukipetfood.com\/ca\/wp-json\/wp\/v2\/product\/3162","targetHints":{"allow":["GET"]}}],"collection":[{"href":"https:\/\/sukipetfood.com\/ca\/wp-json\/wp\/v2\/product"}],"about":[{"href":"https:\/\/sukipetfood.com\/ca\/wp-json\/wp\/v2\/types\/product"}],"replies":[{"embeddable":true,"href":"https:\/\/sukipetfood.com\/ca\/wp-json\/wp\/v2\/comments?post=3162"}],"version-history":[{"count":5,"href":"https:\/\/sukipetfood.com\/ca\/wp-json\/wp\/v2\/product\/3162\/revisions"}],"predecessor-version":[{"id":8275,"href":"https:\/\/sukipetfood.com\/ca\/wp-json\/wp\/v2\/product\/3162\/revisions\/8275"}],"wp:featuredmedia":[{"embeddable":true,"href":"https:\/\/sukipetfood.com\/ca\/wp-json\/wp\/v2\/media\/7218"}],"wp:attachment":[{"href":"https:\/\/sukipetfood.com\/ca\/wp-json\/wp\/v2\/media?parent=3162"}],"wp:term":[{"taxonomy":"product_brand","embeddable":true,"href":"https:\/\/sukipetfood.com\/ca\/wp-json\/wp\/v2\/product_brand?post=3162"},{"taxonomy":"product_cat","embeddable":true,"href":"https:\/\/sukipetfood.com\/ca\/wp-json\/wp\/v2\/product_cat?post=3162"},{"taxonomy":"product_tag","embeddable":true,"href":"https:\/\/sukipetfood.com\/ca\/wp-json\/wp\/v2\/product_tag?post=3162"}],"curies":[{"name":"wp","href":"https:\/\/api.w.org\/{rel}","templated":true}]}}