{"id":4702,"date":"2025-04-25T10:48:36","date_gmt":"2025-04-25T08:48:36","guid":{"rendered":"https:\/\/sukipetfood.com\/?page_id=4702"},"modified":"2025-11-26T09:58:38","modified_gmt":"2025-11-26T08:58:38","slug":"politica-de-cookies","status":"publish","type":"page","link":"https:\/\/sukipetfood.com\/ca\/politica-de-cookies","title":{"rendered":"Politica de cookies"},"content":{"rendered":"\t\t<div data-elementor-type=\"wp-page\" data-elementor-id=\"4702\" class=\"elementor elementor-4702 elementor-2845\" data-elementor-settings=\"{&quot;element_pack_global_tooltip_width&quot;:{&quot;unit&quot;:&quot;px&quot;,&quot;size&quot;:&quot;&quot;,&quot;sizes&quot;:[]},&quot;element_pack_global_tooltip_width_tablet&quot;:{&quot;unit&quot;:&quot;px&quot;,&quot;size&quot;:&quot;&quot;,&quot;sizes&quot;:[]},&quot;element_pack_global_tooltip_width_mobile&quot;:{&quot;unit&quot;:&quot;px&quot;,&quot;size&quot;:&quot;&quot;,&quot;sizes&quot;:[]},&quot;element_pack_global_tooltip_padding&quot;:{&quot;unit&quot;:&quot;px&quot;,&quot;top&quot;:&quot;&quot;,&quot;right&quot;:&quot;&quot;,&quot;bottom&quot;:&quot;&quot;,&quot;left&quot;:&quot;&quot;,&quot;isLinked&quot;:true},&quot;element_pack_global_tooltip_padding_tablet&quot;:{&quot;unit&quot;:&quot;px&quot;,&quot;top&quot;:&quot;&quot;,&quot;right&quot;:&quot;&quot;,&quot;bottom&quot;:&quot;&quot;,&quot;left&quot;:&quot;&quot;,&quot;isLinked&quot;:true},&quot;element_pack_global_tooltip_padding_mobile&quot;:{&quot;unit&quot;:&quot;px&quot;,&quot;top&quot;:&quot;&quot;,&quot;right&quot;:&quot;&quot;,&quot;bottom&quot;:&quot;&quot;,&quot;left&quot;:&quot;&quot;,&quot;isLinked&quot;:true},&quot;element_pack_global_tooltip_border_radius&quot;:{&quot;unit&quot;:&quot;px&quot;,&quot;top&quot;:&quot;&quot;,&quot;right&quot;:&quot;&quot;,&quot;bottom&quot;:&quot;&quot;,&quot;left&quot;:&quot;&quot;,&quot;isLinked&quot;:true},&quot;element_pack_global_tooltip_border_radius_tablet&quot;:{&quot;unit&quot;:&quot;px&quot;,&quot;top&quot;:&quot;&quot;,&quot;right&quot;:&quot;&quot;,&quot;bottom&quot;:&quot;&quot;,&quot;left&quot;:&quot;&quot;,&quot;isLinked&quot;:true},&quot;element_pack_global_tooltip_border_radius_mobile&quot;:{&quot;unit&quot;:&quot;px&quot;,&quot;top&quot;:&quot;&quot;,&quot;right&quot;:&quot;&quot;,&quot;bottom&quot;:&quot;&quot;,&quot;left&quot;:&quot;&quot;,&quot;isLinked&quot;:true}}\" data-elementor-post-type=\"page\">\n\t\t\t\t<div class=\"elementor-element elementor-element-490190a e-flex e-con-boxed e-con e-parent\" data-id=\"490190a\" data-element_type=\"container\" data-e-type=\"container\">\n\t\t\t\t\t<div class=\"e-con-inner\">\n\t\t\t\t<div class=\"elementor-element elementor-element-1cda42ee elementor-widget elementor-widget-text-editor\" data-id=\"1cda42ee\" data-element_type=\"widget\" data-e-type=\"widget\" data-widget_type=\"text-editor.default\">\n\t\t\t\t<div class=\"elementor-widget-container\">\n\t\t\t\t\t\t\t\t\t<h2>Pol\u00edtica de Cookies<\/h2>\n<p class=\"\" data-start=\"396\" data-end=\"612\">\nEn <strong data-start=\"399\" data-end=\"416\">Suki Pet Food<\/strong> ens preocupem per la teva privacitat. Per aix\u00f2, volem informar-te de manera transparent sobre com i per qu\u00e8 utilitzem cookies al nostre lloc web \n<a class=\"\" href=\"https:\/\/sukipetfood.com\/\" target=\"_new\" rel=\"noopener\" data-start=\"564\" data-end=\"611\">www.sukipetfood.com<\/a>.\n<\/p>\n\n<h3 class=\"\" data-start=\"614\" data-end=\"639\">Qu\u00e8 s\u00f3n les cookies?<\/h3>\n<p class=\"\" data-start=\"641\" data-end=\"879\">\nLes cookies s\u00f3n petits fitxers de text que s\u2019emmagatzemen al teu dispositiu quan visites un lloc web. Serveixen per recordar les teves prefer\u00e8ncies, millorar la teva experi\u00e8ncia de navegaci\u00f3 i, en alguns casos, mostrar-te contingut personalitzat.\n<\/p>\n\n<h3 class=\"\" data-start=\"881\" data-end=\"914\">Quins tipus de cookies utilitzem?<\/h3>\n<p class=\"\" data-start=\"916\" data-end=\"972\">\nAl nostre lloc utilitzem diferents tipus de cookies:\n<\/p>\n\n<ul data-start=\"974\" data-end=\"1494\">\n    <li class=\"\" data-start=\"974\" data-end=\"1117\">\n        <p class=\"\" data-start=\"976\" data-end=\"1117\">\n            <strong data-start=\"976\" data-end=\"999\">Cookies necess\u00e0ries:<\/strong> S\u00f3n essencials perqu\u00e8 la web funcioni correctament (per exemple, per accedir a \u00e0rees segures o processar comandes).\n        <\/p>\n    <\/li>\n    <li class=\"\" data-start=\"1118\" data-end=\"1252\">\n        <p class=\"\" data-start=\"1120\" data-end=\"1252\">\n            <strong data-start=\"1120\" data-end=\"1158\">Cookies d&#8217;an\u00e0lisi o rendiment:<\/strong> Ens permeten con\u00e8ixer com interactuen els usuaris amb la web per millorar-ne el funcionament.\n        <\/p>\n    <\/li>\n    <li class=\"\" data-start=\"1253\" data-end=\"1363\">\n        <p class=\"\" data-start=\"1255\" data-end=\"1363\">\n            <strong data-start=\"1255\" data-end=\"1284\">Cookies de funcionalitat:<\/strong> Ajuden a recordar les teves prefer\u00e8ncies (com l\u2019idioma o el teu carret\u00f3 de la compra).\n        <\/p>\n    <\/li>\n    <li class=\"\" data-start=\"1364\" data-end=\"1494\">\n        <p class=\"\" data-start=\"1366\" data-end=\"1494\">\n            <strong data-start=\"1366\" data-end=\"1392\">Cookies de publicitat:<\/strong> Les podem utilitzar per mostrar-te anuncis personalitzats en funci\u00f3 del teu comportament de navegaci\u00f3.\n        <\/p>\n    <\/li>\n<\/ul>\n\n<h3 class=\"\" data-start=\"1496\" data-end=\"1519\">Cookies de tercers<\/h3>\n<p class=\"\" data-start=\"1521\" data-end=\"1766\">\nPodem utilitzar eines de tercers com Google Analytics, Meta (Facebook\/Instagram) o TikTok per recopilar informaci\u00f3 an\u00f2nima amb finalitats estad\u00edstiques o de m\u00e0rqueting. Aquestes plataformes poden instal\u00b7lar les seves pr\u00f2pies cookies al teu navegador.\n<\/p>\n\n<h3 class=\"\" data-start=\"1768\" data-end=\"1807\">Com pots controlar les cookies?<\/h3>\n<p class=\"\" data-start=\"1809\" data-end=\"1963\">\nEn entrar per primera vegada al nostre lloc, et mostrem un b\u00e0ner de cookies on pots acceptar, rebutjar o configurar les cookies que desitges permetre.\n<\/p>\n<p class=\"\" data-start=\"1965\" data-end=\"2131\">\nTamb\u00e9 pots modificar les teves prefer\u00e8ncies en qualsevol moment des de la configuraci\u00f3 del teu navegador. Aqu\u00ed tens enlla\u00e7os \u00fatils segons el navegador que utilitzis:\n<\/p>\n\n<ul data-start=\"2133\" data-end=\"2521\">\n    <li class=\"\" data-start=\"2133\" data-end=\"2204\">\n        <p class=\"\" data-start=\"2135\" data-end=\"2204\">\n            <a target=\"_new\" rel=\"noopener\" data-start=\"2135\" data-end=\"2204\">Google Chrome<\/a>\n        <\/p>\n    <\/li>\n    <li class=\"\" data-start=\"2205\" data-end=\"2325\">\n        <p class=\"\" data-start=\"2207\" data-end=\"2325\">\n            <a class=\"\" href=\"https:\/\/support.mozilla.org\/es\/kb\/habilitar-y-deshabilitar-cookies-sitios-web-rastrear-preferencias\" target=\"_new\" rel=\"noopener\" data-start=\"2207\" data-end=\"2325\">Mozilla Firefox<\/a>\n        <\/p>\n    <\/li>\n    <li class=\"\" data-start=\"2326\" data-end=\"2378\">\n        <p class=\"\" data-start=\"2328\" data-end=\"2378\">\n            <a class=\"\" href=\"https:\/\/support.apple.com\/es-es\/HT201265\" target=\"_new\" rel=\"noopener\" data-start=\"2328\" data-end=\"2378\">Safari<\/a>\n        <\/p>\n    <\/li>\n    <li class=\"\" data-start=\"2379\" data-end=\"2521\">\n        <p class=\"\" data-start=\"2381\" data-end=\"2521\">\n            <a class=\"\" href=\"https:\/\/support.microsoft.com\/es-es\/microsoft-edge\/eliminar-cookies-en-microsoft-edge-63947406-40ac-c3b8-57b9-2a946a29ae09\" target=\"_new\" rel=\"noopener\" data-start=\"2381\" data-end=\"2521\">Microsoft Edge<\/a>\n        <\/p>\n    <\/li>\n<\/ul>\n\n<h3 class=\"\" data-start=\"2523\" data-end=\"2560\">Canvis en la pol\u00edtica de cookies<\/h3>\n<p class=\"\" data-start=\"2562\" data-end=\"2728\">\nPodem actualitzar aquesta pol\u00edtica ocasionalment per reflectir canvis en les nostres pr\u00e0ctiques o en la legislaci\u00f3 aplicable. Et recomanem revisar-la de tant en tant.\n<\/p>\n<p class=\"\" data-start=\"2730\" data-end=\"2854\">\nSi tens dubtes sobre la nostra pol\u00edtica de cookies, ens pots escriure a:\n<\/p>\n\t\t\t\t\t\t\t\t<\/div>\n\t\t\t\t<\/div>\n\t\t\t\t\t<\/div>\n\t\t\t\t<\/div>\n\t\t\t\t<\/div>\n\t\t","protected":false},"excerpt":{"rendered":"<p>Pol\u00edtica de Cookies En Suki Pet Food ens preocupem per la teva privacitat. Per aix\u00f2, volem informar-te de manera transparent sobre com [&hellip;]<\/p>\n","protected":false},"author":1,"featured_media":0,"parent":0,"menu_order":0,"comment_status":"closed","ping_status":"closed","template":"","meta":{"footnotes":""},"class_list":["post-4702","page","type-page","status-publish","hentry"],"yoast_head":"<!-- This site is optimized with the Yoast SEO plugin v26.4 - https:\/\/yoast.com\/wordpress\/plugins\/seo\/ -->\n<title>Politica de cookies - SUKI<\/title>\n<meta name=\"description\" content=\"Descubre todo lo que necesitas saber sobre Politica de cookies . \u00a1Entra ahora para conocerlo todo al dealle en nuestra web!\" \/>\n<meta name=\"robots\" content=\"noindex, nofollow\" \/>\n<meta property=\"og:locale\" content=\"ca_ES\" \/>\n<meta property=\"og:type\" content=\"article\" \/>\n<meta property=\"og:title\" content=\"Politica de cookies - SUKI\" \/>\n<meta property=\"og:description\" content=\"Descubre todo lo que necesitas saber sobre Politica de cookies . \u00a1Entra ahora para conocerlo todo al dealle en nuestra web!\" \/>\n<meta property=\"og:url\" content=\"https:\/\/sukipetfood.com\/politica-de-cookies\" \/>\n<meta property=\"og:site_name\" content=\"SUKI\" \/>\n<meta property=\"article:publisher\" content=\"https:\/\/www.facebook.com\/people\/Suki-Pet-Foods\/61575507998720\/\" \/>\n<meta property=\"article:modified_time\" content=\"2025-11-26T08:58:38+00:00\" \/>\n<meta name=\"twitter:card\" content=\"summary_large_image\" \/>\n<meta name=\"twitter:label1\" content=\"Temps estimat de lectura\" \/>\n\t<meta name=\"twitter:data1\" content=\"2 minuts\" \/>\n<script type=\"application\/ld+json\" class=\"yoast-schema-graph\">{\"@context\":\"https:\/\/schema.org\",\"@graph\":[{\"@type\":\"WebPage\",\"@id\":\"https:\/\/sukipetfood.com\/politica-de-cookies\",\"url\":\"https:\/\/sukipetfood.com\/politica-de-cookies\",\"name\":\"Politica de cookies - SUKI\",\"isPartOf\":{\"@id\":\"https:\/\/sukipetfood.com\/#website\"},\"datePublished\":\"2025-04-25T08:48:36+00:00\",\"dateModified\":\"2025-11-26T08:58:38+00:00\",\"description\":\"Descubre todo lo que necesitas saber sobre Politica de cookies . \u00a1Entra ahora para conocerlo todo al dealle en nuestra web!\",\"breadcrumb\":{\"@id\":\"https:\/\/sukipetfood.com\/politica-de-cookies#breadcrumb\"},\"inLanguage\":\"ca\",\"potentialAction\":[{\"@type\":\"ReadAction\",\"target\":[\"https:\/\/sukipetfood.com\/politica-de-cookies\"]}]},{\"@type\":\"BreadcrumbList\",\"@id\":\"https:\/\/sukipetfood.com\/politica-de-cookies#breadcrumb\",\"itemListElement\":[{\"@type\":\"ListItem\",\"position\":1,\"name\":\"Portada\",\"item\":\"https:\/\/sukipetfood.com\/fr\"},{\"@type\":\"ListItem\",\"position\":2,\"name\":\"Politica de cookies\"}]},{\"@type\":\"WebSite\",\"@id\":\"https:\/\/sukipetfood.com\/#website\",\"url\":\"https:\/\/sukipetfood.com\/\",\"name\":\"SUKI Pet Food - Comida Natural de granja para perros y gatos\",\"description\":\"Momentos que unen\",\"publisher\":{\"@id\":\"https:\/\/sukipetfood.com\/#organization\"},\"potentialAction\":[{\"@type\":\"SearchAction\",\"target\":{\"@type\":\"EntryPoint\",\"urlTemplate\":\"https:\/\/sukipetfood.com\/?s={search_term_string}\"},\"query-input\":{\"@type\":\"PropertyValueSpecification\",\"valueRequired\":true,\"valueName\":\"search_term_string\"}}],\"inLanguage\":\"ca\"},{\"@type\":\"Organization\",\"@id\":\"https:\/\/sukipetfood.com\/#organization\",\"name\":\"URGEL GANADERA SA\",\"url\":\"https:\/\/sukipetfood.com\/\",\"logo\":{\"@type\":\"ImageObject\",\"inLanguage\":\"ca\",\"@id\":\"https:\/\/sukipetfood.com\/#\/schema\/logo\/image\/\",\"url\":\"https:\/\/sukipetfood.com\/wp-content\/uploads\/2025\/04\/logo-suki-en.png\",\"contentUrl\":\"https:\/\/sukipetfood.com\/wp-content\/uploads\/2025\/04\/logo-suki-en.png\",\"width\":1824,\"height\":844,\"caption\":\"URGEL GANADERA SA\"},\"image\":{\"@id\":\"https:\/\/sukipetfood.com\/#\/schema\/logo\/image\/\"},\"sameAs\":[\"https:\/\/www.facebook.com\/people\/Suki-Pet-Foods\/61575507998720\/\"]}]}<\/script>\n<!-- \/ Yoast SEO plugin. -->","yoast_head_json":{"title":"Politica de cookies - SUKI","description":"Descubre todo lo que necesitas saber sobre Politica de cookies . \u00a1Entra ahora para conocerlo todo al dealle en nuestra web!","robots":{"index":"noindex","follow":"nofollow"},"og_locale":"ca_ES","og_type":"article","og_title":"Politica de cookies - SUKI","og_description":"Descubre todo lo que necesitas saber sobre Politica de cookies . \u00a1Entra ahora para conocerlo todo al dealle en nuestra web!","og_url":"https:\/\/sukipetfood.com\/politica-de-cookies","og_site_name":"SUKI","article_publisher":"https:\/\/www.facebook.com\/people\/Suki-Pet-Foods\/61575507998720\/","article_modified_time":"2025-11-26T08:58:38+00:00","twitter_card":"summary_large_image","twitter_misc":{"Temps estimat de lectura":"2 minuts"},"schema":{"@context":"https:\/\/schema.org","@graph":[{"@type":"WebPage","@id":"https:\/\/sukipetfood.com\/politica-de-cookies","url":"https:\/\/sukipetfood.com\/politica-de-cookies","name":"Politica de cookies - SUKI","isPartOf":{"@id":"https:\/\/sukipetfood.com\/#website"},"datePublished":"2025-04-25T08:48:36+00:00","dateModified":"2025-11-26T08:58:38+00:00","description":"Descubre todo lo que necesitas saber sobre Politica de cookies . \u00a1Entra ahora para conocerlo todo al dealle en nuestra web!","breadcrumb":{"@id":"https:\/\/sukipetfood.com\/politica-de-cookies#breadcrumb"},"inLanguage":"ca","potentialAction":[{"@type":"ReadAction","target":["https:\/\/sukipetfood.com\/politica-de-cookies"]}]},{"@type":"BreadcrumbList","@id":"https:\/\/sukipetfood.com\/politica-de-cookies#breadcrumb","itemListElement":[{"@type":"ListItem","position":1,"name":"Portada","item":"https:\/\/sukipetfood.com\/fr"},{"@type":"ListItem","position":2,"name":"Politica de cookies"}]},{"@type":"WebSite","@id":"https:\/\/sukipetfood.com\/#website","url":"https:\/\/sukipetfood.com\/","name":"SUKI Pet Food - Comida Natural de granja para perros y gatos","description":"Momentos que unen","publisher":{"@id":"https:\/\/sukipetfood.com\/#organization"},"potentialAction":[{"@type":"SearchAction","target":{"@type":"EntryPoint","urlTemplate":"https:\/\/sukipetfood.com\/?s={search_term_string}"},"query-input":{"@type":"PropertyValueSpecification","valueRequired":true,"valueName":"search_term_string"}}],"inLanguage":"ca"},{"@type":"Organization","@id":"https:\/\/sukipetfood.com\/#organization","name":"URGEL GANADERA SA","url":"https:\/\/sukipetfood.com\/","logo":{"@type":"ImageObject","inLanguage":"ca","@id":"https:\/\/sukipetfood.com\/#\/schema\/logo\/image\/","url":"https:\/\/sukipetfood.com\/wp-content\/uploads\/2025\/04\/logo-suki-en.png","contentUrl":"https:\/\/sukipetfood.com\/wp-content\/uploads\/2025\/04\/logo-suki-en.png","width":1824,"height":844,"caption":"URGEL GANADERA SA"},"image":{"@id":"https:\/\/sukipetfood.com\/#\/schema\/logo\/image\/"},"sameAs":["https:\/\/www.facebook.com\/people\/Suki-Pet-Foods\/61575507998720\/"]}]}},"_links":{"self":[{"href":"https:\/\/sukipetfood.com\/ca\/wp-json\/wp\/v2\/pages\/4702","targetHints":{"allow":["GET"]}}],"collection":[{"href":"https:\/\/sukipetfood.com\/ca\/wp-json\/wp\/v2\/pages"}],"about":[{"href":"https:\/\/sukipetfood.com\/ca\/wp-json\/wp\/v2\/types\/page"}],"author":[{"embeddable":true,"href":"https:\/\/sukipetfood.com\/ca\/wp-json\/wp\/v2\/users\/1"}],"replies":[{"embeddable":true,"href":"https:\/\/sukipetfood.com\/ca\/wp-json\/wp\/v2\/comments?post=4702"}],"version-history":[{"count":7,"href":"https:\/\/sukipetfood.com\/ca\/wp-json\/wp\/v2\/pages\/4702\/revisions"}],"predecessor-version":[{"id":4718,"href":"https:\/\/sukipetfood.com\/ca\/wp-json\/wp\/v2\/pages\/4702\/revisions\/4718"}],"wp:attachment":[{"href":"https:\/\/sukipetfood.com\/ca\/wp-json\/wp\/v2\/media?parent=4702"}],"curies":[{"name":"wp","href":"https:\/\/api.w.org\/{rel}","templated":true}]}}