{"id":4688,"date":"2025-04-25T10:36:52","date_gmt":"2025-04-25T08:36:52","guid":{"rendered":"https:\/\/sukipetfood.com\/?page_id=4688"},"modified":"2025-11-26T09:52:02","modified_gmt":"2025-11-26T08:52:02","slug":"politica-de-privadesa","status":"publish","type":"page","link":"https:\/\/sukipetfood.com\/ca\/politica-de-privadesa","title":{"rendered":"Pol\u00edtica de Privadesa"},"content":{"rendered":"\t\t<div data-elementor-type=\"wp-page\" data-elementor-id=\"4688\" class=\"elementor elementor-4688 elementor-2832\" data-elementor-settings=\"{&quot;element_pack_global_tooltip_width&quot;:{&quot;unit&quot;:&quot;px&quot;,&quot;size&quot;:&quot;&quot;,&quot;sizes&quot;:[]},&quot;element_pack_global_tooltip_width_tablet&quot;:{&quot;unit&quot;:&quot;px&quot;,&quot;size&quot;:&quot;&quot;,&quot;sizes&quot;:[]},&quot;element_pack_global_tooltip_width_mobile&quot;:{&quot;unit&quot;:&quot;px&quot;,&quot;size&quot;:&quot;&quot;,&quot;sizes&quot;:[]},&quot;element_pack_global_tooltip_padding&quot;:{&quot;unit&quot;:&quot;px&quot;,&quot;top&quot;:&quot;&quot;,&quot;right&quot;:&quot;&quot;,&quot;bottom&quot;:&quot;&quot;,&quot;left&quot;:&quot;&quot;,&quot;isLinked&quot;:true},&quot;element_pack_global_tooltip_padding_tablet&quot;:{&quot;unit&quot;:&quot;px&quot;,&quot;top&quot;:&quot;&quot;,&quot;right&quot;:&quot;&quot;,&quot;bottom&quot;:&quot;&quot;,&quot;left&quot;:&quot;&quot;,&quot;isLinked&quot;:true},&quot;element_pack_global_tooltip_padding_mobile&quot;:{&quot;unit&quot;:&quot;px&quot;,&quot;top&quot;:&quot;&quot;,&quot;right&quot;:&quot;&quot;,&quot;bottom&quot;:&quot;&quot;,&quot;left&quot;:&quot;&quot;,&quot;isLinked&quot;:true},&quot;element_pack_global_tooltip_border_radius&quot;:{&quot;unit&quot;:&quot;px&quot;,&quot;top&quot;:&quot;&quot;,&quot;right&quot;:&quot;&quot;,&quot;bottom&quot;:&quot;&quot;,&quot;left&quot;:&quot;&quot;,&quot;isLinked&quot;:true},&quot;element_pack_global_tooltip_border_radius_tablet&quot;:{&quot;unit&quot;:&quot;px&quot;,&quot;top&quot;:&quot;&quot;,&quot;right&quot;:&quot;&quot;,&quot;bottom&quot;:&quot;&quot;,&quot;left&quot;:&quot;&quot;,&quot;isLinked&quot;:true},&quot;element_pack_global_tooltip_border_radius_mobile&quot;:{&quot;unit&quot;:&quot;px&quot;,&quot;top&quot;:&quot;&quot;,&quot;right&quot;:&quot;&quot;,&quot;bottom&quot;:&quot;&quot;,&quot;left&quot;:&quot;&quot;,&quot;isLinked&quot;:true}}\" data-elementor-post-type=\"page\">\n\t\t\t\t<div class=\"elementor-element elementor-element-7ce2614 e-flex e-con-boxed e-con e-parent\" data-id=\"7ce2614\" data-element_type=\"container\" data-e-type=\"container\">\n\t\t\t\t\t<div class=\"e-con-inner\">\n\t\t\t\t<div class=\"elementor-element elementor-element-fb1e60a elementor-widget elementor-widget-text-editor\" data-id=\"fb1e60a\" data-element_type=\"widget\" data-e-type=\"widget\" data-widget_type=\"text-editor.default\">\n\t\t\t\t<div class=\"elementor-widget-container\">\n\t\t\t\t\t\t\t\t\t<h1>Pol\u00edtica de Privadesa<\/h1><p>URGEL GANADERA SA (d\u2019ara endavant, l\u2019Entitat) est\u00e0 compromesa amb la deguda dilig\u00e8ncia i el compliment de la normativa de Protecci\u00f3 de Dades.<\/p><p>A continuaci\u00f3, s\u2019exposa la informaci\u00f3 detallada sobre la pol\u00edtica de confidencialitat i Protecci\u00f3 de Dades de car\u00e0cter personal en compliment del que disposa l\u2019article 13 del Reglament (UE) 2016\/679 del Parlament Europeu i del Consell, de 27 d\u2019abril de 2016, relatiu a la protecci\u00f3 de les persones f\u00edsiques pel que fa al tractament de dades personals i a la lliure circulaci\u00f3 d\u2019aquestes dades (Reglament General de Protecci\u00f3 de Dades o RGPD) i l\u2019article 11 de la Llei Org\u00e0nica 3\/2018, de 5 de desembre de 2018, de Protecci\u00f3 de Dades Personals i Garantia dels Drets Digitals (LOPD GDD).<\/p><p>Dades del Responsable del Tractament i de contacte del Responsable \/ Delegat de Protecci\u00f3 de Dades (RPD \/ DPD):<\/p><p>Identitat: URGEL GANADERA SA<br \/>Adre\u00e7a \/ C. P: Carretera Lleida 75 N-240<br \/>25430 Juneda, Lleida<br \/>Tel\u00e8fon: +34 973 150 150<br \/>E-mail: info@urgasa.com<br \/>Dades de contacte del RPD \/ DPD:<br \/>Canal:<\/p><ul><li>Finalitats del tractament<\/li><li>La Entitat tractar\u00e0 la informaci\u00f3&#8230;<\/li><li><strong>Tel\u00e9fono<\/strong>:\u00a0<a href=\"tel:0034973150150\">+34 973 150 150<\/a><\/li><li><strong>E-mail:<\/strong>\u00a0<a href=\"mailto:info@urgasa.com\">info@urgasa.com<\/a><\/li><li><strong>Datos de contacto del RPD \/ DPD:<\/strong>\u00a0<\/li><li><strong>Canal:<\/strong><\/li><\/ul><p><strong>Finalidades del tratamiento<\/strong><\/p><p>La Entidad tratar\u00e1 la informaci\u00f3n que nos proporcionan las personas interesadas con las siguientes finalidades:\u00a0<\/p><ul><li><strong>Gestionar <\/strong>su atenci\u00f3n, visita y reuni\u00f3n en nuestras instalaciones.<\/li><li>Gestionar la prestaci\u00f3n y realizaci\u00f3n de los <strong>servicios y productos<\/strong> contratados.<\/li><li><strong>Gestionar cualquier tipo de solicitud, sugerencia o petici\u00f3n<\/strong> sobre nuestros servicios profesionales que nos formulen las personas interesadas.<\/li><\/ul><ul><li><strong>Comunicaciones informativas y comerciales<\/strong>: tratamiento de sus datos con la finalidad de informarle sobre actividades, art\u00edculos de inter\u00e9s e informaci\u00f3n general relacionados con nuestra actividad y los servicios \/ productos contratados.<\/li><li><strong>Gestionar datos aportados por los candidatos a un puesto de trabajo <\/strong>a trav\u00e9s del Curr\u00edculum Vitae (CV) u otro medio con la finalidad de proceso de selecci\u00f3n y reclutamiento.\u00a0<\/li><li>Garantizar la seguridad de las oficinas, instalaciones y personas a trav\u00e9s de <strong>controles de acceso, sistemas de videovigilancia<\/strong> y otros sistemas de control \/ identificaci\u00f3n de acceso.<\/li><li><strong>Cumplir con las disposiciones legales<\/strong> que se aplican a la Entidad y a sus actividades <strong>en materia sanitaria, de igualdad y de prevenci\u00f3n de riesgos laborales.<\/strong><\/li><li><strong>Gestionar y controlar el funcionamiento de los mecanismos, pol\u00edticas y protocolos internos<\/strong> establecidos por la Entidad <strong>con fines de cumplimiento normativo y de gesti\u00f3n de los canales de denuncias a tal efecto.<\/strong><\/li><li><strong>Todos aquellos tratamientos que nos resulten de aplicaci\u00f3n para el debido cumplimiento de las normativas<\/strong> y requerimientos oficiales \/ sectoriales <strong>a los que est\u00e9 sujeta nuestra actividad.<\/strong><\/li><\/ul><p>Para el buen fin y desarrollo de su atenci\u00f3n y gesti\u00f3n de las finalidades anteriores, el tratamiento de sus datos para los fines que correspondan de los anteriormente mencionados se llevar\u00e1 a cabo bajo el m\u00e1s estricto cumplimiento de la normativa de Protecci\u00f3n de Datos y la Pol\u00edtica que le estamos detallando. En cualquier momento podr\u00e1 ejercitar sus derechos (ver apartado espec\u00edfico).<\/p><p><strong>Criterios de conservaci\u00f3n de los datos<\/strong><\/p><ul><li><strong>Gesti\u00f3n de servicios \/ productos contratados con la Entidad<\/strong>: los datos de car\u00e1cter personal aportados en los contratos, ofertas y\/o propuestas de servicios, as\u00ed como los del resto de personas cuya intervenci\u00f3n sea necesaria, ser\u00e1n conservados durante el tiempo que est\u00e9n vigentes los servicios contratados. Al finalizar la prestaci\u00f3n del servicio\/s contratado\/s, los datos de car\u00e1cter personal ser\u00e1n conservados en los supuestos que se pudieran derivar responsabilidades con la Entidad y\/o en cumplimiento de otros marcos normativos que le sean de aplicaci\u00f3n a la Entidad o de una norma con rango de ley que exija a la conservaci\u00f3n de estos. Los datos de car\u00e1cter personal se mantendr\u00e1n de forma que permitan la identificaci\u00f3n y el ejercicio de los Derechos de los afectados y, bajo las medidas t\u00e9cnicas jur\u00eddicas y organizativas que resulten necesarias para garantizar la confidencialidad e integridad de estos.\u00a0<\/li><li><strong>Gesti\u00f3n Curr\u00edculum Vitae<\/strong>: la Entidad, como norma, conserva su Curr\u00edculum Vitae por el plazo m\u00e1ximo de un a\u00f1o. Concluido dicho plazo, se proceder\u00e1 autom\u00e1ticamente a su destrucci\u00f3n, en cumplimiento del principio de calidad del dato.<\/li><li><strong>Gesti\u00f3n de Contratos de Trabajo:<\/strong> los datos de car\u00e1cter personal ser\u00e1n conservados, en todo caso, durante el tiempo que est\u00e9 vigente la relaci\u00f3n laboral y, al finalizar la misma, en los supuestos que se pudieran derivar responsabilidades entre las partes y cuando lo requiera una norma con rango de ley.<\/li><li><strong>Otros:<\/strong> el resto de los datos e informaci\u00f3n aportada por el usuario por cualquier medio, ser\u00e1n conservado durante el tiempo que sea necesario para cumplir la finalidad para la que fueron recabados.<\/li><\/ul><p><strong>Legitimaci\u00f3n<\/strong><\/p><p>La base legal que habilita a la Entidad para poder tratar los datos de car\u00e1cter personal de los usuarios, clientes y\/o clientes potenciales en virtud de los siguientes t\u00edtulos:<\/p><ul><li>El consentimiento de las personas interesadas para la tramitaci\u00f3n y gesti\u00f3n de cualquier solicitud de informaci\u00f3n o consulta sobre nuestros servicios y productos.<\/li><li>El consentimiento prestado por los candidatos a puesto de trabajo con fines de selecci\u00f3n y reclutamiento.<\/li><li>El marco de prestaci\u00f3n y\/o contrataci\u00f3n de servicios \/ productos con la Entidad.<\/li><li>El inter\u00e9s leg\u00edtimo para remitirle comunicaciones informativas, comerciales y\/u ofertas promocionales relacionadas con la actividad de la Entidad y los servicios \/ productos contratados a trav\u00e9s de correo electr\u00f3nico o cualquier otro medio.<\/li><li>El cumplimiento de obligaciones legales y los procedimientos internos de cumplimiento normativo.<\/li><li>El inter\u00e9s leg\u00edtimo para garantizar la seguridad de las oficinas, instalaciones y personas.<\/li><\/ul><p><strong>Destinatarios<\/strong><\/p><p>No se ceden datos de car\u00e1cter personal a terceros, salvo disposici\u00f3n legal.<\/p><p><strong>Procedencia<\/strong><\/p><p>Los datos de car\u00e1cter personal se obtienen directamente de las personas interesadas y de nuestros colaboradores. Las categor\u00edas de datos de car\u00e1cter personal que nos proporcionan son:<\/p><ul><li>Datos de identificaci\u00f3n.<\/li><li>Direcciones postales o electr\u00f3nicas.<\/li><li>Datos facilitados y\/o consentidos por los propios interesados relacionados y necesarios para la gesti\u00f3n y realizaci\u00f3n del servicio \/ producto solicitado.\u00a0\u00a0<\/li><\/ul><p><strong><br \/>Derechos<\/strong><\/p><p><strong>Derecho de Acceso, Rectificaci\u00f3n y Supresi\u00f3n:<\/strong> las personas interesadas tienen derecho a obtener confirmaci\u00f3n sobre si en la Entidad estamos tratando datos personales que les conciernan, o no. Las personas interesadas tienen derecho a acceder a sus datos personales, as\u00ed como a solicitar la rectificaci\u00f3n de los datos inexactos o solicitar su supresi\u00f3n cuando, entre otros motivos, los datos ya no sean necesarios para los fines que fueron recogidos.<\/p><p><strong>Derecho a la Limitaci\u00f3n y Oposici\u00f3n:<\/strong> en determinadas circunstancias, los interesados podr\u00e1n solicitar la limitaci\u00f3n del tratamiento de sus datos, en cuyo caso \u00fanicamente los conservaremos para el ejercicio o la defensa de reclamaciones. En determinadas circunstancias y, por motivos relacionados con su situaci\u00f3n particular, los interesados podr\u00e1n oponerse al tratamiento de sus datos. La Entidad dejar\u00e1 de tratar los datos en este supuesto, salvo por motivos leg\u00edtimos imperiosos, o para el ejercicio o la defensa de posibles reclamaciones.<\/p><p><strong>Derecho a revocar el consentimiento prestado:<\/strong> los interesados tienen derecho a retirar su consentimiento en cualquier momento, salvo en caso de tratamientos de datos personales previstos en la normativa de Protecci\u00f3n de Datos o necesarios para la prestaci\u00f3n del servicio contratado, que no requieren de dicho consentimiento. No obstante, esta retirada no tiene efectos retroactivos, por lo que no afectar\u00e1 a la licitud del tratamiento basado en un consentimiento otorgado previamente.<\/p><p>Dichos derechos podr\u00e1n ser ejercitados en nuestro Canal (ver apartado espec\u00edfico).<\/p><p><strong>Medidas de Seguridad y Control<\/strong><\/p><p><strong>General<\/strong><\/p><p>En cumplimiento de la normativa de protecci\u00f3n de datos, la Entidad tratar\u00e1 los datos de car\u00e1cter personal aplicando las medidas t\u00e9cnicas, jur\u00eddicas, organizativas y de seguridad adecuadas, a efectos de garantizar la confidencialidad e integridad de la informaci\u00f3n que gestiona de acuerdo con lo establecido en la normativa vigente.<\/p><p>Agradecemos que ponga en conocimiento del Responsable \/ Delegado de Protecci\u00f3n de Datos mediante los datos de contacto \/ Canal establecidos en la presente Pol\u00edtica de Privacidad, cualquier riesgo de seguridad, de los que tenga indicios o conocimiento, que pueda llegar a comprometer la integridad y confidencialidad de los datos de car\u00e1cter personal y\/o de informaci\u00f3n confidencial, a fin de poder adoptar las medidas necesarias para evitar su tratamiento no autorizado, p\u00e9rdida, destrucci\u00f3n o da\u00f1o accidental.<\/p><p><strong>Ciberseguridad<\/strong><\/p><p>Como concepto espec\u00edfico y complementario a lo anterior, la Entidad aplica medidas de ciberseguridad para prevenir y gestionar los posibles ataques y fraudes por parte de ciberdelincuentes que atentan contra la privacidad y protecci\u00f3n de los datos que nuestra Entidad trata y accede en el \u00e1mbito de sus actividades y operaciones.<\/p><p>En este sentido, queremos alertar que ante posibles situaciones de riesgo por comunicaciones cuyo contenido y\/o formato generen dudas de autenticidad, recomendamos omitir las mismas y contactar con el Responsable \/ Delegado de Protecci\u00f3n de Datos a trav\u00e9s de los datos de contacto indicados en la presente Pol\u00edtica de Privacidad.<\/p><p>Asimismo, cualquier solicitud que reciba con origen de nuestra Entidad sobre cambios de formas de pago, solicitud de datos o personas de contacto o de informaci\u00f3n confidencial (no p\u00fablica), datos bancarios y\/o de tarjetas de cr\u00e9dito y\/o otros datos oficiales, no debe ser atendida sin la confirmaci\u00f3n directa de nuestra Entidad por otro medio alternativo. Agradecemos y necesitamos de su colaboraci\u00f3n con la comunicaci\u00f3n y denuncia de cualquier notificaci\u00f3n en relaci\u00f3n a este tipo de solicitudes y otras posibles situaciones de riesgo de ciberataques en las que pueda ser utilizada nuestra Entidad, as\u00ed como por cualquier posible riesgo de seguridad que pudieran tener conocimiento.<\/p><p><strong>Canal<\/strong><\/p><p>La Entidad ha implementado un Canal, contemplando el m\u00e1s alto compromiso, rigor y profesionalidad en materia de seguridad, experiencia, independencia y conocimiento en el tratamiento de las comunicaciones recibidas.\u00a0<\/p><p>El Canal, que incluye el uso en el \u00e1mbito de Protecci\u00f3n de Datos, se ha instrumentado a trav\u00e9s de una plataforma web, desarrollada y gestionada por un experto externo independiente, para aportarles y garantizarles nuestros compromisos anteriores.<\/p><p>A trav\u00e9s del Canal, <strong>podr\u00e1 comunicar y tramitar<\/strong> el ejercicio de sus <strong>Derechos<\/strong> (ver apartado anterior) y comunicar cualquier indicio o conocimiento que tuviera de <strong>posibles violaciones (brechas) de seguridad, ciberataques<\/strong> y\/o de <strong>posibles incumplimientos o irregularidades sobre la normativa de Protecci\u00f3n de Datos y la presente Pol\u00edtica<\/strong> de la Entidad.<\/p><p>Los datos de acceso al Canal se detallan al inicio de la presente Pol\u00edtica.<\/p><p><strong>Autoridad de control\u00a0<\/strong><\/p><p>En caso de divergencias con la Entidad en relaci\u00f3n con el tratamiento de sus datos, tiene derecho a presentar una reclamaci\u00f3n ante la Autoridad de Control de Protecci\u00f3n de Datos correspondiente. En Espa\u00f1a, dicha Autoridad es la Agencia Espa\u00f1ola de Protecci\u00f3n de Datos (<a href=\"http:\/\/www.aepd.es\/\">www.aepd.es<\/a>).<\/p><p><strong>Atenci\u00f3n y soporte\u00a0<\/strong><\/p><p>Las personas interesadas podr\u00e1n comunicar a la Entidad cualquier duda sobre el tratamiento de sus datos de car\u00e1cter personal o interpretaci\u00f3n de nuestra Pol\u00edtica, contactando con el Responsable \/ Delegado de Protecci\u00f3n de Datos (RPD \/ DPD) en la direcci\u00f3n indicada al inicio de la presente Pol\u00edtica.<em>\u00a0<\/em><\/p>\t\t\t\t\t\t\t\t<\/div>\n\t\t\t\t<\/div>\n\t\t\t\t\t<\/div>\n\t\t\t\t<\/div>\n\t\t\t\t<\/div>\n\t\t","protected":false},"excerpt":{"rendered":"<p>Pol\u00edtica de Privadesa URGEL GANADERA SA (d\u2019ara endavant, l\u2019Entitat) est\u00e0 compromesa amb la deguda dilig\u00e8ncia i el compliment de la normativa de [&hellip;]<\/p>\n","protected":false},"author":1,"featured_media":0,"parent":0,"menu_order":0,"comment_status":"closed","ping_status":"closed","template":"","meta":{"footnotes":""},"class_list":["post-4688","page","type-page","status-publish","hentry"],"yoast_head":"<!-- This site is optimized with the Yoast SEO plugin v26.4 - https:\/\/yoast.com\/wordpress\/plugins\/seo\/ -->\n<title>Pol\u00edtica de Privadesa - SUKI<\/title>\n<meta name=\"description\" content=\"Descubre todo lo que necesitas saber sobre Pol\u00edtica de Privadesa . \u00a1Entra ahora para conocerlo todo al dealle en nuestra web!\" \/>\n<meta name=\"robots\" content=\"noindex, nofollow\" \/>\n<meta property=\"og:locale\" content=\"ca_ES\" \/>\n<meta property=\"og:type\" content=\"article\" \/>\n<meta property=\"og:title\" content=\"Pol\u00edtica de Privadesa - SUKI\" \/>\n<meta property=\"og:description\" content=\"Descubre todo lo que necesitas saber sobre Pol\u00edtica de Privadesa . \u00a1Entra ahora para conocerlo todo al dealle en nuestra web!\" \/>\n<meta property=\"og:url\" content=\"https:\/\/sukipetfood.com\/ca\/politica-de-privadesa\" \/>\n<meta property=\"og:site_name\" content=\"SUKI\" \/>\n<meta property=\"article:publisher\" content=\"https:\/\/www.facebook.com\/people\/Suki-Pet-Foods\/61575507998720\/\" \/>\n<meta property=\"article:modified_time\" content=\"2025-11-26T08:52:02+00:00\" \/>\n<meta name=\"twitter:card\" content=\"summary_large_image\" \/>\n<meta name=\"twitter:label1\" content=\"Temps estimat de lectura\" \/>\n\t<meta name=\"twitter:data1\" content=\"10 minuts\" \/>\n<script type=\"application\/ld+json\" class=\"yoast-schema-graph\">{\"@context\":\"https:\/\/schema.org\",\"@graph\":[{\"@type\":\"WebPage\",\"@id\":\"https:\/\/sukipetfood.com\/ca\/politica-de-privadesa\",\"url\":\"https:\/\/sukipetfood.com\/ca\/politica-de-privadesa\",\"name\":\"Pol\u00edtica de Privadesa - SUKI\",\"isPartOf\":{\"@id\":\"https:\/\/sukipetfood.com\/#website\"},\"datePublished\":\"2025-04-25T08:36:52+00:00\",\"dateModified\":\"2025-11-26T08:52:02+00:00\",\"description\":\"Descubre todo lo que necesitas saber sobre Pol\u00edtica de Privadesa . \u00a1Entra ahora para conocerlo todo al dealle en nuestra web!\",\"breadcrumb\":{\"@id\":\"https:\/\/sukipetfood.com\/ca\/politica-de-privadesa#breadcrumb\"},\"inLanguage\":\"ca\",\"potentialAction\":[{\"@type\":\"ReadAction\",\"target\":[\"https:\/\/sukipetfood.com\/ca\/politica-de-privadesa\"]}]},{\"@type\":\"BreadcrumbList\",\"@id\":\"https:\/\/sukipetfood.com\/ca\/politica-de-privadesa#breadcrumb\",\"itemListElement\":[{\"@type\":\"ListItem\",\"position\":1,\"name\":\"Portada\",\"item\":\"https:\/\/sukipetfood.com\/fr\"},{\"@type\":\"ListItem\",\"position\":2,\"name\":\"Pol\u00edtica de Privadesa\"}]},{\"@type\":\"WebSite\",\"@id\":\"https:\/\/sukipetfood.com\/#website\",\"url\":\"https:\/\/sukipetfood.com\/\",\"name\":\"SUKI Pet Food - Comida Natural de granja para perros y gatos\",\"description\":\"Momentos que unen\",\"publisher\":{\"@id\":\"https:\/\/sukipetfood.com\/#organization\"},\"potentialAction\":[{\"@type\":\"SearchAction\",\"target\":{\"@type\":\"EntryPoint\",\"urlTemplate\":\"https:\/\/sukipetfood.com\/?s={search_term_string}\"},\"query-input\":{\"@type\":\"PropertyValueSpecification\",\"valueRequired\":true,\"valueName\":\"search_term_string\"}}],\"inLanguage\":\"ca\"},{\"@type\":\"Organization\",\"@id\":\"https:\/\/sukipetfood.com\/#organization\",\"name\":\"URGEL GANADERA SA\",\"url\":\"https:\/\/sukipetfood.com\/\",\"logo\":{\"@type\":\"ImageObject\",\"inLanguage\":\"ca\",\"@id\":\"https:\/\/sukipetfood.com\/#\/schema\/logo\/image\/\",\"url\":\"https:\/\/sukipetfood.com\/wp-content\/uploads\/2025\/04\/logo-suki-en.png\",\"contentUrl\":\"https:\/\/sukipetfood.com\/wp-content\/uploads\/2025\/04\/logo-suki-en.png\",\"width\":1824,\"height\":844,\"caption\":\"URGEL GANADERA SA\"},\"image\":{\"@id\":\"https:\/\/sukipetfood.com\/#\/schema\/logo\/image\/\"},\"sameAs\":[\"https:\/\/www.facebook.com\/people\/Suki-Pet-Foods\/61575507998720\/\"]}]}<\/script>\n<!-- \/ Yoast SEO plugin. -->","yoast_head_json":{"title":"Pol\u00edtica de Privadesa - SUKI","description":"Descubre todo lo que necesitas saber sobre Pol\u00edtica de Privadesa . \u00a1Entra ahora para conocerlo todo al dealle en nuestra web!","robots":{"index":"noindex","follow":"nofollow"},"og_locale":"ca_ES","og_type":"article","og_title":"Pol\u00edtica de Privadesa - SUKI","og_description":"Descubre todo lo que necesitas saber sobre Pol\u00edtica de Privadesa . \u00a1Entra ahora para conocerlo todo al dealle en nuestra web!","og_url":"https:\/\/sukipetfood.com\/ca\/politica-de-privadesa","og_site_name":"SUKI","article_publisher":"https:\/\/www.facebook.com\/people\/Suki-Pet-Foods\/61575507998720\/","article_modified_time":"2025-11-26T08:52:02+00:00","twitter_card":"summary_large_image","twitter_misc":{"Temps estimat de lectura":"10 minuts"},"schema":{"@context":"https:\/\/schema.org","@graph":[{"@type":"WebPage","@id":"https:\/\/sukipetfood.com\/ca\/politica-de-privadesa","url":"https:\/\/sukipetfood.com\/ca\/politica-de-privadesa","name":"Pol\u00edtica de Privadesa - SUKI","isPartOf":{"@id":"https:\/\/sukipetfood.com\/#website"},"datePublished":"2025-04-25T08:36:52+00:00","dateModified":"2025-11-26T08:52:02+00:00","description":"Descubre todo lo que necesitas saber sobre Pol\u00edtica de Privadesa . \u00a1Entra ahora para conocerlo todo al dealle en nuestra web!","breadcrumb":{"@id":"https:\/\/sukipetfood.com\/ca\/politica-de-privadesa#breadcrumb"},"inLanguage":"ca","potentialAction":[{"@type":"ReadAction","target":["https:\/\/sukipetfood.com\/ca\/politica-de-privadesa"]}]},{"@type":"BreadcrumbList","@id":"https:\/\/sukipetfood.com\/ca\/politica-de-privadesa#breadcrumb","itemListElement":[{"@type":"ListItem","position":1,"name":"Portada","item":"https:\/\/sukipetfood.com\/fr"},{"@type":"ListItem","position":2,"name":"Pol\u00edtica de Privadesa"}]},{"@type":"WebSite","@id":"https:\/\/sukipetfood.com\/#website","url":"https:\/\/sukipetfood.com\/","name":"SUKI Pet Food - Comida Natural de granja para perros y gatos","description":"Momentos que unen","publisher":{"@id":"https:\/\/sukipetfood.com\/#organization"},"potentialAction":[{"@type":"SearchAction","target":{"@type":"EntryPoint","urlTemplate":"https:\/\/sukipetfood.com\/?s={search_term_string}"},"query-input":{"@type":"PropertyValueSpecification","valueRequired":true,"valueName":"search_term_string"}}],"inLanguage":"ca"},{"@type":"Organization","@id":"https:\/\/sukipetfood.com\/#organization","name":"URGEL GANADERA SA","url":"https:\/\/sukipetfood.com\/","logo":{"@type":"ImageObject","inLanguage":"ca","@id":"https:\/\/sukipetfood.com\/#\/schema\/logo\/image\/","url":"https:\/\/sukipetfood.com\/wp-content\/uploads\/2025\/04\/logo-suki-en.png","contentUrl":"https:\/\/sukipetfood.com\/wp-content\/uploads\/2025\/04\/logo-suki-en.png","width":1824,"height":844,"caption":"URGEL GANADERA SA"},"image":{"@id":"https:\/\/sukipetfood.com\/#\/schema\/logo\/image\/"},"sameAs":["https:\/\/www.facebook.com\/people\/Suki-Pet-Foods\/61575507998720\/"]}]}},"_links":{"self":[{"href":"https:\/\/sukipetfood.com\/ca\/wp-json\/wp\/v2\/pages\/4688","targetHints":{"allow":["GET"]}}],"collection":[{"href":"https:\/\/sukipetfood.com\/ca\/wp-json\/wp\/v2\/pages"}],"about":[{"href":"https:\/\/sukipetfood.com\/ca\/wp-json\/wp\/v2\/types\/page"}],"author":[{"embeddable":true,"href":"https:\/\/sukipetfood.com\/ca\/wp-json\/wp\/v2\/users\/1"}],"replies":[{"embeddable":true,"href":"https:\/\/sukipetfood.com\/ca\/wp-json\/wp\/v2\/comments?post=4688"}],"version-history":[{"count":7,"href":"https:\/\/sukipetfood.com\/ca\/wp-json\/wp\/v2\/pages\/4688\/revisions"}],"predecessor-version":[{"id":4696,"href":"https:\/\/sukipetfood.com\/ca\/wp-json\/wp\/v2\/pages\/4688\/revisions\/4696"}],"wp:attachment":[{"href":"https:\/\/sukipetfood.com\/ca\/wp-json\/wp\/v2\/media?parent=4688"}],"curies":[{"name":"wp","href":"https:\/\/api.w.org\/{rel}","templated":true}]}}