{"id":3067,"date":"2023-01-24T11:45:24","date_gmt":"2023-01-24T10:45:24","guid":{"rendered":"https:\/\/sukipetfood.com\/nosotros\/"},"modified":"2025-12-23T11:42:14","modified_gmt":"2025-12-23T10:42:14","slug":"nosaltres","status":"publish","type":"page","link":"https:\/\/sukipetfood.com\/ca\/nosaltres","title":{"rendered":"Nosaltres"},"content":{"rendered":"\t\t<div data-elementor-type=\"wp-page\" data-elementor-id=\"3067\" class=\"elementor elementor-3067 elementor-71\" data-elementor-settings=\"{&quot;element_pack_global_tooltip_width&quot;:{&quot;unit&quot;:&quot;px&quot;,&quot;size&quot;:&quot;&quot;,&quot;sizes&quot;:[]},&quot;element_pack_global_tooltip_width_tablet&quot;:{&quot;unit&quot;:&quot;px&quot;,&quot;size&quot;:&quot;&quot;,&quot;sizes&quot;:[]},&quot;element_pack_global_tooltip_width_mobile&quot;:{&quot;unit&quot;:&quot;px&quot;,&quot;size&quot;:&quot;&quot;,&quot;sizes&quot;:[]},&quot;element_pack_global_tooltip_padding&quot;:{&quot;unit&quot;:&quot;px&quot;,&quot;top&quot;:&quot;&quot;,&quot;right&quot;:&quot;&quot;,&quot;bottom&quot;:&quot;&quot;,&quot;left&quot;:&quot;&quot;,&quot;isLinked&quot;:true},&quot;element_pack_global_tooltip_padding_tablet&quot;:{&quot;unit&quot;:&quot;px&quot;,&quot;top&quot;:&quot;&quot;,&quot;right&quot;:&quot;&quot;,&quot;bottom&quot;:&quot;&quot;,&quot;left&quot;:&quot;&quot;,&quot;isLinked&quot;:true},&quot;element_pack_global_tooltip_padding_mobile&quot;:{&quot;unit&quot;:&quot;px&quot;,&quot;top&quot;:&quot;&quot;,&quot;right&quot;:&quot;&quot;,&quot;bottom&quot;:&quot;&quot;,&quot;left&quot;:&quot;&quot;,&quot;isLinked&quot;:true},&quot;element_pack_global_tooltip_border_radius&quot;:{&quot;unit&quot;:&quot;px&quot;,&quot;top&quot;:&quot;&quot;,&quot;right&quot;:&quot;&quot;,&quot;bottom&quot;:&quot;&quot;,&quot;left&quot;:&quot;&quot;,&quot;isLinked&quot;:true},&quot;element_pack_global_tooltip_border_radius_tablet&quot;:{&quot;unit&quot;:&quot;px&quot;,&quot;top&quot;:&quot;&quot;,&quot;right&quot;:&quot;&quot;,&quot;bottom&quot;:&quot;&quot;,&quot;left&quot;:&quot;&quot;,&quot;isLinked&quot;:true},&quot;element_pack_global_tooltip_border_radius_mobile&quot;:{&quot;unit&quot;:&quot;px&quot;,&quot;top&quot;:&quot;&quot;,&quot;right&quot;:&quot;&quot;,&quot;bottom&quot;:&quot;&quot;,&quot;left&quot;:&quot;&quot;,&quot;isLinked&quot;:true}}\" data-elementor-post-type=\"page\">\n\t\t\t\t\t\t<div class=\"elementor-section elementor-top-section elementor-element elementor-element-5b1366ab page-title-module elementor-section-boxed elementor-section-height-default elementor-section-height-default\" data-id=\"5b1366ab\" data-element_type=\"section\" data-e-type=\"section\" id=\"explore\" data-settings=\"{&quot;background_background&quot;:&quot;classic&quot;}\">\n\t\t\t\t\t\t<div class=\"elementor-container elementor-column-gap-default\">\n\t\t\t\t\t<div class=\"elementor-column elementor-col-100 elementor-top-column elementor-element elementor-element-2b8d0f6 elementor-invisible\" data-id=\"2b8d0f6\" data-element_type=\"column\" data-e-type=\"column\" data-settings=\"{&quot;animation&quot;:&quot;fadeInUp&quot;}\">\n\t\t\t<div class=\"elementor-widget-wrap elementor-element-populated\">\n\t\t\t\t\t\t<div class=\"elementor-element elementor-element-60b6ffaf elementor-widget elementor-widget-heading\" data-id=\"60b6ffaf\" data-element_type=\"widget\" data-e-type=\"widget\" data-widget_type=\"heading.default\">\n\t\t\t\t<div class=\"elementor-widget-container\">\n\t\t\t\t\t<p class=\"elementor-heading-title elementor-size-default\">SOBRE NOSALTRES<\/p>\t\t\t\t<\/div>\n\t\t\t\t<\/div>\n\t\t\t\t<div class=\"elementor-element elementor-element-21da9619 elementor-widget__width-inherit elementor-widget-mobile__width-inherit page-title ui-e-a-animate elementor-widget elementor-widget-highlighted-text\" data-id=\"21da9619\" data-element_type=\"widget\" data-e-type=\"widget\" data-widget_type=\"highlighted-text.default\">\n\t\t\t\t<div class=\"elementor-widget-container\">\n\t\t\t\t\t        <h1 class=\"ui-e--highlighted-text\">\n            <span class=\"ui-e-headline-text elementor-repeater-item-b572f57\">El millor per a mascotes<br>i els seus cuidadors<\/span>        <\/h1>\n    \t\t\t\t<\/div>\n\t\t\t\t<\/div>\n\t\t\t\t<div class=\"elementor-element elementor-element-b44b53c elementor-widget elementor-widget-uicore-woo-breadcrumbs\" data-id=\"b44b53c\" data-element_type=\"widget\" data-e-type=\"widget\" data-widget_type=\"uicore-woo-breadcrumbs.default\">\n\t\t\t\t<div class=\"elementor-widget-container\">\n\t\t\t\t\t<nav class=\"woocommerce-breadcrumb\" aria-label=\"Breadcrumb\">Inici<\/nav>\t\t\t\t<\/div>\n\t\t\t\t<\/div>\n\t\t\t\t<div class=\"elementor-element elementor-element-42f61ce3 elementor-widget__width-initial elementor-widget-mobile__width-inherit ui-e-a-animate elementor-widget elementor-widget-highlighted-text\" data-id=\"42f61ce3\" data-element_type=\"widget\" data-e-type=\"widget\" data-widget_type=\"highlighted-text.default\">\n\t\t\t\t<div class=\"elementor-widget-container\">\n\t\t\t\t\t        <p class=\"ui-e--highlighted-text\">\n            <span class=\"ui-e-headline-text elementor-repeater-item-b572f57\">La carn de guatlla \u00e9s una opci\u00f3 premium per a gossos i gats. Destaca por su alto contenido proteico y bajo en grasas, lo que la hace ideal para mantener una masa muscular saludable y controlar el peso.<\/span>        <\/p>\n    \t\t\t\t<\/div>\n\t\t\t\t<\/div>\n\t\t\t\t\t<\/div>\n\t\t<\/div>\n\t\t\t\t\t<\/div>\n\t\t<\/div>\n\t\t<div class=\"elementor-element elementor-element-959f6aa column-us e-flex e-con-boxed e-con e-parent\" data-id=\"959f6aa\" data-element_type=\"container\" data-e-type=\"container\" data-settings=\"{&quot;background_background&quot;:&quot;classic&quot;}\">\n\t\t\t\t\t<div class=\"e-con-inner\">\n\t\t<div class=\"elementor-element elementor-element-972a3fa e-con-full rounded e-flex e-con e-child\" data-id=\"972a3fa\" data-element_type=\"container\" data-e-type=\"container\">\n\t\t\t\t<div class=\"elementor-element elementor-element-245dd33 elementor-widget elementor-widget-image\" data-id=\"245dd33\" data-element_type=\"widget\" data-e-type=\"widget\" data-widget_type=\"image.default\">\n\t\t\t\t<div class=\"elementor-widget-container\">\n\t\t\t\t\t\t\t\t\t\t\t\t\t\t\t<img fetchpriority=\"high\" decoding=\"async\" width=\"1250\" height=\"833\" src=\"https:\/\/sukipetfood.com\/wp-content\/uploads\/2025\/11\/perro-corgi-feliz-en-hierba.jpg\" class=\"attachment-full size-full wp-image-5141\" alt=\"Perro tipo corgi disfrutando al aire libre entre la hierba\" srcset=\"https:\/\/sukipetfood.com\/wp-content\/uploads\/2025\/11\/perro-corgi-feliz-en-hierba.jpg 1250w, https:\/\/sukipetfood.com\/wp-content\/uploads\/2025\/11\/perro-corgi-feliz-en-hierba-300x200.jpg 300w, https:\/\/sukipetfood.com\/wp-content\/uploads\/2025\/11\/perro-corgi-feliz-en-hierba-1024x682.jpg 1024w, https:\/\/sukipetfood.com\/wp-content\/uploads\/2025\/11\/perro-corgi-feliz-en-hierba-768x512.jpg 768w, https:\/\/sukipetfood.com\/wp-content\/uploads\/2025\/11\/perro-corgi-feliz-en-hierba-650x433.jpg 650w, https:\/\/sukipetfood.com\/wp-content\/uploads\/2025\/11\/perro-corgi-feliz-en-hierba-600x400.jpg 600w\" sizes=\"(max-width: 1250px) 100vw, 1250px\" \/>\t\t\t\t\t\t\t\t\t\t\t\t\t\t\t<\/div>\n\t\t\t\t<\/div>\n\t\t\t\t<\/div>\n\t\t<div class=\"elementor-element elementor-element-2cbb500 e-con-full e-flex e-con e-child\" data-id=\"2cbb500\" data-element_type=\"container\" data-e-type=\"container\">\n\t\t\t\t<div class=\"elementor-element elementor-element-872c09b elementor-widget elementor-widget-text-editor\" data-id=\"872c09b\" data-element_type=\"widget\" data-e-type=\"widget\" data-widget_type=\"text-editor.default\">\n\t\t\t\t<div class=\"elementor-widget-container\">\n\t\t\t\t\t\t\t\t\t<h3>Salut i felicitat per a les mascotes<\/h3><p><span style=\"font-weight: 400;\">Suki \u00e9s una l\u00ednia d\u2019aliments per a gossos i gats que no nom\u00e9s els nodreix i els fa gaudir, sin\u00f3 que tamb\u00e9 \u00e9s una font de tranquil\u00b7litat per als seus amos. Perqu\u00e8 el que ens fa avan\u00e7ar \u00e9s el somni d\u2019un m\u00f3n on cada mascota gaudeixi d\u2019una alimentaci\u00f3 que potenci\u00ef la seva salut i felicitat, i on cada amo senti la satisfacci\u00f3 de donar el millor al seu company.<\/span><\/p>\t\t\t\t\t\t\t\t<\/div>\n\t\t\t\t<\/div>\n\t\t\t\t<\/div>\n\t\t\t\t\t<\/div>\n\t\t\t\t<\/div>\n\t\t<div class=\"elementor-element elementor-element-06f44b9 column-us e-flex e-con-boxed e-con e-parent\" data-id=\"06f44b9\" data-element_type=\"container\" data-e-type=\"container\" data-settings=\"{&quot;background_background&quot;:&quot;classic&quot;}\">\n\t\t\t\t\t<div class=\"e-con-inner\">\n\t\t<div class=\"elementor-element elementor-element-d9d14c1 e-con-full rounded e-flex e-con e-child\" data-id=\"d9d14c1\" data-element_type=\"container\" data-e-type=\"container\" data-settings=\"{&quot;background_background&quot;:&quot;classic&quot;}\">\n\t\t\t\t<div class=\"elementor-element elementor-element-0cb2f81 elementor-widget elementor-widget-image\" data-id=\"0cb2f81\" data-element_type=\"widget\" data-e-type=\"widget\" data-widget_type=\"image.default\">\n\t\t\t\t<div class=\"elementor-widget-container\">\n\t\t\t\t\t\t\t\t\t\t\t\t\t\t\t<img decoding=\"async\" width=\"1707\" height=\"2560\" src=\"https:\/\/sukipetfood.com\/wp-content\/uploads\/2025\/11\/granjero-trabajando-en-campo-rural.jpg\" class=\"attachment-full size-full wp-image-5145\" alt=\"Granjero trabajando en una granja en entorno rural\" srcset=\"https:\/\/sukipetfood.com\/wp-content\/uploads\/2025\/11\/granjero-trabajando-en-campo-rural.jpg 1707w, https:\/\/sukipetfood.com\/wp-content\/uploads\/2025\/11\/granjero-trabajando-en-campo-rural-200x300.jpg 200w, https:\/\/sukipetfood.com\/wp-content\/uploads\/2025\/11\/granjero-trabajando-en-campo-rural-683x1024.jpg 683w, https:\/\/sukipetfood.com\/wp-content\/uploads\/2025\/11\/granjero-trabajando-en-campo-rural-768x1152.jpg 768w, https:\/\/sukipetfood.com\/wp-content\/uploads\/2025\/11\/granjero-trabajando-en-campo-rural-1024x1536.jpg 1024w, https:\/\/sukipetfood.com\/wp-content\/uploads\/2025\/11\/granjero-trabajando-en-campo-rural-1366x2048.jpg 1366w, https:\/\/sukipetfood.com\/wp-content\/uploads\/2025\/11\/granjero-trabajando-en-campo-rural-433x650.jpg 433w, https:\/\/sukipetfood.com\/wp-content\/uploads\/2025\/11\/granjero-trabajando-en-campo-rural-600x900.jpg 600w\" sizes=\"(max-width: 1707px) 100vw, 1707px\" \/>\t\t\t\t\t\t\t\t\t\t\t\t\t\t\t<\/div>\n\t\t\t\t<\/div>\n\t\t\t\t<\/div>\n\t\t<div class=\"elementor-element elementor-element-2b5ed47 e-con-full e-flex e-con e-child\" data-id=\"2b5ed47\" data-element_type=\"container\" data-e-type=\"container\">\n\t\t\t\t<div class=\"elementor-element elementor-element-240dfbf elementor-widget elementor-widget-text-editor\" data-id=\"240dfbf\" data-element_type=\"widget\" data-e-type=\"widget\" data-widget_type=\"text-editor.default\">\n\t\t\t\t<div class=\"elementor-widget-container\">\n\t\t\t\t\t\t\t\t\t<h3><b>Tranquil\u00b7litat i satisfacci\u00f3 per a qui els estima<\/b><\/h3><p><span style=\"font-weight: 400;\">Podem garantir la m\u00e0xima qualitat de cadascun dels nostres aliments perqu\u00e8 ens ocupem i controlem tot el proc\u00e9s de manera natural i sostenible. Des de la cria i cura de les aus, fins al processament final. Portem m\u00e9s de 60 anys en el sector av\u00edcola i mantenim el mateix amor i estima del primer dia. Som pioners en la cria i distribuci\u00f3 a nivell nacional de guatlles i picantons, controlem totes les etapes de cria i producci\u00f3, i ens esforcem a vigilar tots els detalls del proc\u00e9s d\u2019elaboraci\u00f3.<\/span><\/p>\t\t\t\t\t\t\t\t<\/div>\n\t\t\t\t<\/div>\n\t\t\t\t<\/div>\n\t\t\t\t\t<\/div>\n\t\t\t\t<\/div>\n\t\t\t\t<section class=\"elementor-section elementor-top-section elementor-element elementor-element-41e4e4be elementor-section-boxed elementor-section-height-default elementor-section-height-default\" data-id=\"41e4e4be\" data-element_type=\"section\" data-e-type=\"section\" data-settings=\"{&quot;background_background&quot;:&quot;classic&quot;}\">\n\t\t\t\t\t\t<div class=\"elementor-container elementor-column-gap-default\">\n\t\t\t\t\t<div class=\"elementor-column elementor-col-100 elementor-top-column elementor-element elementor-element-4dbc57ab animated-fast cta-box\" data-id=\"4dbc57ab\" data-element_type=\"column\" data-e-type=\"column\" data-settings=\"{&quot;background_background&quot;:&quot;classic&quot;}\">\n\t\t\t<div class=\"elementor-widget-wrap elementor-element-populated\">\n\t\t\t\t\t<div class=\"elementor-background-overlay\"><\/div>\n\t\t\t\t\t\t<div class=\"elementor-element elementor-element-493b3901 contact-module-title elementor-widget elementor-widget-heading\" data-id=\"493b3901\" data-element_type=\"widget\" data-e-type=\"widget\" data-widget_type=\"heading.default\">\n\t\t\t\t<div class=\"elementor-widget-container\">\n\t\t\t\t\t<p class=\"elementor-heading-title elementor-size-default\">Tens dubtes o necessites m\u00e9s informaci\u00f3?<\/p>\t\t\t\t<\/div>\n\t\t\t\t<\/div>\n\t\t\t\t<div class=\"elementor-element elementor-element-6cf1cf2b elementor-widget elementor-widget-text-editor\" data-id=\"6cf1cf2b\" data-element_type=\"widget\" data-e-type=\"widget\" data-widget_type=\"text-editor.default\">\n\t\t\t\t<div class=\"elementor-widget-container\">\n\t\t\t\t\t\t\t\t\t<p><span style=\"font-weight: 400;\">Contacta\u2019ns i estarem encantats d\u2019ajudar-te a cuidar la salut i la felicitat de la teva mascota.<\/span><\/p>\t\t\t\t\t\t\t\t<\/div>\n\t\t\t\t<\/div>\n\t\t\t\t<div class=\"elementor-element elementor-element-3b8c38b8 elementor-align-center elementor-widget elementor-widget-button\" data-id=\"3b8c38b8\" data-element_type=\"widget\" data-e-type=\"widget\" data-widget_type=\"button.default\">\n\t\t\t\t<div class=\"elementor-widget-container\">\n\t\t\t\t\t\t\t\t\t<div class=\"elementor-button-wrapper\">\n\t\t\t\t\t<a class=\"elementor-button elementor-button-link elementor-size-sm\" href=\"https:\/\/sukipetfood.com\/ca\/contacte\/\">\n\t\t\t\t\t\t<span class=\"elementor-button-content-wrapper\">\n\t\t\t\t\t\t\t\t\t<span class=\"elementor-button-text\">Escr\u00edbenos<\/span>\n\t\t\t\t\t<\/span>\n\t\t\t\t\t<\/a>\n\t\t\t\t<\/div>\n\t\t\t\t\t\t\t\t<\/div>\n\t\t\t\t<\/div>\n\t\t\t\t\t<\/div>\n\t\t<\/div>\n\t\t\t\t\t<\/div>\n\t\t<\/section>\n\t\t\t\t<\/div>\n\t\t","protected":false},"excerpt":{"rendered":"<p>SOBRE NOSALTRES El millor per a mascotes i els seus cuidadors Inicio La carn de guatlla \u00e9s una opci\u00f3 premium per a [&hellip;]<\/p>\n","protected":false},"author":1,"featured_media":0,"parent":0,"menu_order":0,"comment_status":"closed","ping_status":"closed","template":"","meta":{"footnotes":""},"class_list":["post-3067","page","type-page","status-publish","hentry"],"yoast_head":"<!-- This site is optimized with the Yoast SEO plugin v27.5 - https:\/\/yoast.com\/product\/yoast-seo-wordpress\/ -->\n<title>Aliments naturals de qualitat per a mascotes<\/title>\n<meta name=\"description\" content=\"Descubre todo lo que necesitas saber sobre Nosaltres . \u00a1Entra ahora para conocerlo todo al dealle en nuestra web!\" \/>\n<meta name=\"robots\" content=\"index, follow, max-snippet:-1, max-image-preview:large, max-video-preview:-1\" \/>\n<link rel=\"canonical\" href=\"https:\/\/sukipetfood.com\/ca\/nosaltres\" \/>\n<meta property=\"og:locale\" content=\"ca_ES\" \/>\n<meta property=\"og:type\" content=\"article\" \/>\n<meta property=\"og:title\" content=\"Aliments naturals de qualitat per a mascotes\" \/>\n<meta property=\"og:description\" content=\"Descubre todo lo que necesitas saber sobre Nosaltres . \u00a1Entra ahora para conocerlo todo al dealle en nuestra web!\" \/>\n<meta property=\"og:url\" content=\"https:\/\/sukipetfood.com\/ca\/nosaltres\" \/>\n<meta property=\"og:site_name\" content=\"SUKI\" \/>\n<meta property=\"article:publisher\" content=\"https:\/\/www.facebook.com\/people\/Suki-Pet-Foods\/61575507998720\/\" \/>\n<meta property=\"article:modified_time\" content=\"2025-12-23T10:42:14+00:00\" \/>\n<meta property=\"og:image\" content=\"https:\/\/sukipetfood.com\/wp-content\/uploads\/2025\/11\/perro-corgi-feliz-en-hierba.jpg\" \/>\n<meta name=\"twitter:card\" content=\"summary_large_image\" \/>\n<meta name=\"twitter:label1\" content=\"Temps estimat de lectura\" \/>\n\t<meta name=\"twitter:data1\" content=\"2 minuts\" \/>\n<script type=\"application\/ld+json\" class=\"yoast-schema-graph\">{\"@context\":\"https:\\\/\\\/schema.org\",\"@graph\":[{\"@type\":\"WebPage\",\"@id\":\"https:\\\/\\\/sukipetfood.com\\\/nosotros\",\"url\":\"https:\\\/\\\/sukipetfood.com\\\/ca\\\/nosaltres\",\"name\":\"Aliments naturals de qualitat per a mascotes\",\"isPartOf\":{\"@id\":\"https:\\\/\\\/sukipetfood.com\\\/#website\"},\"primaryImageOfPage\":{\"@id\":\"https:\\\/\\\/sukipetfood.com\\\/ca\\\/nosaltres#primaryimage\"},\"image\":{\"@id\":\"https:\\\/\\\/sukipetfood.com\\\/ca\\\/nosaltres#primaryimage\"},\"thumbnailUrl\":\"https:\\\/\\\/sukipetfood.com\\\/wp-content\\\/uploads\\\/2025\\\/11\\\/perro-corgi-feliz-en-hierba.jpg\",\"datePublished\":\"2023-01-24T10:45:24+00:00\",\"dateModified\":\"2025-12-23T10:42:14+00:00\",\"description\":\"Descubre todo lo que necesitas saber sobre Nosaltres . \u00a1Entra ahora para conocerlo todo al dealle en nuestra web!\",\"breadcrumb\":{\"@id\":\"https:\\\/\\\/sukipetfood.com\\\/ca\\\/nosaltres#breadcrumb\"},\"inLanguage\":\"ca\",\"potentialAction\":[{\"@type\":\"ReadAction\",\"target\":[\"https:\\\/\\\/sukipetfood.com\\\/ca\\\/nosaltres\"]}]},{\"@type\":\"ImageObject\",\"inLanguage\":\"ca\",\"@id\":\"https:\\\/\\\/sukipetfood.com\\\/ca\\\/nosaltres#primaryimage\",\"url\":\"https:\\\/\\\/sukipetfood.com\\\/wp-content\\\/uploads\\\/2025\\\/11\\\/perro-corgi-feliz-en-hierba.jpg\",\"contentUrl\":\"https:\\\/\\\/sukipetfood.com\\\/wp-content\\\/uploads\\\/2025\\\/11\\\/perro-corgi-feliz-en-hierba.jpg\"},{\"@type\":\"BreadcrumbList\",\"@id\":\"https:\\\/\\\/sukipetfood.com\\\/ca\\\/nosaltres#breadcrumb\",\"itemListElement\":[{\"@type\":\"ListItem\",\"position\":1,\"name\":\"Portada\",\"item\":\"https:\\\/\\\/sukipetfood.com\\\/\"},{\"@type\":\"ListItem\",\"position\":2,\"name\":\"Nosaltres\"}]},{\"@type\":\"WebSite\",\"@id\":\"https:\\\/\\\/sukipetfood.com\\\/#website\",\"url\":\"https:\\\/\\\/sukipetfood.com\\\/\",\"name\":\"SUKI Pet Food - Comida Natural de granja para perros y gatos\",\"description\":\"Momentos que unen\",\"publisher\":{\"@id\":\"https:\\\/\\\/sukipetfood.com\\\/#organization\"},\"potentialAction\":[{\"@type\":\"SearchAction\",\"target\":{\"@type\":\"EntryPoint\",\"urlTemplate\":\"https:\\\/\\\/sukipetfood.com\\\/?s={search_term_string}\"},\"query-input\":{\"@type\":\"PropertyValueSpecification\",\"valueRequired\":true,\"valueName\":\"search_term_string\"}}],\"inLanguage\":\"ca\"},{\"@type\":\"Organization\",\"@id\":\"https:\\\/\\\/sukipetfood.com\\\/#organization\",\"name\":\"URGEL GANADERA SA\",\"url\":\"https:\\\/\\\/sukipetfood.com\\\/\",\"logo\":{\"@type\":\"ImageObject\",\"inLanguage\":\"ca\",\"@id\":\"https:\\\/\\\/sukipetfood.com\\\/#\\\/schema\\\/logo\\\/image\\\/\",\"url\":\"https:\\\/\\\/sukipetfood.com\\\/wp-content\\\/uploads\\\/2025\\\/04\\\/logo-suki-en.png\",\"contentUrl\":\"https:\\\/\\\/sukipetfood.com\\\/wp-content\\\/uploads\\\/2025\\\/04\\\/logo-suki-en.png\",\"width\":1824,\"height\":844,\"caption\":\"URGEL GANADERA SA\"},\"image\":{\"@id\":\"https:\\\/\\\/sukipetfood.com\\\/#\\\/schema\\\/logo\\\/image\\\/\"},\"sameAs\":[\"https:\\\/\\\/www.facebook.com\\\/people\\\/Suki-Pet-Foods\\\/61575507998720\\\/\"]}]}<\/script>\n<!-- \/ Yoast SEO plugin. -->","yoast_head_json":{"title":"Aliments naturals de qualitat per a mascotes","description":"Descubre todo lo que necesitas saber sobre Nosaltres . \u00a1Entra ahora para conocerlo todo al dealle en nuestra web!","robots":{"index":"index","follow":"follow","max-snippet":"max-snippet:-1","max-image-preview":"max-image-preview:large","max-video-preview":"max-video-preview:-1"},"canonical":"https:\/\/sukipetfood.com\/ca\/nosaltres","og_locale":"ca_ES","og_type":"article","og_title":"Aliments naturals de qualitat per a mascotes","og_description":"Descubre todo lo que necesitas saber sobre Nosaltres . \u00a1Entra ahora para conocerlo todo al dealle en nuestra web!","og_url":"https:\/\/sukipetfood.com\/ca\/nosaltres","og_site_name":"SUKI","article_publisher":"https:\/\/www.facebook.com\/people\/Suki-Pet-Foods\/61575507998720\/","article_modified_time":"2025-12-23T10:42:14+00:00","og_image":[{"url":"https:\/\/sukipetfood.com\/wp-content\/uploads\/2025\/11\/perro-corgi-feliz-en-hierba.jpg","type":"","width":"","height":""}],"twitter_card":"summary_large_image","twitter_misc":{"Temps estimat de lectura":"2 minuts"},"schema":{"@context":"https:\/\/schema.org","@graph":[{"@type":"WebPage","@id":"https:\/\/sukipetfood.com\/nosotros","url":"https:\/\/sukipetfood.com\/ca\/nosaltres","name":"Aliments naturals de qualitat per a mascotes","isPartOf":{"@id":"https:\/\/sukipetfood.com\/#website"},"primaryImageOfPage":{"@id":"https:\/\/sukipetfood.com\/ca\/nosaltres#primaryimage"},"image":{"@id":"https:\/\/sukipetfood.com\/ca\/nosaltres#primaryimage"},"thumbnailUrl":"https:\/\/sukipetfood.com\/wp-content\/uploads\/2025\/11\/perro-corgi-feliz-en-hierba.jpg","datePublished":"2023-01-24T10:45:24+00:00","dateModified":"2025-12-23T10:42:14+00:00","description":"Descubre todo lo que necesitas saber sobre Nosaltres . \u00a1Entra ahora para conocerlo todo al dealle en nuestra web!","breadcrumb":{"@id":"https:\/\/sukipetfood.com\/ca\/nosaltres#breadcrumb"},"inLanguage":"ca","potentialAction":[{"@type":"ReadAction","target":["https:\/\/sukipetfood.com\/ca\/nosaltres"]}]},{"@type":"ImageObject","inLanguage":"ca","@id":"https:\/\/sukipetfood.com\/ca\/nosaltres#primaryimage","url":"https:\/\/sukipetfood.com\/wp-content\/uploads\/2025\/11\/perro-corgi-feliz-en-hierba.jpg","contentUrl":"https:\/\/sukipetfood.com\/wp-content\/uploads\/2025\/11\/perro-corgi-feliz-en-hierba.jpg"},{"@type":"BreadcrumbList","@id":"https:\/\/sukipetfood.com\/ca\/nosaltres#breadcrumb","itemListElement":[{"@type":"ListItem","position":1,"name":"Portada","item":"https:\/\/sukipetfood.com\/"},{"@type":"ListItem","position":2,"name":"Nosaltres"}]},{"@type":"WebSite","@id":"https:\/\/sukipetfood.com\/#website","url":"https:\/\/sukipetfood.com\/","name":"SUKI Pet Food - Comida Natural de granja para perros y gatos","description":"Momentos que unen","publisher":{"@id":"https:\/\/sukipetfood.com\/#organization"},"potentialAction":[{"@type":"SearchAction","target":{"@type":"EntryPoint","urlTemplate":"https:\/\/sukipetfood.com\/?s={search_term_string}"},"query-input":{"@type":"PropertyValueSpecification","valueRequired":true,"valueName":"search_term_string"}}],"inLanguage":"ca"},{"@type":"Organization","@id":"https:\/\/sukipetfood.com\/#organization","name":"URGEL GANADERA SA","url":"https:\/\/sukipetfood.com\/","logo":{"@type":"ImageObject","inLanguage":"ca","@id":"https:\/\/sukipetfood.com\/#\/schema\/logo\/image\/","url":"https:\/\/sukipetfood.com\/wp-content\/uploads\/2025\/04\/logo-suki-en.png","contentUrl":"https:\/\/sukipetfood.com\/wp-content\/uploads\/2025\/04\/logo-suki-en.png","width":1824,"height":844,"caption":"URGEL GANADERA SA"},"image":{"@id":"https:\/\/sukipetfood.com\/#\/schema\/logo\/image\/"},"sameAs":["https:\/\/www.facebook.com\/people\/Suki-Pet-Foods\/61575507998720\/"]}]}},"_links":{"self":[{"href":"https:\/\/sukipetfood.com\/ca\/wp-json\/wp\/v2\/pages\/3067","targetHints":{"allow":["GET"]}}],"collection":[{"href":"https:\/\/sukipetfood.com\/ca\/wp-json\/wp\/v2\/pages"}],"about":[{"href":"https:\/\/sukipetfood.com\/ca\/wp-json\/wp\/v2\/types\/page"}],"author":[{"embeddable":true,"href":"https:\/\/sukipetfood.com\/ca\/wp-json\/wp\/v2\/users\/1"}],"replies":[{"embeddable":true,"href":"https:\/\/sukipetfood.com\/ca\/wp-json\/wp\/v2\/comments?post=3067"}],"version-history":[{"count":23,"href":"https:\/\/sukipetfood.com\/ca\/wp-json\/wp\/v2\/pages\/3067\/revisions"}],"predecessor-version":[{"id":5557,"href":"https:\/\/sukipetfood.com\/ca\/wp-json\/wp\/v2\/pages\/3067\/revisions\/5557"}],"wp:attachment":[{"href":"https:\/\/sukipetfood.com\/ca\/wp-json\/wp\/v2\/media?parent=3067"}],"curies":[{"name":"wp","href":"https:\/\/api.w.org\/{rel}","templated":true}]}}